{"id":7645,"date":"2017-08-21T15:18:02","date_gmt":"2017-08-21T18:18:02","guid":{"rendered":"https:\/\/carlapettersen.com.br\/tours\/"},"modified":"2019-03-30T17:37:19","modified_gmt":"2019-03-30T20:37:19","slug":"tours","status":"publish","type":"page","link":"https:\/\/carlapettersen.com.br\/es\/tours\/","title":{"rendered":"Tours"},"content":{"rendered":"<p>[vc_row][vc_column][vc_empty_space height=\u00bb35px\u00bb][vc_column_text]<\/p>\n<h2 style=\"text-align: center; color: #6d8f8f;\">Tours<\/h2>\n<p>[\/vc_column_text][vc_empty_space height=\u00bb20px\u00bb][\/vc_column][\/vc_row][vc_row css=\u00bb.vc_custom_1546561280745{padding-top: 40px !important;padding-bottom: 115px !important;}\u00bb][vc_column]<div class=\"mkdf-tours-list-holder mkdf-tours-row mkdf-tr-normal-space mkdf-has-label mkdf-tours-columns-3\">\n\t\t\t\n\t\t\n        <div class=\"mkdf-tours-list-holder-inner mkdf-tours-row-inner-holder\">\n\t\t\t<div class=\"mkdf-tours-list-grid-sizer\"><\/div>\n\t\t\t<div class=\"mkdf-tours-revealing-item mkdf-tours-row-item mkdf-tour-item-no-rating post-7692 tour-item type-tour-item status-publish has-post-thumbnail hentry\">\n\t\t\t<div class=\"mkdf-tours-revealing-item-image-holder\">\n\t\t\t\t\t\t\n\t\t\t<div class=\"mkdf-tours-revealing-item-image\">\n\t\t\t\t<img loading=\"lazy\" decoding=\"async\" width=\"753\" height=\"1100\" src=\"https:\/\/carlapettersen.com.br\/wp-content\/uploads\/2018\/09\/foto-principal.jpg\" class=\"attachment-full size-full wp-post-image\" alt=\"\" srcset=\"https:\/\/carlapettersen.com.br\/wp-content\/uploads\/2018\/09\/foto-principal.jpg 753w, https:\/\/carlapettersen.com.br\/wp-content\/uploads\/2018\/09\/foto-principal-205x300.jpg 205w, https:\/\/carlapettersen.com.br\/wp-content\/uploads\/2018\/09\/foto-principal-701x1024.jpg 701w, https:\/\/carlapettersen.com.br\/wp-content\/uploads\/2018\/09\/foto-principal-600x876.jpg 600w\" sizes=\"auto, (max-width: 753px) 100vw, 753px\" \/>\t\t\t\t\n\t\t\t\t<div class=\"mkdf-tours-revealing-item-content-holder\" >\n\t\t\t\t\t<div class=\"mkdf-tours-revealing-item-content-inner\">\n\t\t\t\t\t\t<div class=\"mkdf-tours-revealing-title-holder\">\n\t\t\t\t\t\t\t<h4 class=\"mkdf-tour-title\">\n\t\t\t\t\t\t\t\tTour de 4 horas\t\t\t\t\t\t\t<\/h4>\n\t\t\t\t\t\t\t<span class=\"mkdf-tours-revealing-item-price-holder\">\n\t\t\t\t\t\t\t\t\n\t\t<span class=\"mkdf-tours-price-holder\">\n\t\t\t\t\t\t\t\t<\/span>\n\n\t\t\t\t\t\t\t\t\t<\/span>\n\t\t\t\t\t\t<\/div>\n\t\t\t\t\t\t\t\t\t\t\t\t\t<div class=\"mkdf-tours-revealing-item-excerpt\">\n\t\t\t\t\t\t\t\t<div class=\"mkdf-tours-revealing-item-excerpt-inner\">\n\t\t\t\t\t\t\t\t\t[vc_row][vc_column][vc_column_text]Este paseo contiene los puntos tur\u00edsticos m\u00e1s interesantes de la ciudad, empezando por el centro hist\u00f3rico de\u00a0 San Pablo, donde se encuentran la Catedral da S\u00e9, el Pateo del Colegio (bajada), el Monasterio\u00a0 de San Benito , la Alcald\u00eda Municipal [&hellip;]\t\t\t\t\t\t\t\t<\/div>\n\t\t\t\t\t\t\t<\/div>\n\t\t\t\t\t\t\t\t\t\t\t<\/div>\n\t\t\t\t<\/div>\n\t\t\t<\/div>\n\t\t\t<a class=\"mkdf-tours-revealing-item-link\" href=\"https:\/\/carlapettersen.com.br\/es\/tour-item\/tour-de-4h\/\"><\/a>\n\t\t<\/div>\n\t<\/div><div class=\"mkdf-tours-revealing-item mkdf-tours-row-item mkdf-tour-item-no-rating post-7694 tour-item type-tour-item status-publish has-post-thumbnail hentry\">\n\t\t\t<div class=\"mkdf-tours-revealing-item-image-holder\">\n\t\t\t\t\t\t\n\t\t\t<div class=\"mkdf-tours-revealing-item-image\">\n\t\t\t\t<img loading=\"lazy\" decoding=\"async\" width=\"753\" height=\"1100\" src=\"https:\/\/carlapettersen.com.br\/wp-content\/uploads\/2018\/10\/foto-principal-2.jpg\" class=\"attachment-full size-full wp-post-image\" alt=\"\" srcset=\"https:\/\/carlapettersen.com.br\/wp-content\/uploads\/2018\/10\/foto-principal-2.jpg 753w, https:\/\/carlapettersen.com.br\/wp-content\/uploads\/2018\/10\/foto-principal-2-205x300.jpg 205w, https:\/\/carlapettersen.com.br\/wp-content\/uploads\/2018\/10\/foto-principal-2-701x1024.jpg 701w, https:\/\/carlapettersen.com.br\/wp-content\/uploads\/2018\/10\/foto-principal-2-600x876.jpg 600w\" sizes=\"auto, (max-width: 753px) 100vw, 753px\" \/>\t\t\t\t\n\t\t\t\t<div class=\"mkdf-tours-revealing-item-content-holder\" >\n\t\t\t\t\t<div class=\"mkdf-tours-revealing-item-content-inner\">\n\t\t\t\t\t\t<div class=\"mkdf-tours-revealing-title-holder\">\n\t\t\t\t\t\t\t<h4 class=\"mkdf-tour-title\">\n\t\t\t\t\t\t\t\tTour de 6 Horas\t\t\t\t\t\t\t<\/h4>\n\t\t\t\t\t\t\t<span class=\"mkdf-tours-revealing-item-price-holder\">\n\t\t\t\t\t\t\t\t\n\t\t<span class=\"mkdf-tours-price-holder\">\n\t\t\t\t\t\t\t\t<\/span>\n\n\t\t\t\t\t\t\t\t\t<\/span>\n\t\t\t\t\t\t<\/div>\n\t\t\t\t\t\t\t\t\t\t\t\t\t<div class=\"mkdf-tours-revealing-item-excerpt\">\n\t\t\t\t\t\t\t\t<div class=\"mkdf-tours-revealing-item-excerpt-inner\">\n\t\t\t\t\t\t\t\t\t[vc_row][vc_column][vc_column_text]Este paseo de media duraci\u00f3n comienza por el Centro Hist\u00f3rico, donde se encuentran la Catedral de la Se , el Pateo del Colegio(bajada)el Monasterio de SAN BENITO, la Alcald\u00eda Municipal, el Teatro Municipal, la Plaza de la Republica, la Estaci\u00f3n [&hellip;]\t\t\t\t\t\t\t\t<\/div>\n\t\t\t\t\t\t\t<\/div>\n\t\t\t\t\t\t\t\t\t\t\t<\/div>\n\t\t\t\t<\/div>\n\t\t\t<\/div>\n\t\t\t<a class=\"mkdf-tours-revealing-item-link\" href=\"https:\/\/carlapettersen.com.br\/es\/tour-item\/tour-de-6h\/\"><\/a>\n\t\t<\/div>\n\t<\/div><div class=\"mkdf-tours-revealing-item mkdf-tours-row-item mkdf-tour-item-no-rating post-7696 tour-item type-tour-item status-publish has-post-thumbnail hentry\">\n\t\t\t<div class=\"mkdf-tours-revealing-item-image-holder\">\n\t\t\t\t\t\t\n\t\t\t<div class=\"mkdf-tours-revealing-item-image\">\n\t\t\t\t<img loading=\"lazy\" decoding=\"async\" width=\"753\" height=\"1100\" src=\"https:\/\/carlapettersen.com.br\/wp-content\/uploads\/2018\/10\/foto-principal-1.jpg\" class=\"attachment-full size-full wp-post-image\" alt=\"\" srcset=\"https:\/\/carlapettersen.com.br\/wp-content\/uploads\/2018\/10\/foto-principal-1.jpg 753w, https:\/\/carlapettersen.com.br\/wp-content\/uploads\/2018\/10\/foto-principal-1-205x300.jpg 205w, https:\/\/carlapettersen.com.br\/wp-content\/uploads\/2018\/10\/foto-principal-1-701x1024.jpg 701w, https:\/\/carlapettersen.com.br\/wp-content\/uploads\/2018\/10\/foto-principal-1-600x876.jpg 600w\" sizes=\"auto, (max-width: 753px) 100vw, 753px\" \/>\t\t\t\t\n\t\t\t\t<div class=\"mkdf-tours-revealing-item-content-holder\" >\n\t\t\t\t\t<div class=\"mkdf-tours-revealing-item-content-inner\">\n\t\t\t\t\t\t<div class=\"mkdf-tours-revealing-title-holder\">\n\t\t\t\t\t\t\t<h4 class=\"mkdf-tour-title\">\n\t\t\t\t\t\t\t\tTour de 8 Horas\t\t\t\t\t\t\t<\/h4>\n\t\t\t\t\t\t\t<span class=\"mkdf-tours-revealing-item-price-holder\">\n\t\t\t\t\t\t\t\t\n\t\t<span class=\"mkdf-tours-price-holder\">\n\t\t\t\t\t\t\t\t<\/span>\n\n\t\t\t\t\t\t\t\t\t<\/span>\n\t\t\t\t\t\t<\/div>\n\t\t\t\t\t\t\t\t\t\t\t\t\t<div class=\"mkdf-tours-revealing-item-excerpt\">\n\t\t\t\t\t\t\t\t<div class=\"mkdf-tours-revealing-item-excerpt-inner\">\n\t\t\t\t\t\t\t\t\t[vc_row][vc_column][vc_column_text]Este paseo de d\u00eda entero muestra al visitante los puntos tur\u00edsticos m\u00e1s interesantes de la ciudad, empezando por el Centro Hist\u00f3rico de San Pablo, donde se encuentran la Catedral de la Se, el Pateo del Colegio (bajada),el Monasterio de San [&hellip;]\t\t\t\t\t\t\t\t<\/div>\n\t\t\t\t\t\t\t<\/div>\n\t\t\t\t\t\t\t\t\t\t\t<\/div>\n\t\t\t\t<\/div>\n\t\t\t<\/div>\n\t\t\t<a class=\"mkdf-tours-revealing-item-link\" href=\"https:\/\/carlapettersen.com.br\/es\/tour-item\/tour-de-8h\/\"><\/a>\n\t\t<\/div>\n\t<\/div><div class=\"mkdf-tours-revealing-item mkdf-tours-row-item mkdf-tour-item-no-rating post-7698 tour-item type-tour-item status-publish has-post-thumbnail hentry\">\n\t\t\t<div class=\"mkdf-tours-revealing-item-image-holder\">\n\t\t\t\t\t\t\n\t\t\t<div class=\"mkdf-tours-revealing-item-image\">\n\t\t\t\t<img loading=\"lazy\" decoding=\"async\" width=\"753\" height=\"1100\" src=\"https:\/\/carlapettersen.com.br\/wp-content\/uploads\/2018\/10\/embu-das-artes-753-1100.jpg\" class=\"attachment-full size-full wp-post-image\" alt=\"\" srcset=\"https:\/\/carlapettersen.com.br\/wp-content\/uploads\/2018\/10\/embu-das-artes-753-1100.jpg 753w, https:\/\/carlapettersen.com.br\/wp-content\/uploads\/2018\/10\/embu-das-artes-753-1100-205x300.jpg 205w, https:\/\/carlapettersen.com.br\/wp-content\/uploads\/2018\/10\/embu-das-artes-753-1100-701x1024.jpg 701w, https:\/\/carlapettersen.com.br\/wp-content\/uploads\/2018\/10\/embu-das-artes-753-1100-600x876.jpg 600w\" sizes=\"auto, (max-width: 753px) 100vw, 753px\" \/>\t\t\t\t\n\t\t\t\t<div class=\"mkdf-tours-revealing-item-content-holder\" >\n\t\t\t\t\t<div class=\"mkdf-tours-revealing-item-content-inner\">\n\t\t\t\t\t\t<div class=\"mkdf-tours-revealing-title-holder\">\n\t\t\t\t\t\t\t<h4 class=\"mkdf-tour-title\">\n\t\t\t\t\t\t\t\tTour Embu das Artes\t\t\t\t\t\t\t<\/h4>\n\t\t\t\t\t\t\t<span class=\"mkdf-tours-revealing-item-price-holder\">\n\t\t\t\t\t\t\t\t\n\t\t<span class=\"mkdf-tours-price-holder\">\n\t\t\t\t\t\t\t\t<\/span>\n\n\t\t\t\t\t\t\t\t\t<\/span>\n\t\t\t\t\t\t<\/div>\n\t\t\t\t\t\t\t\t\t\t\t\t\t<div class=\"mkdf-tours-revealing-item-excerpt\">\n\t\t\t\t\t\t\t\t<div class=\"mkdf-tours-revealing-item-excerpt-inner\">\n\t\t\t\t\t\t\t\t\t[vc_row][vc_column][vc_column_text]Hasta el siglo XVI, la regi\u00f3n era habitada por indios tupiniquins. En 1554 un grupo de jesuitas fund\u00f3 la aldea de Bohi , despu\u00e9s M\u2019Boy Mirim , a medio camino del mar y del desierto paulista. Como todas las misiones [&hellip;]\t\t\t\t\t\t\t\t<\/div>\n\t\t\t\t\t\t\t<\/div>\n\t\t\t\t\t\t\t\t\t\t\t<\/div>\n\t\t\t\t<\/div>\n\t\t\t<\/div>\n\t\t\t<a class=\"mkdf-tours-revealing-item-link\" href=\"https:\/\/carlapettersen.com.br\/es\/tour-item\/tour-embu-das-artes\/\"><\/a>\n\t\t<\/div>\n\t<\/div><div class=\"mkdf-tours-revealing-item mkdf-tours-row-item mkdf-tour-item-no-rating post-7700 tour-item type-tour-item status-publish has-post-thumbnail hentry\">\n\t\t\t<div class=\"mkdf-tours-revealing-item-image-holder\">\n\t\t\t\t\t\t\n\t\t\t<div class=\"mkdf-tours-revealing-item-image\">\n\t\t\t\t<img loading=\"lazy\" decoding=\"async\" width=\"753\" height=\"1100\" src=\"https:\/\/carlapettersen.com.br\/wp-content\/uploads\/2018\/10\/arte-de-rua-1-753-1100.jpg\" class=\"attachment-full size-full wp-post-image\" alt=\"\" srcset=\"https:\/\/carlapettersen.com.br\/wp-content\/uploads\/2018\/10\/arte-de-rua-1-753-1100.jpg 753w, https:\/\/carlapettersen.com.br\/wp-content\/uploads\/2018\/10\/arte-de-rua-1-753-1100-205x300.jpg 205w, https:\/\/carlapettersen.com.br\/wp-content\/uploads\/2018\/10\/arte-de-rua-1-753-1100-701x1024.jpg 701w, https:\/\/carlapettersen.com.br\/wp-content\/uploads\/2018\/10\/arte-de-rua-1-753-1100-600x876.jpg 600w\" sizes=\"auto, (max-width: 753px) 100vw, 753px\" \/>\t\t\t\t\n\t\t\t\t<div class=\"mkdf-tours-revealing-item-content-holder\" >\n\t\t\t\t\t<div class=\"mkdf-tours-revealing-item-content-inner\">\n\t\t\t\t\t\t<div class=\"mkdf-tours-revealing-title-holder\">\n\t\t\t\t\t\t\t<h4 class=\"mkdf-tour-title\">\n\t\t\t\t\t\t\t\tTour Street Art\t\t\t\t\t\t\t<\/h4>\n\t\t\t\t\t\t\t<span class=\"mkdf-tours-revealing-item-price-holder\">\n\t\t\t\t\t\t\t\t\n\t\t<span class=\"mkdf-tours-price-holder\">\n\t\t\t\t\t\t\t\t<\/span>\n\n\t\t\t\t\t\t\t\t\t<\/span>\n\t\t\t\t\t\t<\/div>\n\t\t\t\t\t\t\t\t\t\t\t\t\t<div class=\"mkdf-tours-revealing-item-excerpt\">\n\t\t\t\t\t\t\t\t<div class=\"mkdf-tours-revealing-item-excerpt-inner\">\n\t\t\t\t\t\t\t\t\t[vc_row][vc_column][vc_column_text]Sao Paulo, ciudad de innumerables talentos creativos, comenz\u00f3 a ganar el colorido de los grafitis en los a\u00f1os 80. Y hoy , muchos de sus artistas son reconocidos internacionalmente, atraen visitantes a procura de sus obras, y se encantan con [&hellip;]\t\t\t\t\t\t\t\t<\/div>\n\t\t\t\t\t\t\t<\/div>\n\t\t\t\t\t\t\t\t\t\t\t<\/div>\n\t\t\t\t<\/div>\n\t\t\t<\/div>\n\t\t\t<a class=\"mkdf-tours-revealing-item-link\" href=\"https:\/\/carlapettersen.com.br\/es\/tour-item\/tour-street-art\/\"><\/a>\n\t\t<\/div>\n\t<\/div><div class=\"mkdf-tours-revealing-item mkdf-tours-row-item mkdf-tour-item-no-rating post-7701 tour-item type-tour-item status-publish has-post-thumbnail hentry\">\n\t\t\t<div class=\"mkdf-tours-revealing-item-image-holder\">\n\t\t\t\t\t\t\n\t\t\t<div class=\"mkdf-tours-revealing-item-image\">\n\t\t\t\t<img loading=\"lazy\" decoding=\"async\" width=\"753\" height=\"1100\" src=\"https:\/\/carlapettersen.com.br\/wp-content\/uploads\/2018\/10\/foto-principal.jpg\" class=\"attachment-full size-full wp-post-image\" alt=\"\" srcset=\"https:\/\/carlapettersen.com.br\/wp-content\/uploads\/2018\/10\/foto-principal.jpg 753w, https:\/\/carlapettersen.com.br\/wp-content\/uploads\/2018\/10\/foto-principal-205x300.jpg 205w, https:\/\/carlapettersen.com.br\/wp-content\/uploads\/2018\/10\/foto-principal-701x1024.jpg 701w, https:\/\/carlapettersen.com.br\/wp-content\/uploads\/2018\/10\/foto-principal-600x876.jpg 600w\" sizes=\"auto, (max-width: 753px) 100vw, 753px\" \/>\t\t\t\t\n\t\t\t\t<div class=\"mkdf-tours-revealing-item-content-holder\" >\n\t\t\t\t\t<div class=\"mkdf-tours-revealing-item-content-inner\">\n\t\t\t\t\t\t<div class=\"mkdf-tours-revealing-title-holder\">\n\t\t\t\t\t\t\t<h4 class=\"mkdf-tour-title\">\n\t\t\t\t\t\t\t\tTour Arquitectura\t\t\t\t\t\t\t<\/h4>\n\t\t\t\t\t\t\t<span class=\"mkdf-tours-revealing-item-price-holder\">\n\t\t\t\t\t\t\t\t\n\t\t<span class=\"mkdf-tours-price-holder\">\n\t\t\t\t\t\t\t\t<\/span>\n\n\t\t\t\t\t\t\t\t\t<\/span>\n\t\t\t\t\t\t<\/div>\n\t\t\t\t\t\t\t\t\t\t\t\t\t<div class=\"mkdf-tours-revealing-item-excerpt\">\n\t\t\t\t\t\t\t\t<div class=\"mkdf-tours-revealing-item-excerpt-inner\">\n\t\t\t\t\t\t\t\t\t[vc_row][vc_column][vc_column_text]Comenzamos el tour visitando la parte externa del MASP, Museo de Arte de S\u00e3o Paulo, que \u00e9s el m\u00e1s importante de America Latina y obra ic\u00f3nica hecha por Lina Bo Bardi. Seguimos para el Parque Ibirapuera y despu\u00e9s para el [&hellip;]\t\t\t\t\t\t\t\t<\/div>\n\t\t\t\t\t\t\t<\/div>\n\t\t\t\t\t\t\t\t\t\t\t<\/div>\n\t\t\t\t<\/div>\n\t\t\t<\/div>\n\t\t\t<a class=\"mkdf-tours-revealing-item-link\" href=\"https:\/\/carlapettersen.com.br\/es\/tour-item\/tour-de-arquitetura\/\"><\/a>\n\t\t<\/div>\n\t<\/div><div class=\"mkdf-tours-revealing-item mkdf-tours-row-item mkdf-tour-item-no-rating post-7703 tour-item type-tour-item status-publish has-post-thumbnail hentry\">\n\t\t\t<div class=\"mkdf-tours-revealing-item-image-holder\">\n\t\t\t\t\t\t\n\t\t\t<div class=\"mkdf-tours-revealing-item-image\">\n\t\t\t\t<img loading=\"lazy\" decoding=\"async\" width=\"753\" height=\"1100\" src=\"https:\/\/carlapettersen.com.br\/wp-content\/uploads\/2018\/10\/santos-753-1100.jpg\" class=\"attachment-full size-full wp-post-image\" alt=\"\" srcset=\"https:\/\/carlapettersen.com.br\/wp-content\/uploads\/2018\/10\/santos-753-1100.jpg 753w, https:\/\/carlapettersen.com.br\/wp-content\/uploads\/2018\/10\/santos-753-1100-205x300.jpg 205w, https:\/\/carlapettersen.com.br\/wp-content\/uploads\/2018\/10\/santos-753-1100-701x1024.jpg 701w, https:\/\/carlapettersen.com.br\/wp-content\/uploads\/2018\/10\/santos-753-1100-600x876.jpg 600w\" sizes=\"auto, (max-width: 753px) 100vw, 753px\" \/>\t\t\t\t\n\t\t\t\t<div class=\"mkdf-tours-revealing-item-content-holder\" >\n\t\t\t\t\t<div class=\"mkdf-tours-revealing-item-content-inner\">\n\t\t\t\t\t\t<div class=\"mkdf-tours-revealing-title-holder\">\n\t\t\t\t\t\t\t<h4 class=\"mkdf-tour-title\">\n\t\t\t\t\t\t\t\tTour  Santos y Guaruja\t\t\t\t\t\t\t<\/h4>\n\t\t\t\t\t\t\t<span class=\"mkdf-tours-revealing-item-price-holder\">\n\t\t\t\t\t\t\t\t\n\t\t<span class=\"mkdf-tours-price-holder\">\n\t\t\t\t\t\t\t\t<\/span>\n\n\t\t\t\t\t\t\t\t\t<\/span>\n\t\t\t\t\t\t<\/div>\n\t\t\t\t\t\t\t\t\t\t\t\t\t<div class=\"mkdf-tours-revealing-item-excerpt\">\n\t\t\t\t\t\t\t\t<div class=\"mkdf-tours-revealing-item-excerpt-inner\">\n\t\t\t\t\t\t\t\t\t[vc_row][vc_column][vc_column_text]Conozca la ciudad de Santos y sus playas inolvidables \u00a1 El comienzo del paseo se hace embarcando en tranv\u00eda, que tiene capacidad para 45 pasajeros por viaje, y se hace en 4 minutos. Durante el trayecto es posible observar el [&hellip;]\t\t\t\t\t\t\t\t<\/div>\n\t\t\t\t\t\t\t<\/div>\n\t\t\t\t\t\t\t\t\t\t\t<\/div>\n\t\t\t\t<\/div>\n\t\t\t<\/div>\n\t\t\t<a class=\"mkdf-tours-revealing-item-link\" href=\"https:\/\/carlapettersen.com.br\/es\/tour-item\/tour-de-santos-e-guaruja\/\"><\/a>\n\t\t<\/div>\n\t<\/div><div class=\"mkdf-tours-revealing-item mkdf-tours-row-item mkdf-tour-item-no-rating post-7704 tour-item type-tour-item status-publish has-post-thumbnail hentry\">\n\t\t\t<div class=\"mkdf-tours-revealing-item-image-holder\">\n\t\t\t\t\t\t\n\t\t\t<div class=\"mkdf-tours-revealing-item-image\">\n\t\t\t\t<img loading=\"lazy\" decoding=\"async\" width=\"753\" height=\"1100\" src=\"https:\/\/carlapettersen.com.br\/wp-content\/uploads\/2018\/10\/futebol-753-1100.jpg\" class=\"attachment-full size-full wp-post-image\" alt=\"\" srcset=\"https:\/\/carlapettersen.com.br\/wp-content\/uploads\/2018\/10\/futebol-753-1100.jpg 753w, https:\/\/carlapettersen.com.br\/wp-content\/uploads\/2018\/10\/futebol-753-1100-205x300.jpg 205w, https:\/\/carlapettersen.com.br\/wp-content\/uploads\/2018\/10\/futebol-753-1100-701x1024.jpg 701w, https:\/\/carlapettersen.com.br\/wp-content\/uploads\/2018\/10\/futebol-753-1100-600x876.jpg 600w\" sizes=\"auto, (max-width: 753px) 100vw, 753px\" \/>\t\t\t\t\n\t\t\t\t<div class=\"mkdf-tours-revealing-item-content-holder\" >\n\t\t\t\t\t<div class=\"mkdf-tours-revealing-item-content-inner\">\n\t\t\t\t\t\t<div class=\"mkdf-tours-revealing-title-holder\">\n\t\t\t\t\t\t\t<h4 class=\"mkdf-tour-title\">\n\t\t\t\t\t\t\t\tTour de F\u00fatbol\t\t\t\t\t\t\t<\/h4>\n\t\t\t\t\t\t\t<span class=\"mkdf-tours-revealing-item-price-holder\">\n\t\t\t\t\t\t\t\t\n\t\t<span class=\"mkdf-tours-price-holder\">\n\t\t\t\t\t\t\t\t<\/span>\n\n\t\t\t\t\t\t\t\t\t<\/span>\n\t\t\t\t\t\t<\/div>\n\t\t\t\t\t\t\t\t\t\t\t\t\t<div class=\"mkdf-tours-revealing-item-excerpt\">\n\t\t\t\t\t\t\t\t<div class=\"mkdf-tours-revealing-item-excerpt-inner\">\n\t\t\t\t\t\t\t\t\t[vc_row][vc_column][vc_column_text]Visita guiada al Estadio del Morumbi y al Museo de F\u00fatbol, ubicado en el Estadio Pacaembu. El Morumbi Tour es\u00a0 uno paseo por el estadio del S\u00e3o Paulo F\u00fatbol Club. Un trayecto que se hace con gu\u00eda entrenado para\u00a0 contar [&hellip;]\t\t\t\t\t\t\t\t<\/div>\n\t\t\t\t\t\t\t<\/div>\n\t\t\t\t\t\t\t\t\t\t\t<\/div>\n\t\t\t\t<\/div>\n\t\t\t<\/div>\n\t\t\t<a class=\"mkdf-tours-revealing-item-link\" href=\"https:\/\/carlapettersen.com.br\/es\/tour-item\/tour-de-futebol\/\"><\/a>\n\t\t<\/div>\n\t<\/div><div class=\"mkdf-tours-revealing-item mkdf-tours-row-item mkdf-tour-item-no-rating post-7905 tour-item type-tour-item status-publish has-post-thumbnail hentry\">\n\t\t\t<div class=\"mkdf-tours-revealing-item-image-holder\">\n\t\t\t\t\t\t\n\t\t\t<div class=\"mkdf-tours-revealing-item-image\">\n\t\t\t\t<img loading=\"lazy\" decoding=\"async\" width=\"753\" height=\"1100\" src=\"https:\/\/carlapettersen.com.br\/wp-content\/uploads\/2018\/09\/foto-principal-2.jpg\" class=\"attachment-full size-full wp-post-image\" alt=\"\" srcset=\"https:\/\/carlapettersen.com.br\/wp-content\/uploads\/2018\/09\/foto-principal-2.jpg 753w, https:\/\/carlapettersen.com.br\/wp-content\/uploads\/2018\/09\/foto-principal-2-205x300.jpg 205w, https:\/\/carlapettersen.com.br\/wp-content\/uploads\/2018\/09\/foto-principal-2-701x1024.jpg 701w, https:\/\/carlapettersen.com.br\/wp-content\/uploads\/2018\/09\/foto-principal-2-600x876.jpg 600w\" sizes=\"auto, (max-width: 753px) 100vw, 753px\" \/>\t\t\t\t\n\t\t\t\t<div class=\"mkdf-tours-revealing-item-content-holder\" >\n\t\t\t\t\t<div class=\"mkdf-tours-revealing-item-content-inner\">\n\t\t\t\t\t\t<div class=\"mkdf-tours-revealing-title-holder\">\n\t\t\t\t\t\t\t<h4 class=\"mkdf-tour-title\">\n\t\t\t\t\t\t\t\tTour  Gastron\u00f3mico\t\t\t\t\t\t\t<\/h4>\n\t\t\t\t\t\t\t<span class=\"mkdf-tours-revealing-item-price-holder\">\n\t\t\t\t\t\t\t\t\n\t\t<span class=\"mkdf-tours-price-holder\">\n\t\t\t\t\t\t\t\t<\/span>\n\n\t\t\t\t\t\t\t\t\t<\/span>\n\t\t\t\t\t\t<\/div>\n\t\t\t\t\t\t\t\t\t\t\t\t\t<div class=\"mkdf-tours-revealing-item-excerpt\">\n\t\t\t\t\t\t\t\t<div class=\"mkdf-tours-revealing-item-excerpt-inner\">\n\t\t\t\t\t\t\t\t\t[vc_row][vc_column][vc_column_text] La ciudad de San Pablo es considerada una de las m\u00e1s cosmopolita del mundo, y ese hecho tambi\u00e9n refleja en la gastronom\u00eda de la tierra de la llovizna, que es variada de colores y literalmente para todas las calidad [&hellip;]\t\t\t\t\t\t\t\t<\/div>\n\t\t\t\t\t\t\t<\/div>\n\t\t\t\t\t\t\t\t\t\t\t<\/div>\n\t\t\t\t<\/div>\n\t\t\t<\/div>\n\t\t\t<a class=\"mkdf-tours-revealing-item-link\" href=\"https:\/\/carlapettersen.com.br\/es\/tour-item\/tour-gastronomico\/\"><\/a>\n\t\t<\/div>\n\t<\/div><div class=\"mkdf-tours-revealing-item mkdf-tours-row-item mkdf-tour-item-no-rating post-7907 tour-item type-tour-item status-publish has-post-thumbnail hentry\">\n\t\t\t<div class=\"mkdf-tours-revealing-item-image-holder\">\n\t\t\t\t\t\t\n\t\t\t<div class=\"mkdf-tours-revealing-item-image\">\n\t\t\t\t<img loading=\"lazy\" decoding=\"async\" width=\"753\" height=\"1100\" src=\"https:\/\/carlapettersen.com.br\/wp-content\/uploads\/2018\/09\/foto-principal-1.jpg\" class=\"attachment-full size-full wp-post-image\" alt=\"\" srcset=\"https:\/\/carlapettersen.com.br\/wp-content\/uploads\/2018\/09\/foto-principal-1.jpg 753w, https:\/\/carlapettersen.com.br\/wp-content\/uploads\/2018\/09\/foto-principal-1-205x300.jpg 205w, https:\/\/carlapettersen.com.br\/wp-content\/uploads\/2018\/09\/foto-principal-1-701x1024.jpg 701w, https:\/\/carlapettersen.com.br\/wp-content\/uploads\/2018\/09\/foto-principal-1-600x876.jpg 600w\" sizes=\"auto, (max-width: 753px) 100vw, 753px\" \/>\t\t\t\t\n\t\t\t\t<div class=\"mkdf-tours-revealing-item-content-holder\" >\n\t\t\t\t\t<div class=\"mkdf-tours-revealing-item-content-inner\">\n\t\t\t\t\t\t<div class=\"mkdf-tours-revealing-title-holder\">\n\t\t\t\t\t\t\t<h4 class=\"mkdf-tour-title\">\n\t\t\t\t\t\t\t\tTour Cantareira\t\t\t\t\t\t\t<\/h4>\n\t\t\t\t\t\t\t<span class=\"mkdf-tours-revealing-item-price-holder\">\n\t\t\t\t\t\t\t\t\n\t\t<span class=\"mkdf-tours-price-holder\">\n\t\t\t\t\t\t\t\t<\/span>\n\n\t\t\t\t\t\t\t\t\t<\/span>\n\t\t\t\t\t\t<\/div>\n\t\t\t\t\t\t\t\t\t\t\t\t\t<div class=\"mkdf-tours-revealing-item-excerpt\">\n\t\t\t\t\t\t\t\t<div class=\"mkdf-tours-revealing-item-excerpt-inner\">\n\t\t\t\t\t\t\t\t\t[vc_row][vc_column][vc_column_text] Es verdad que San Pablo es una selva de piedra y una de las ciudades m\u00e1s cosmopolitas del mundo, sin embargo en el extremo norte,sur y oeste de la capital todav\u00eda existe un poco de la floresta atl\u00e1ntica mantenida [&hellip;]\t\t\t\t\t\t\t\t<\/div>\n\t\t\t\t\t\t\t<\/div>\n\t\t\t\t\t\t\t\t\t\t\t<\/div>\n\t\t\t\t<\/div>\n\t\t\t<\/div>\n\t\t\t<a class=\"mkdf-tours-revealing-item-link\" href=\"https:\/\/carlapettersen.com.br\/es\/tour-item\/tour-cantareira\/\"><\/a>\n\t\t<\/div>\n\t<\/div><div class=\"mkdf-tours-revealing-item mkdf-tours-row-item mkdf-tour-item-no-rating post-7912 tour-item type-tour-item status-publish has-post-thumbnail hentry\">\n\t\t\t<div class=\"mkdf-tours-revealing-item-image-holder\">\n\t\t\t\t\t\t\n\t\t\t<div class=\"mkdf-tours-revealing-item-image\">\n\t\t\t\t<img loading=\"lazy\" decoding=\"async\" width=\"753\" height=\"1100\" src=\"https:\/\/carlapettersen.com.br\/wp-content\/uploads\/2018\/10\/foto-principal-3.jpg\" class=\"attachment-full size-full wp-post-image\" alt=\"\" srcset=\"https:\/\/carlapettersen.com.br\/wp-content\/uploads\/2018\/10\/foto-principal-3.jpg 753w, https:\/\/carlapettersen.com.br\/wp-content\/uploads\/2018\/10\/foto-principal-3-205x300.jpg 205w, https:\/\/carlapettersen.com.br\/wp-content\/uploads\/2018\/10\/foto-principal-3-701x1024.jpg 701w, https:\/\/carlapettersen.com.br\/wp-content\/uploads\/2018\/10\/foto-principal-3-600x876.jpg 600w\" sizes=\"auto, (max-width: 753px) 100vw, 753px\" \/>\t\t\t\t\n\t\t\t\t<div class=\"mkdf-tours-revealing-item-content-holder\" >\n\t\t\t\t\t<div class=\"mkdf-tours-revealing-item-content-inner\">\n\t\t\t\t\t\t<div class=\"mkdf-tours-revealing-title-holder\">\n\t\t\t\t\t\t\t<h4 class=\"mkdf-tour-title\">\n\t\t\t\t\t\t\t\tTour Caf\u00e9\t\t\t\t\t\t\t<\/h4>\n\t\t\t\t\t\t\t<span class=\"mkdf-tours-revealing-item-price-holder\">\n\t\t\t\t\t\t\t\t\n\t\t<span class=\"mkdf-tours-price-holder\">\n\t\t\t\t\t\t\t\t<\/span>\n\n\t\t\t\t\t\t\t\t\t<\/span>\n\t\t\t\t\t\t<\/div>\n\t\t\t\t\t\t\t\t\t\t\t\t\t<div class=\"mkdf-tours-revealing-item-excerpt\">\n\t\t\t\t\t\t\t\t<div class=\"mkdf-tours-revealing-item-excerpt-inner\">\n\t\t\t\t\t\t\t\t\t[vc_row][vc_column][vc_column_text] Durante la historia del estado de San Pablo , las haciendas de caf\u00e9 siempre estuvieron presentes y la exportaci\u00f3n del grano genero gran prosperidad durante esa \u00e9poca, hasta hoy el estado tiene varias haciendas de caf\u00e9, que cuentan sobre [&hellip;]\t\t\t\t\t\t\t\t<\/div>\n\t\t\t\t\t\t\t<\/div>\n\t\t\t\t\t\t\t\t\t\t\t<\/div>\n\t\t\t\t<\/div>\n\t\t\t<\/div>\n\t\t\t<a class=\"mkdf-tours-revealing-item-link\" href=\"https:\/\/carlapettersen.com.br\/es\/tour-item\/tour-cafe\/\"><\/a>\n\t\t<\/div>\n\t<\/div>\t\t<\/div>\n\n\t\t\n\n\t\t<\/div>[\/vc_column][\/vc_row]<\/p>\n","protected":false},"excerpt":{"rendered":"<p>[vc_row][vc_column][vc_empty_space height=\u00bb35px\u00bb][vc_column_text] Tours [\/vc_column_text][vc_empty_space height=\u00bb20px\u00bb][\/vc_column][\/vc_row][vc_row css=\u00bb.vc_custom_1546561280745{padding-top: 40px !important;padding-bottom: 115px !important;}\u00bb][vc_column][\/vc_column][\/vc_row]<\/p>\n","protected":false},"author":1,"featured_media":0,"parent":0,"menu_order":0,"comment_status":"closed","ping_status":"closed","template":"","meta":{"footnotes":""},"class_list":["post-7645","page","type-page","status-publish","hentry"],"_links":{"self":[{"href":"https:\/\/carlapettersen.com.br\/es\/wp-json\/wp\/v2\/pages\/7645","targetHints":{"allow":["GET"]}}],"collection":[{"href":"https:\/\/carlapettersen.com.br\/es\/wp-json\/wp\/v2\/pages"}],"about":[{"href":"https:\/\/carlapettersen.com.br\/es\/wp-json\/wp\/v2\/types\/page"}],"author":[{"embeddable":true,"href":"https:\/\/carlapettersen.com.br\/es\/wp-json\/wp\/v2\/users\/1"}],"replies":[{"embeddable":true,"href":"https:\/\/carlapettersen.com.br\/es\/wp-json\/wp\/v2\/comments?post=7645"}],"version-history":[{"count":0,"href":"https:\/\/carlapettersen.com.br\/es\/wp-json\/wp\/v2\/pages\/7645\/revisions"}],"wp:attachment":[{"href":"https:\/\/carlapettersen.com.br\/es\/wp-json\/wp\/v2\/media?parent=7645"}],"curies":[{"name":"wp","href":"https:\/\/api.w.org\/{rel}","templated":true}]}}