{"id":6882,"date":"2017-08-07T13:02:07","date_gmt":"2017-08-07T16:02:07","guid":{"rendered":"https:\/\/carlapettersen.com.br\/sobre\/"},"modified":"2019-05-09T05:43:53","modified_gmt":"2019-05-09T08:43:53","slug":"sobre","status":"publish","type":"page","link":"https:\/\/carlapettersen.com.br\/fr\/a-propos","title":{"rendered":"\u00c0 Propos"},"content":{"rendered":"<p>[vc_row][vc_column][vc_empty_space height=\u00a0\u00bb35px\u00a0\u00bb][vc_column_text]<\/p>\n<h2 style=\"text-align: center; color: #6d8f8f;\">\u00c0 Propos<\/h2>\n<p>[\/vc_column_text][vc_empty_space height=\u00a0\u00bb35px\u00a0\u00bb][\/vc_column][\/vc_row][vc_row css=\u00a0\u00bb.vc_custom_1539640051128{padding-top: 25px !important;}\u00a0\u00bb][vc_column width=\u00a0\u00bb1\/2&Prime;][vc_empty_space height=\u00a0\u00bb10px\u00a0\u00bb][vc_column_text]<\/p>\n<h2 style=\"color: #6d8f8f;\">Carla Labanca<\/h2>\n<p>[\/vc_column_text][vc_column_text]<\/p>\n<p style=\"text-align: justify;\">Depuis son enfance, elle a toujours \u00e9t\u00e9 s\u00e9duite par les histoires et les cultures de diff\u00e9rents endroits. Par la suite, son grand amour du tourisme l&rsquo;a amen\u00e9e \u00e0 d\u00e9couvrir sa v\u00e9ritable vocation.<\/p>\n<p style=\"text-align: justify;\">Carla Labanca Pettersen a \u00e9t\u00e9 agr\u00e9\u00e9e il y a 16 ans par Embratur et elle est guide touristique r\u00e9gional \/ national et sud-am\u00e9ricain (sp\u00e9cialis\u00e9 \u00e0 S\u00e3o Paulo), elle a \u00e9tudi\u00e9 4 langues: anglais, fran\u00e7ais, espagnol et italien.<\/p>\n<p style=\"text-align: justify;\">Toujours extr\u00eamement communicative, amicale et avec un esprit jeune elle aime travailler avec les gens et se sent vivante, renouvel\u00e9e et combl\u00e9e en partageant des lieux et des exp\u00e9riences uniques avec tous ses clients.<\/p>\n<p style=\"text-align: justify;\">Passionn\u00e9e par S\u00e3o Paulo, elle a d\u00e9cid\u00e9 de se sp\u00e9cialiser dans cette ville incroyable. Elle travaille avec un tourisme r\u00e9ceptif aupr\u00e8s de clients qui recherchent une exp\u00e9rience personnalis\u00e9e et extraordinairement VIP, en leur faisant d\u00e9couvrir des monuments historiques, architecturaux et urbains que seule la ville de S\u00e3o Paulo puisse offrir.<\/p>\n<p style=\"text-align: justify;\">Dipl\u00f4m\u00e9e en administration d&rsquo;entreprise \u00e0 la Faculdade FAAP &#8211; S\u00e3o Paulo et interpr\u00e8te de conf\u00e9rence \u00e0 la Faculdade PUC &#8211; S\u00e3o Paulo, elle est entr\u00e9e sur le march\u00e9 financier o\u00f9 elle a travaill\u00e9 pendant quelques ann\u00e9es. R\u00e9alisant que sa carri\u00e8re stagnait, elle a d\u00e9cid\u00e9 de partir en Europe dans les ann\u00e9es 90. C&rsquo;est \u00e0 partir de l\u00e0 qu&rsquo;elle a commenc\u00e9 sa recherche de renouveau et de connaissances \u00e0 travers le monde et ne s&rsquo;est plus jamais arr\u00eat\u00e9e.<\/p>\n<p style=\"text-align: justify;\">Avec sa nationalit\u00e9 Italienne, h\u00e9rit\u00e9e de ses grands-parents, elle s&rsquo;est rendue \u00e0 Rome pour se retrouver et d\u00e9couvrir de nouveaux airs \u00e0 la recherche de connaissances et de nouvelles exp\u00e9riences professionnelles. Apr\u00e8s avoir v\u00e9cu une ann\u00e9e et \u00e9tudi\u00e9 l&rsquo;italien, elle part \u00e0 Paris o\u00f9 elle \u00e9tudie le fran\u00e7ais \u00e0 un niveau sup\u00e9rieur dans la c\u00e9l\u00e8bre universit\u00e9 de la Sorbonne, o\u00f9 elle se d\u00e9veloppe intellectuellement.<\/p>\n<p style=\"text-align: justify;\">Elle a travaill\u00e9 \u00e0 l&rsquo;h\u00f4tel Acacias Saint Germain et \u00e0 la boutique de luxe For You, dans la c\u00e9l\u00e8bre rue de Rivoli, r\u00e9put\u00e9e pour abriter les marques les plus \u00e9l\u00e9gantes du monde. Avec sa personnalit\u00e9 amicale, elle a conquis des clients et est devenue une professionnelle de qualit\u00e9.<\/p>\n<p style=\"text-align: justify;\">Toujours d\u00e9sireuse de conna\u00eetre de nouveaux lieux et cultures, elle est partie pour Portland dans le comt\u00e9 de Dorset, en Angleterre, puis elle est entr\u00e9e au Cornwall College, o\u00f9 elle s&rsquo;est sp\u00e9cialis\u00e9e dans la langue anglaise.<\/p>\n<p style=\"text-align: justify;\">Elle a occup\u00e9 un poste de r\u00e9ceptionniste sur un navire de croisi\u00e8re, le M\/S Leeward de la compagnie Norwegian Cruise Line, et elle a approfondi ses connaissances culturelles et linguistiques.<\/p>\n<p>[\/vc_column_text][\/vc_column][vc_column width=\u00a0\u00bb1\/2&Prime;][vc_empty_space height=\u00a0\u00bb35px\u00a0\u00bb][vc_single_image image=\u00a0\u00bb6883&Prime; img_size=\u00a0\u00bbfull\u00a0\u00bb][\/vc_column][\/vc_row][vc_row][vc_column][vc_column_text]<\/p>\n<p style=\"text-align: justify;\">Avec le grand d\u00e9sir d&rsquo;acqu\u00e9rir toute l&rsquo;exp\u00e9rience possible, elle a d\u00e9cid\u00e9 de passer une saison en Espagne avant de d\u00e9m\u00e9nager \u00e0 Nerja, en Andalousie, pr\u00e8s de Malaga, et c&rsquo;est l\u00e0 qu&rsquo;elle a commenc\u00e9 sa carri\u00e8re de guide touristique. Son entreprise a commenc\u00e9 \u00e0 faire des circuits avec des touristes britanniques \u00e0 Gibraltar, Marbella, S\u00e9ville, Cordoue et Grenade en 1999.<\/p>\n<p style=\"text-align: justify;\">Apr\u00e8s ce voyage incroyable autour du monde, elle a d\u00e9cid\u00e9 de revenir au Br\u00e9sil et de se consacrer au tourisme. Elle a fait un cours de tourisme et de gestion h\u00f4teli\u00e8re au Senac, reconnu par EMBRATUR (Institut br\u00e9silien du tourisme), une autarcie sp\u00e9ciale du minist\u00e8re du Tourisme du Br\u00e9sil.<\/p>\n<p style=\"text-align: justify;\">Carla Labanca a \u00e9t\u00e9 l&rsquo;un des premiers guides sp\u00e9cialis\u00e9s dans les visites VIPS et s&rsquo;est d\u00e9di\u00e9e exclusivement aux clients de luxe, avec des circuits \u00e0 travers la ville de S\u00e3o Paulo, allant de l&rsquo;art contemporain \u00e0 l&rsquo;architecture, \u00e0 la mode et au design.<\/p>\n<p style=\"text-align: justify;\">Passionn\u00e9e par la flore br\u00e9silienne, elle d\u00e9cide d&rsquo;\u00e9tudier le paysagisme\u00a0 et les projets de Jardins au SENAC. Elle poss\u00e8de une grande exp\u00e9rience dans ce secteur pour avoir travaill\u00e9 comme paysagiste dans la ville d&rsquo;Atibaia tr\u00e8s longtemps.<\/p>\n<p style=\"text-align: justify;\">Jusqu&rsquo;\u00e0 aujourd&rsquo;hui, elle utilise avec grand plaisir ses connaissances paysag\u00e8res pour enrichir l&rsquo;exp\u00e9rience de ses clients lors de leurs promenades dans la ville, car la ville compte plusieurs lieux de promenades en plein air, tels que des parcs et d&rsquo;autres zones offrant une exp\u00e9rience de la vie sauvage et un contact direct avec la nature. .<\/p>\n<p style=\"text-align: justify;\">\u00c0 son dernier retour sur les bancs universitaires, elle s&rsquo;est rendue \u00e0 l&rsquo;Universit\u00e9 PUC, o\u00f9 elle a suivi un cours d&rsquo;interpr\u00e8te en anglais. Elle a \u00e9galement travaill\u00e9 en tant qu&rsquo;interpr\u00e8te de conf\u00e9rence et accompagnement en offrant le meilleur d&rsquo;elle lors de diff\u00e9rents \u00e9v\u00e9nements internationaux organis\u00e9s dans la ville de S\u00e3o Paulo.<\/p>\n<p style=\"text-align: justify;\">Pour son grand amour pour S\u00e3o Paulo, son plus grand d\u00e9sir est de montrer au plus grand nombre de personnes que la ville est bien plus que ce qui est dit et vu dans les m\u00e9dias, S\u00e3o Paulo est une histoire et une culture aux paysages magnifiques et \u00e9poustouflants. Pour elle, son travail signifie valoriser ce qu&rsquo;il y a de mieux dans cette ville comme dans toutes les autres villes du Br\u00e9sil, en le faisant d&rsquo;une mani\u00e8re diff\u00e9rente, unique, offrant \u00e0 ses clients un voyage sp\u00e9cial, inoubliable, incroyablement exclusif et luxueux.<\/p>\n<p>[\/vc_column_text][\/vc_column][\/vc_row][vc_row el_class=\u00a0\u00bbcentralizado\u00a0\u00bb][vc_column][vc_empty_space height=\u00a0\u00bb40px\u00a0\u00bb]<a itemprop=\"url\" href=\"https:\/\/carlapettersen.com.br\/contato\/?lang=fr\" target=\"_self\" style=\"color: #e3dab0;background-color: #6d8f8f\" class=\"mkdf-btn mkdf-btn-large mkdf-btn-solid mkdf-btn-custom-hover-color\" data-hover-color=\"#ffffff\" >\n    <span class=\"mkdf-btn-text\">CONTACTEZ MOI<\/span>\n    <\/a>[vc_empty_space height=\u00a0\u00bb40px\u00a0\u00bb][\/vc_column][\/vc_row][vc_row disable_element=\u00a0\u00bbyes\u00a0\u00bb row_content_width=\u00a0\u00bbgrid\u00a0\u00bb css=\u00a0\u00bb.vc_custom_1539640091248{padding-top: 90px !important;padding-bottom: 90px !important;}\u00a0\u00bb][vc_column]<div class=\"mkdf-elements-holder   mkdf-two-columns  mkdf-responsive-mode-1024 \" ><div class=\"mkdf-eh-item    \"  data-item-class=\"mkdf-eh-custom-6465\"     >\n\t<div class=\"mkdf-eh-item-inner\">\n\t\t<div class=\"mkdf-eh-item-content mkdf-eh-custom-6465\" style=\"padding: 25px 0px 25px\">\n\t\t\t[vc_single_image image=\u00a0\u00bb6883&Prime; img_size=\u00a0\u00bbfull\u00a0\u00bb]\t\t<\/div>\n\t<\/div>\n<\/div><div class=\"mkdf-eh-item    \"  data-item-class=\"mkdf-eh-custom-9268\" data-1280-1600=\"0 0 30px 65px \" data-1024-1280=\"0 0 40px 50px \" data-768-1024=\"20px 23% 0px 0%\" data-680-768=\"20px 6% 0px 0%\" data-680=\"20px 0% 0px 0%\">\n\t<div class=\"mkdf-eh-item-inner\">\n\t\t<div class=\"mkdf-eh-item-content mkdf-eh-custom-9268\" style=\"padding: 0 0 30px 50px\">\n\t\t\t[vc_column_text]<\/p>\n<h2>Sobre Carla Labanca<\/h2>\n<p>[\/vc_column_text]<h2 class=\"mkdf-custom-font-holder  mkdf-cf-8525  \" style=\"font-family: Playfair Display;font-size: 20px;line-height: 25px;font-weight: 400;font-style: italic;text-align: left;color: #ff681a;margin: 0 0 0 0\" data-item-class=\"mkdf-cf-8525\">\n\tLorem ipsum dolor sit amet<\/h2>[vc_empty_space height=\u00a0\u00bb10px\u00a0\u00bb][vc_column_text]Desde crian\u00e7a sempre se encantou por hist\u00f3rias e culturas de lugares diferentes, e por seu grande amor por turismo, mais tarde descobriu sua verdadeira voca\u00e7\u00e3o.<\/p>\n<p>Credenciada h\u00e1 16 anos pela Embratur e guia de turismo Regional\/Nacional e Am\u00e9rica do Sul (especializada em S\u00e3o Paulo), Carla Labanca Pettersen se formou em 4 idiomas, Ingl\u00eas, Franc\u00eas, Espanhol e Italiano.<\/p>\n<p>Sempre extremamente comunicativa, amig\u00e1vel, e com esp\u00edrito jovem adora trabalhar com pessoas e se sente viva, renovada e realizada em compartilhar lugares e experi\u00eancias \u00fanicas e exclusivas com todos os seus clientes.<\/p>\n<p>Por ser apaixonada por S\u00e3o Paulo, decidiu se especializar nesta incr\u00edvel cidade, e atua com turismo receptivo com clientes que desejam uma experi\u00eancia personalizada e extraordinariamente VIP levando-os para conhecer marcos hist\u00f3ricos, arquitet\u00f4nicos e urbanos \u00fanicos que apenas a cidade de S\u00e3o Paulo tem a oferecer.<\/p>\n<p>Com forma\u00e7\u00e3o em administra\u00e7\u00e3o de empresas pela faculdade FAAP &#8211; S\u00e3o Paulo, e Int\u00e9rprete de Confer\u00eancia pela faculdade PUC \u2013 S\u00e3o Paulo, acabou entrando no mercado financeiro onde trabalhou durante alguns anos. Percebendo que sua carreira estava estagnada, decidiu se mudar para a Europa nos anos 90, e a partir da\u00ed iniciou a sua jornada em busca de renova\u00e7\u00e3o e conhecimento pelo mundo e nunca mais parou.<\/p>\n<p>Com sua cidadania Italiana herdada de seus av\u00f3s, seguiu para Roma para se encontrar novamente e desbravar novos ares em busca de conhecimentos e novas experi\u00eancias profissionais. Ap\u00f3s morar um ano e estudar a l\u00edngua italiana, partiu rumo a Paris onde estudou franc\u00eas a n\u00edvel superior na famosa universidade Sorbonne, onde se desenvolveu intelectualmente.<\/p>\n<p>Trabalhou no hotel Acacias Saint Germain e na boutique de luxo, For You, na tamb\u00e9m famosa Rua de Rivoli, muito conhecida por abrigar as marcas mais elegantes do mundo. Com sua personalidade amig\u00e1vel foi conquistando clientes e se tornou uma profissional de qualidade.<\/p>\n<p>Ainda com grande vontade de conhecer novos lugares e culturas, partiu para Portland no condado de Dorset, na Inglaterra, depois seguiu para Cornwall College, onde se especializou na l\u00edngua inglesa.<\/p>\n<p>Trabalhou como recepcionista em um navio cruzeiro, M\/S Leeward da companhia Norwegian Cruise Line e avan\u00e7ou ainda mais em seus conhecimentos culturais e lingu\u00edsticos.<\/p>\n<p>Com o grande desejo de adquirir toda a experi\u00eancia poss\u00edvel, decidiu passar uma temporada na Espanha at\u00e9 se mudar para Nerja, Andaluzia, pr\u00f3ximo de M\u00e1laga, e foi l\u00e1 que iniciou sua carreira de guia de turismo. Seu trabalho come\u00e7ou fazer tours com turistas brit\u00e2nicos em Gibraltar, Marbella, Sevilla, C\u00f3rdoba e Granada em 1999.<\/p>\n<p>Ap\u00f3s essa incr\u00edvel jornada pelo mundo afora, decidiu voltar para o Brasil e se dedicar ao turismo. Fez o curso de Guia de Turismo e Hotelaria pelo Senac, reconhecido pela EMBRATUR (Instituto Brasileiro do Turismo), autarquia especial do Minist\u00e9rio do Turismo no Brasil.<\/p>\n<p>Carla Labanca foi uma das primeiras guias de turismo especializada em tours VIPS e com dedica\u00e7\u00e3o exclusiva a clientes de luxo, com roteiros por toda a cidade de S\u00e3o Paulo, desde arte contempor\u00e2nea, arquitetura, moda e design.<\/p>\n<p>Apaixonada pela flora brasileira decidiu ainda estudar Paisagismo e Projetos de Jardins no SENAC, tendo grande experi\u00eancia na \u00e1rea por ter atuado como paisagista na cidade de Atibaia por um bom tempo.<\/p>\n<p>At\u00e9 hoje usa com grande prazer seus conhecimentos paisag\u00edsticos para enriquecer a experi\u00eancia de seus clientes em seus passeios pela cidade, pois a cidade possui diversos lugares de passeios ao ar livre como parques e outras \u00e1reas com viv\u00eancia com a vida selvagem e contato direto com a natureza.<\/p>\n<p>Na \u00faltima volta aos bancos universit\u00e1rios, foi \u00e0 universidade PUC, onde seguiu o curso de Int\u00e9rprete em L\u00edngua Inglesa. Ela tamb\u00e9m tem atuado como int\u00e9rprete de confer\u00eancia e acompanhamento oferecendo o melhor que h\u00e1 quando se trata do assunto em diferentes eventos internacionais realizados na cidade de S\u00e3o Paulo.<\/p>\n<p>Por seu grande amor por S\u00e3o Paulo, seu maior desejo \u00e9 mostrar para o maior n\u00famero de pessoas que a cidade \u00e9 muito mais do que \u00e9 dito e visto nas m\u00eddias, S\u00e3o Paulo \u00e9 hist\u00f3ria e cultura, com paisagens bel\u00edssimas e de tirar o f\u00f4lego. Para ela, seu trabalho significa valorizar o que h\u00e1 de melhor tanto nesta cidade como em todas as outras do Brasil, fazendo isso de um modo diferente, \u00fanico, Proporcionando para seus clientes uma viagem especial, inesquec\u00edvel e incrivelmente exclusiva e luxuosa.[\/vc_column_text][vc_empty_space height=\u00a0\u00bb25px\u00a0\u00bb]<a itemprop=\"url\" href=\"#\" target=\"_self\"  class=\"mkdf-btn mkdf-btn-large mkdf-btn-solid\"  >\n    <span class=\"mkdf-btn-text\">ENTRAR EM CONTATO<\/span>\n    <\/a>\t\t<\/div>\n\t<\/div>\n<\/div><\/div>[\/vc_column][\/vc_row][vc_row disable_element=\u00a0\u00bbyes\u00a0\u00bb row_content_width=\u00a0\u00bbgrid\u00a0\u00bb content_text_aligment=\u00a0\u00bbcenter\u00a0\u00bb css=\u00a0\u00bb.vc_custom_1539602217828{padding-top: 127px !important;padding-bottom: 67px !important;}\u00a0\u00bb simple_background_color=\u00a0\u00bb#ff681a\u00a0\u00bb][vc_column width=\u00a0\u00bb1\/2&Prime; offset=\u00a0\u00bbvc_col-md-3&Prime;]<div class=\"mkdf-iwt clearfix  mkdf-iwt-icon-top mkdf-iwt-icon-medium\">\n\t<div class=\"mkdf-iwt-icon\">\n\t\t\t\t\t<a itemprop=\"url\" href=\"#\" target=\"_self\">\n\t\t\t\t\t\t\t\t\t    <span class=\"mkdf-icon-shortcode mkdf-circle   mkdf-icon-medium\" style=\"width: 100px;height: 100px;line-height: 100px;background-color: #ffffff\" data-color=\"#ff681a\">\n                    <span aria-hidden=\"true\" class=\"mkdf-icon-linear-icons lnr lnr-diamond mkdf-icon-element\" style=\"color: #ff681a;font-size:34px\" ><\/span>\n                            <span class=\"mkdf-icon-shortcode-hover-layer\" ><\/span>\n            \n            <\/span>\n\t\t\t\t\t\t\t\t<\/a>\n\t\t\t<\/div>\n\t<div class=\"mkdf-iwt-content\" >\n\t\t\t\t\t<h6 class=\"mkdf-iwt-title\" style=\"color: #ffffff\">\n\t\t\t\t\t\t\t\t\t<a itemprop=\"url\" href=\"#\" target=\"_self\">\n\t\t\t\t\t\t\t\t<span class=\"mkdf-iwt-title-text\">Adventure time<\/span>\n\t\t\t\t\t\t\t\t\t<\/a>\n\t\t\t\t\t\t\t<\/h6>\n\t\t\t\t\t\t\t<p class=\"mkdf-iwt-text\" style=\"color: #ffffff\">Lorem ipsum dolor sit amet, consec adipiscing elit. Etiam fermentum tincidunt.<\/p>\n\t\t\t<\/div>\n<\/div>[vc_empty_space height=\u00a0\u00bb54px\u00a0\u00bb][\/vc_column][vc_column width=\u00a0\u00bb1\/2&Prime; offset=\u00a0\u00bbvc_col-md-3&Prime;]<div class=\"mkdf-iwt clearfix  mkdf-iwt-icon-top mkdf-iwt-icon-medium\">\n\t<div class=\"mkdf-iwt-icon\">\n\t\t\t\t\t<a itemprop=\"url\" href=\"#\" target=\"_self\">\n\t\t\t\t\t\t\t\t\t    <span class=\"mkdf-icon-shortcode mkdf-circle   mkdf-icon-medium\" style=\"width: 100px;height: 100px;line-height: 100px;background-color: #ffffff\" data-color=\"#ff681a\">\n                    <span aria-hidden=\"true\" class=\"mkdf-icon-linear-icons lnr lnr-pencil mkdf-icon-element\" style=\"color: #ff681a;font-size:34px\" ><\/span>\n                            <span class=\"mkdf-icon-shortcode-hover-layer\" ><\/span>\n            \n            <\/span>\n\t\t\t\t\t\t\t\t<\/a>\n\t\t\t<\/div>\n\t<div class=\"mkdf-iwt-content\" >\n\t\t\t\t\t<h6 class=\"mkdf-iwt-title\" style=\"color: #ffffff\">\n\t\t\t\t\t\t\t\t\t<a itemprop=\"url\" href=\"#\" target=\"_self\">\n\t\t\t\t\t\t\t\t<span class=\"mkdf-iwt-title-text\">Branding projects<\/span>\n\t\t\t\t\t\t\t\t\t<\/a>\n\t\t\t\t\t\t\t<\/h6>\n\t\t\t\t\t\t\t<p class=\"mkdf-iwt-text\" style=\"color: #ffffff\">Lorem ipsum dolor sit amet, consec adipiscing elit. Etiam fermentum tincidunt.<\/p>\n\t\t\t<\/div>\n<\/div>[vc_empty_space height=\u00a0\u00bb54px\u00a0\u00bb][\/vc_column][vc_column width=\u00a0\u00bb1\/2&Prime; offset=\u00a0\u00bbvc_col-md-3&Prime;]<div class=\"mkdf-iwt clearfix  mkdf-iwt-icon-top mkdf-iwt-icon-medium\">\n\t<div class=\"mkdf-iwt-icon\">\n\t\t\t\t\t<a itemprop=\"url\" href=\"#\" target=\"_self\">\n\t\t\t\t\t\t\t\t\t    <span class=\"mkdf-icon-shortcode mkdf-circle   mkdf-icon-medium\" style=\"width: 100px;height: 100px;line-height: 100px;background-color: #ffffff\" data-color=\"#ff681a\">\n                    <span aria-hidden=\"true\" class=\"mkdf-icon-linear-icons lnr lnr-star mkdf-icon-element\" style=\"color: #ff681a;font-size:34px\" ><\/span>\n                            <span class=\"mkdf-icon-shortcode-hover-layer\" ><\/span>\n            \n            <\/span>\n\t\t\t\t\t\t\t\t<\/a>\n\t\t\t<\/div>\n\t<div class=\"mkdf-iwt-content\" >\n\t\t\t\t\t<h6 class=\"mkdf-iwt-title\" style=\"color: #ffffff\">\n\t\t\t\t\t\t\t\t\t<a itemprop=\"url\" href=\"#\" target=\"_self\">\n\t\t\t\t\t\t\t\t<span class=\"mkdf-iwt-title-text\">Promotion &amp; events<\/span>\n\t\t\t\t\t\t\t\t\t<\/a>\n\t\t\t\t\t\t\t<\/h6>\n\t\t\t\t\t\t\t<p class=\"mkdf-iwt-text\" style=\"color: #ffffff\">Lorem ipsum dolor sit amet, consec adipiscing elit. Etiam fermentum tincidunt.<\/p>\n\t\t\t<\/div>\n<\/div>[vc_empty_space height=\u00a0\u00bb54px\u00a0\u00bb][\/vc_column][vc_column width=\u00a0\u00bb1\/2&Prime; offset=\u00a0\u00bbvc_col-md-3&Prime;]<div class=\"mkdf-iwt clearfix  mkdf-iwt-icon-top mkdf-iwt-icon-medium\">\n\t<div class=\"mkdf-iwt-icon\">\n\t\t\t\t\t<a itemprop=\"url\" href=\"#\" target=\"_self\">\n\t\t\t\t\t\t\t\t\t    <span class=\"mkdf-icon-shortcode mkdf-circle   mkdf-icon-medium\" style=\"width: 100px;height: 100px;line-height: 100px;background-color: #ffffff\" data-color=\"#ff681a\">\n                    <span aria-hidden=\"true\" class=\"mkdf-icon-linear-icons lnr lnr-bookmark mkdf-icon-element\" style=\"color: #ff681a;font-size:34px\" ><\/span>\n                            <span class=\"mkdf-icon-shortcode-hover-layer\" ><\/span>\n            \n            <\/span>\n\t\t\t\t\t\t\t\t<\/a>\n\t\t\t<\/div>\n\t<div class=\"mkdf-iwt-content\" >\n\t\t\t\t\t<h6 class=\"mkdf-iwt-title\" style=\"color: #ffffff\">\n\t\t\t\t\t\t\t\t\t<a itemprop=\"url\" href=\"#\" target=\"_self\">\n\t\t\t\t\t\t\t\t<span class=\"mkdf-iwt-title-text\">Color it all<\/span>\n\t\t\t\t\t\t\t\t\t<\/a>\n\t\t\t\t\t\t\t<\/h6>\n\t\t\t\t\t\t\t<p class=\"mkdf-iwt-text\" style=\"color: #ffffff\">Lorem ipsum dolor sit amet, consec adipiscing elit. Etiam fermentum tincidunt.<\/p>\n\t\t\t<\/div>\n<\/div>[vc_empty_space height=\u00a0\u00bb54px\u00a0\u00bb][\/vc_column][\/vc_row][vc_row disable_element=\u00a0\u00bbyes\u00a0\u00bb css=\u00a0\u00bb.vc_custom_1539602224983{padding-top: 70px !important;padding-bottom: 115px !important;background-color: #f8f8f8 !important;}\u00a0\u00bb][vc_column][vc_row_inner row_content_width=\u00a0\u00bbgrid\u00a0\u00bb][vc_column_inner]<div class=\"mkdf-elements-holder   mkdf-one-column  mkdf-responsive-mode-768 \" ><div class=\"mkdf-eh-item   mkdf-horizontal-alignment-center \"  data-item-class=\"mkdf-eh-custom-6407\" data-768-1024=\"0 7% 0 7%\" data-680-768=\"0 8% 0 8%\" data-680=\"0 0% 0 0%\">\n\t<div class=\"mkdf-eh-item-inner\">\n\t\t<div class=\"mkdf-eh-item-content mkdf-eh-custom-6407\" style=\"padding: 0 15% 0 15%\">\n\t\t\t<div class=\"mkdf-section-title-holder  \" style=\"text-align: center\">\n\t<div class=\"mkdf-st-inner\">\n\t\t\t\t\t<h5 class=\"mkdf-st-subtitle\" >\n\t\t\t\tModern &amp; Beautiful\t\t\t<\/h5>\n\t\t\t\t\t\t\t<h3 class=\"mkdf-st-title\" >\n\t\t\t\tMost Popular Adventures We Have\t\t\t<\/h3>\n\t\t\t\t\t\t\t<p class=\"mkdf-st-text\" >\n\t\t\t\tLorem ipsum dolor sit amet, consectetur adipiscing elit. Morbi posuere tempor mauris, nec imperdiet mi rutrum eget. Donec quis ligula in tellus dictum consequat. \t\t\t<\/p>\n\t\t\t<\/div>\n<\/div>\t\t<\/div>\n\t<\/div>\n<\/div><\/div>[vc_empty_space height=\u00a0\u00bb47px\u00a0\u00bb]<div class=\"mkdf-tours-carousel-holder mkdf-carousel-pagination\">\n\t<div class=\"mkdf-tours-row mkdf-tr-normal-space mkdf-has-label\">\n\t    \t        <p>No tours match your criteria<\/p>\n\t    \t    \t<\/div>\n<\/div>[\/vc_column_inner][\/vc_row_inner][\/vc_column][\/vc_row][vc_row disable_element=\u00a0\u00bbyes\u00a0\u00bb parallax_background_image=\u00a0\u00bb132&Prime;][vc_column]<div class=\"mkdf-elements-holder   mkdf-two-columns  mkdf-responsive-mode-768 \" ><div class=\"mkdf-eh-item    \"  data-item-class=\"mkdf-eh-custom-2612\" data-1280-1600=\"0 0% 40px 30%\" data-1024-1280=\"0 0% 30px 19%\" data-768-1024=\"0 0% 40px 11%\" data-680-768=\"90px 0% 30px 11%\" data-680=\"90px 9% 10px \">\n\t<div class=\"mkdf-eh-item-inner\">\n\t\t<div class=\"mkdf-eh-item-content mkdf-eh-custom-2612\" style=\"padding: 0 0% 30px 40%\">\n\t\t\t[vc_single_image image=\u00a0\u00bb116&Prime; img_size=\u00a0\u00bbfull\u00a0\u00bb]\t\t<\/div>\n\t<\/div>\n<\/div><div class=\"mkdf-eh-item    \"  data-item-class=\"mkdf-eh-custom-7926\" data-1280-1600=\"54px 29% 115px 3%\" data-1024-1280=\"61px 14% 113px 4%\" data-768-1024=\"35px 5% 115px 5%\" data-680-768=\"35px 8% 115px 12%\" data-680=\"35px 8% 115px 12%\">\n\t<div class=\"mkdf-eh-item-inner\">\n\t\t<div class=\"mkdf-eh-item-content mkdf-eh-custom-7926\" style=\"padding: 54px 29% 115px 3%\">\n\t\t\t<h2 class=\"mkdf-custom-font-holder  mkdf-cf-1005  \" style=\"font-family: Montserrat;font-size: 50px;line-height: 70px;font-weight: 600;letter-spacing: -1px;text-align: left;color: #ffffff;margin: 0 0 0 0\" data-item-class=\"mkdf-cf-1005\">\n\tLast Minute Offer<\/h2><h2 class=\"mkdf-custom-font-holder  mkdf-cf-4872  \" style=\"font-family: Playfair Display;font-size: 20px;line-height: 25px;font-weight: 400;font-style: italic;text-align: left;color: #ffffff;margin: 0 0 0 0\" data-item-class=\"mkdf-cf-4872\">\n\tAerial view of Cape Town with Cape Town Stadium<\/h2>[vc_empty_space height=\u00a0\u00bb10px\u00a0\u00bb][vc_column_text]<span style=\"color: #ffffff;\">Lorem ipsum dolor sit amet, consectetur adipiscing elit. Aliquam hendrerit felis sit amet turpis vehicula convallis. Ut ac tellus velit. Nulla mollis sollicitudin lacus id ornare. Phasellus laoreet nulla et nulla sagittis, sit amet cursus urna mollis.<\/span>[\/vc_column_text][vc_empty_space]<a itemprop=\"url\" href=\"#\" target=\"_self\" style=\"color: #ff681a;background-color: #ffffff\" class=\"mkdf-btn mkdf-btn-large mkdf-btn-solid\"  >\n    <span class=\"mkdf-btn-text\">Buy Theme<\/span>\n    <\/a>\t\t<\/div>\n\t<\/div>\n<\/div><\/div>[\/vc_column][\/vc_row]<\/p>\n","protected":false},"excerpt":{"rendered":"<p>[vc_row][vc_column][vc_empty_space height=\u00a0\u00bb35px\u00a0\u00bb][vc_column_text] \u00c0 Propos [\/vc_column_text][vc_empty_space height=\u00a0\u00bb35px\u00a0\u00bb][\/vc_column][\/vc_row][vc_row css=\u00a0\u00bb.vc_custom_1539640051128{padding-top: 25px !important;}\u00a0\u00bb][vc_column width=\u00a0\u00bb1\/2&Prime;][vc_empty_space height=\u00a0\u00bb10px\u00a0\u00bb][vc_column_text] Carla Labanca [\/vc_column_text][vc_column_text] Depuis son enfance, elle a toujours \u00e9t\u00e9 s\u00e9duite par les histoires et les cultures de diff\u00e9rents endroits. Par la suite, son grand amour du tourisme l&rsquo;a [&hellip;]<\/p>\n","protected":false},"author":1,"featured_media":0,"parent":0,"menu_order":0,"comment_status":"closed","ping_status":"closed","template":"","meta":{"footnotes":""},"class_list":["post-6882","page","type-page","status-publish","hentry"],"_links":{"self":[{"href":"https:\/\/carlapettersen.com.br\/fr\/wp-json\/wp\/v2\/pages\/6882","targetHints":{"allow":["GET"]}}],"collection":[{"href":"https:\/\/carlapettersen.com.br\/fr\/wp-json\/wp\/v2\/pages"}],"about":[{"href":"https:\/\/carlapettersen.com.br\/fr\/wp-json\/wp\/v2\/types\/page"}],"author":[{"embeddable":true,"href":"https:\/\/carlapettersen.com.br\/fr\/wp-json\/wp\/v2\/users\/1"}],"replies":[{"embeddable":true,"href":"https:\/\/carlapettersen.com.br\/fr\/wp-json\/wp\/v2\/comments?post=6882"}],"version-history":[{"count":0,"href":"https:\/\/carlapettersen.com.br\/fr\/wp-json\/wp\/v2\/pages\/6882\/revisions"}],"wp:attachment":[{"href":"https:\/\/carlapettersen.com.br\/fr\/wp-json\/wp\/v2\/media?parent=6882"}],"curies":[{"name":"wp","href":"https:\/\/api.w.org\/{rel}","templated":true}]}}