{"id":6905,"date":"2017-08-21T15:18:02","date_gmt":"2017-08-21T18:18:02","guid":{"rendered":"https:\/\/carlapettersen.com.br\/tours\/"},"modified":"2019-01-24T00:14:09","modified_gmt":"2019-01-24T02:14:09","slug":"tours","status":"publish","type":"page","link":"https:\/\/carlapettersen.com.br\/fr\/tours\/","title":{"rendered":"Tours"},"content":{"rendered":"<p>[vc_row][vc_column][vc_empty_space height=\u00a0\u00bb35px\u00a0\u00bb][vc_column_text]<\/p>\n<h2 style=\"text-align: center; color: #6d8f8f;\">Tours<\/h2>\n<p>[\/vc_column_text][vc_empty_space height=\u00a0\u00bb20px\u00a0\u00bb][\/vc_column][\/vc_row][vc_row css=\u00a0\u00bb.vc_custom_1546561280745{padding-top: 40px !important;padding-bottom: 115px !important;}\u00a0\u00bb][vc_column]<div class=\"mkdf-tours-list-holder mkdf-tours-row mkdf-tr-normal-space mkdf-has-label mkdf-tours-columns-3\">\n\t\t\t\n\t\t\n        <div class=\"mkdf-tours-list-holder-inner mkdf-tours-row-inner-holder\">\n\t\t\t<div class=\"mkdf-tours-list-grid-sizer\"><\/div>\n\t\t\t<div class=\"mkdf-tours-revealing-item mkdf-tours-row-item mkdf-tour-item-no-rating post-7042 tour-item type-tour-item status-publish has-post-thumbnail hentry\">\n\t\t\t<div class=\"mkdf-tours-revealing-item-image-holder\">\n\t\t\t\t\t\t\n\t\t\t<div class=\"mkdf-tours-revealing-item-image\">\n\t\t\t\t<img loading=\"lazy\" decoding=\"async\" width=\"753\" height=\"1100\" src=\"https:\/\/carlapettersen.com.br\/wp-content\/uploads\/2018\/09\/foto-principal.jpg\" class=\"attachment-full size-full wp-post-image\" alt=\"\" srcset=\"https:\/\/carlapettersen.com.br\/wp-content\/uploads\/2018\/09\/foto-principal.jpg 753w, https:\/\/carlapettersen.com.br\/wp-content\/uploads\/2018\/09\/foto-principal-205x300.jpg 205w, https:\/\/carlapettersen.com.br\/wp-content\/uploads\/2018\/09\/foto-principal-701x1024.jpg 701w, https:\/\/carlapettersen.com.br\/wp-content\/uploads\/2018\/09\/foto-principal-600x876.jpg 600w\" sizes=\"auto, (max-width: 753px) 100vw, 753px\" \/>\t\t\t\t\n\t\t\t\t<div class=\"mkdf-tours-revealing-item-content-holder\" >\n\t\t\t\t\t<div class=\"mkdf-tours-revealing-item-content-inner\">\n\t\t\t\t\t\t<div class=\"mkdf-tours-revealing-title-holder\">\n\t\t\t\t\t\t\t<h4 class=\"mkdf-tour-title\">\n\t\t\t\t\t\t\t\tCircuit de 4H\t\t\t\t\t\t\t<\/h4>\n\t\t\t\t\t\t\t<span class=\"mkdf-tours-revealing-item-price-holder\">\n\t\t\t\t\t\t\t\t\n\t\t<span class=\"mkdf-tours-price-holder\">\n\t\t\t\t\t\t\t\t<\/span>\n\n\t\t\t\t\t\t\t\t\t<\/span>\n\t\t\t\t\t\t<\/div>\n\t\t\t\t\t\t\t\t\t\t\t\t\t<div class=\"mkdf-tours-revealing-item-excerpt\">\n\t\t\t\t\t\t\t\t<div class=\"mkdf-tours-revealing-item-excerpt-inner\">\n\t\t\t\t\t\t\t\t\t[vc_row][vc_column][vc_column_text] Ce circuit comprend les sites les plus int\u00e9ressants de la ville, \u00e0 commencer par le centre historique de S\u00e3o Paulo, o\u00f9 vous pourrez voir la cath\u00e9drale S\u00e9, la cour du Collegio (descente), le monast\u00e8re de S\u00e3o Bento, l&rsquo;h\u00f4tel de [&hellip;]\t\t\t\t\t\t\t\t<\/div>\n\t\t\t\t\t\t\t<\/div>\n\t\t\t\t\t\t\t\t\t\t\t<\/div>\n\t\t\t\t<\/div>\n\t\t\t<\/div>\n\t\t\t<a class=\"mkdf-tours-revealing-item-link\" href=\"https:\/\/carlapettersen.com.br\/fr\/tour-item\/tour-de-4h\/\"><\/a>\n\t\t<\/div>\n\t<\/div><div class=\"mkdf-tours-revealing-item mkdf-tours-row-item mkdf-tour-item-no-rating post-7045 tour-item type-tour-item status-publish has-post-thumbnail hentry\">\n\t\t\t<div class=\"mkdf-tours-revealing-item-image-holder\">\n\t\t\t\t\t\t\n\t\t\t<div class=\"mkdf-tours-revealing-item-image\">\n\t\t\t\t<img loading=\"lazy\" decoding=\"async\" width=\"753\" height=\"1100\" src=\"https:\/\/carlapettersen.com.br\/wp-content\/uploads\/2018\/10\/foto-principal-2.jpg\" class=\"attachment-full size-full wp-post-image\" alt=\"\" srcset=\"https:\/\/carlapettersen.com.br\/wp-content\/uploads\/2018\/10\/foto-principal-2.jpg 753w, https:\/\/carlapettersen.com.br\/wp-content\/uploads\/2018\/10\/foto-principal-2-205x300.jpg 205w, https:\/\/carlapettersen.com.br\/wp-content\/uploads\/2018\/10\/foto-principal-2-701x1024.jpg 701w, https:\/\/carlapettersen.com.br\/wp-content\/uploads\/2018\/10\/foto-principal-2-600x876.jpg 600w\" sizes=\"auto, (max-width: 753px) 100vw, 753px\" \/>\t\t\t\t\n\t\t\t\t<div class=\"mkdf-tours-revealing-item-content-holder\" >\n\t\t\t\t\t<div class=\"mkdf-tours-revealing-item-content-inner\">\n\t\t\t\t\t\t<div class=\"mkdf-tours-revealing-title-holder\">\n\t\t\t\t\t\t\t<h4 class=\"mkdf-tour-title\">\n\t\t\t\t\t\t\t\tCircuit de 6H\t\t\t\t\t\t\t<\/h4>\n\t\t\t\t\t\t\t<span class=\"mkdf-tours-revealing-item-price-holder\">\n\t\t\t\t\t\t\t\t\n\t\t<span class=\"mkdf-tours-price-holder\">\n\t\t\t\t\t\t\t\t<\/span>\n\n\t\t\t\t\t\t\t\t\t<\/span>\n\t\t\t\t\t\t<\/div>\n\t\t\t\t\t\t\t\t\t\t\t\t\t<div class=\"mkdf-tours-revealing-item-excerpt\">\n\t\t\t\t\t\t\t\t<div class=\"mkdf-tours-revealing-item-excerpt-inner\">\n\t\t\t\t\t\t\t\t\t[vc_row][vc_column][vc_column_text] Dans ce circuit de dur\u00e9e moyenne, nous commencerons par le centre historique de S\u00e3o Paulo, o\u00f9 nous pourrons voir la cath\u00e9drale S\u00e9, la cour du coll\u00e8ge (descente), le monast\u00e8re de S\u00e3o Bento, l&rsquo;Hotel de ville, le Th\u00e9\u00e2tre municipal, la [&hellip;]\t\t\t\t\t\t\t\t<\/div>\n\t\t\t\t\t\t\t<\/div>\n\t\t\t\t\t\t\t\t\t\t\t<\/div>\n\t\t\t\t<\/div>\n\t\t\t<\/div>\n\t\t\t<a class=\"mkdf-tours-revealing-item-link\" href=\"https:\/\/carlapettersen.com.br\/fr\/tour-item\/tour-de-6h\/\"><\/a>\n\t\t<\/div>\n\t<\/div><div class=\"mkdf-tours-revealing-item mkdf-tours-row-item mkdf-tour-item-no-rating post-7049 tour-item type-tour-item status-publish has-post-thumbnail hentry\">\n\t\t\t<div class=\"mkdf-tours-revealing-item-image-holder\">\n\t\t\t\t\t\t\n\t\t\t<div class=\"mkdf-tours-revealing-item-image\">\n\t\t\t\t<img loading=\"lazy\" decoding=\"async\" width=\"753\" height=\"1100\" src=\"https:\/\/carlapettersen.com.br\/wp-content\/uploads\/2018\/10\/foto-principal-1.jpg\" class=\"attachment-full size-full wp-post-image\" alt=\"\" srcset=\"https:\/\/carlapettersen.com.br\/wp-content\/uploads\/2018\/10\/foto-principal-1.jpg 753w, https:\/\/carlapettersen.com.br\/wp-content\/uploads\/2018\/10\/foto-principal-1-205x300.jpg 205w, https:\/\/carlapettersen.com.br\/wp-content\/uploads\/2018\/10\/foto-principal-1-701x1024.jpg 701w, https:\/\/carlapettersen.com.br\/wp-content\/uploads\/2018\/10\/foto-principal-1-600x876.jpg 600w\" sizes=\"auto, (max-width: 753px) 100vw, 753px\" \/>\t\t\t\t\n\t\t\t\t<div class=\"mkdf-tours-revealing-item-content-holder\" >\n\t\t\t\t\t<div class=\"mkdf-tours-revealing-item-content-inner\">\n\t\t\t\t\t\t<div class=\"mkdf-tours-revealing-title-holder\">\n\t\t\t\t\t\t\t<h4 class=\"mkdf-tour-title\">\n\t\t\t\t\t\t\t\tCircuit de 8H\t\t\t\t\t\t\t<\/h4>\n\t\t\t\t\t\t\t<span class=\"mkdf-tours-revealing-item-price-holder\">\n\t\t\t\t\t\t\t\t\n\t\t<span class=\"mkdf-tours-price-holder\">\n\t\t\t\t\t\t\t\t<\/span>\n\n\t\t\t\t\t\t\t\t\t<\/span>\n\t\t\t\t\t\t<\/div>\n\t\t\t\t\t\t\t\t\t\t\t\t\t<div class=\"mkdf-tours-revealing-item-excerpt\">\n\t\t\t\t\t\t\t\t<div class=\"mkdf-tours-revealing-item-excerpt-inner\">\n\t\t\t\t\t\t\t\t\t[vc_row][vc_column][vc_column_text] Ce circuit d&rsquo;une journ\u00e9e compl\u00e8te montre aux visiteurs les points touristiques les plus int\u00e9ressants de la ville, \u00e0 commencer par le centre historique de S\u00e3o Paulo, o\u00f9 nous pourrons voir la cath\u00e9drale S\u00e9, la cour du Collegio (descente), le [&hellip;]\t\t\t\t\t\t\t\t<\/div>\n\t\t\t\t\t\t\t<\/div>\n\t\t\t\t\t\t\t\t\t\t\t<\/div>\n\t\t\t\t<\/div>\n\t\t\t<\/div>\n\t\t\t<a class=\"mkdf-tours-revealing-item-link\" href=\"https:\/\/carlapettersen.com.br\/fr\/tour-item\/tour-de-8h\/\"><\/a>\n\t\t<\/div>\n\t<\/div><div class=\"mkdf-tours-revealing-item mkdf-tours-row-item mkdf-tour-item-no-rating post-7063 tour-item type-tour-item status-publish has-post-thumbnail hentry\">\n\t\t\t<div class=\"mkdf-tours-revealing-item-image-holder\">\n\t\t\t\t\t\t\n\t\t\t<div class=\"mkdf-tours-revealing-item-image\">\n\t\t\t\t<img loading=\"lazy\" decoding=\"async\" width=\"753\" height=\"1100\" src=\"https:\/\/carlapettersen.com.br\/wp-content\/uploads\/2018\/10\/embu-das-artes-753-1100.jpg\" class=\"attachment-full size-full wp-post-image\" alt=\"\" srcset=\"https:\/\/carlapettersen.com.br\/wp-content\/uploads\/2018\/10\/embu-das-artes-753-1100.jpg 753w, https:\/\/carlapettersen.com.br\/wp-content\/uploads\/2018\/10\/embu-das-artes-753-1100-205x300.jpg 205w, https:\/\/carlapettersen.com.br\/wp-content\/uploads\/2018\/10\/embu-das-artes-753-1100-701x1024.jpg 701w, https:\/\/carlapettersen.com.br\/wp-content\/uploads\/2018\/10\/embu-das-artes-753-1100-600x876.jpg 600w\" sizes=\"auto, (max-width: 753px) 100vw, 753px\" \/>\t\t\t\t\n\t\t\t\t<div class=\"mkdf-tours-revealing-item-content-holder\" >\n\t\t\t\t\t<div class=\"mkdf-tours-revealing-item-content-inner\">\n\t\t\t\t\t\t<div class=\"mkdf-tours-revealing-title-holder\">\n\t\t\t\t\t\t\t<h4 class=\"mkdf-tour-title\">\n\t\t\t\t\t\t\t\tTour Embu das Artes\t\t\t\t\t\t\t<\/h4>\n\t\t\t\t\t\t\t<span class=\"mkdf-tours-revealing-item-price-holder\">\n\t\t\t\t\t\t\t\t\n\t\t<span class=\"mkdf-tours-price-holder\">\n\t\t\t\t\t\t\t\t<\/span>\n\n\t\t\t\t\t\t\t\t\t<\/span>\n\t\t\t\t\t\t<\/div>\n\t\t\t\t\t\t\t\t\t\t\t\t\t<div class=\"mkdf-tours-revealing-item-excerpt\">\n\t\t\t\t\t\t\t\t<div class=\"mkdf-tours-revealing-item-excerpt-inner\">\n\t\t\t\t\t\t\t\t\t[vc_row][vc_column][vc_column_text] Jusqu&rsquo;au XVIe si\u00e8cle, la r\u00e9gion \u00e9tait habit\u00e9e par les Indiens Tupiniquins. En 1554, un groupe de j\u00e9suites ont fond\u00e9 le village de Bohi, puis M&rsquo;Boy Mirim, \u00e0 mi-chemin de la mer et de l&rsquo;arri\u00e8re-pays de S\u00e3o Paulo. Comme toutes [&hellip;]\t\t\t\t\t\t\t\t<\/div>\n\t\t\t\t\t\t\t<\/div>\n\t\t\t\t\t\t\t\t\t\t\t<\/div>\n\t\t\t\t<\/div>\n\t\t\t<\/div>\n\t\t\t<a class=\"mkdf-tours-revealing-item-link\" href=\"https:\/\/carlapettersen.com.br\/fr\/tour-item\/tour-embu-das-artes\/\"><\/a>\n\t\t<\/div>\n\t<\/div><div class=\"mkdf-tours-revealing-item mkdf-tours-row-item mkdf-tour-item-no-rating post-7058 tour-item type-tour-item status-publish has-post-thumbnail hentry\">\n\t\t\t<div class=\"mkdf-tours-revealing-item-image-holder\">\n\t\t\t\t\t\t\n\t\t\t<div class=\"mkdf-tours-revealing-item-image\">\n\t\t\t\t<img loading=\"lazy\" decoding=\"async\" width=\"753\" height=\"1100\" src=\"https:\/\/carlapettersen.com.br\/wp-content\/uploads\/2018\/10\/arte-de-rua-1-753-1100.jpg\" class=\"attachment-full size-full wp-post-image\" alt=\"\" srcset=\"https:\/\/carlapettersen.com.br\/wp-content\/uploads\/2018\/10\/arte-de-rua-1-753-1100.jpg 753w, https:\/\/carlapettersen.com.br\/wp-content\/uploads\/2018\/10\/arte-de-rua-1-753-1100-205x300.jpg 205w, https:\/\/carlapettersen.com.br\/wp-content\/uploads\/2018\/10\/arte-de-rua-1-753-1100-701x1024.jpg 701w, https:\/\/carlapettersen.com.br\/wp-content\/uploads\/2018\/10\/arte-de-rua-1-753-1100-600x876.jpg 600w\" sizes=\"auto, (max-width: 753px) 100vw, 753px\" \/>\t\t\t\t\n\t\t\t\t<div class=\"mkdf-tours-revealing-item-content-holder\" >\n\t\t\t\t\t<div class=\"mkdf-tours-revealing-item-content-inner\">\n\t\t\t\t\t\t<div class=\"mkdf-tours-revealing-title-holder\">\n\t\t\t\t\t\t\t<h4 class=\"mkdf-tour-title\">\n\t\t\t\t\t\t\t\tCircuit Art de Rue\t\t\t\t\t\t\t<\/h4>\n\t\t\t\t\t\t\t<span class=\"mkdf-tours-revealing-item-price-holder\">\n\t\t\t\t\t\t\t\t\n\t\t<span class=\"mkdf-tours-price-holder\">\n\t\t\t\t\t\t\t\t<\/span>\n\n\t\t\t\t\t\t\t\t\t<\/span>\n\t\t\t\t\t\t<\/div>\n\t\t\t\t\t\t\t\t\t\t\t\t\t<div class=\"mkdf-tours-revealing-item-excerpt\">\n\t\t\t\t\t\t\t\t<div class=\"mkdf-tours-revealing-item-excerpt-inner\">\n\t\t\t\t\t\t\t\t\t[vc_row][vc_column][vc_column_text] S\u00e3o Paulo, une ville aux innombrables talents cr\u00e9atifs, a commenc\u00e9 \u00e0 voir la couleur du graffiti dans les ann\u00e9es 1980. Aujourd&rsquo;hui, nombre de ses artistes sont reconnus internationalement et attirent les visiteurs \u00e0 la recherche de leurs \u0153uvres, enchant\u00e9s [&hellip;]\t\t\t\t\t\t\t\t<\/div>\n\t\t\t\t\t\t\t<\/div>\n\t\t\t\t\t\t\t\t\t\t\t<\/div>\n\t\t\t\t<\/div>\n\t\t\t<\/div>\n\t\t\t<a class=\"mkdf-tours-revealing-item-link\" href=\"https:\/\/carlapettersen.com.br\/fr\/tour-item\/tour-street-art\/\"><\/a>\n\t\t<\/div>\n\t<\/div><div class=\"mkdf-tours-revealing-item mkdf-tours-row-item mkdf-tour-item-no-rating post-7066 tour-item type-tour-item status-publish has-post-thumbnail hentry\">\n\t\t\t<div class=\"mkdf-tours-revealing-item-image-holder\">\n\t\t\t\t\t\t\n\t\t\t<div class=\"mkdf-tours-revealing-item-image\">\n\t\t\t\t<img loading=\"lazy\" decoding=\"async\" width=\"753\" height=\"1100\" src=\"https:\/\/carlapettersen.com.br\/wp-content\/uploads\/2018\/10\/foto-principal.jpg\" class=\"attachment-full size-full wp-post-image\" alt=\"\" srcset=\"https:\/\/carlapettersen.com.br\/wp-content\/uploads\/2018\/10\/foto-principal.jpg 753w, https:\/\/carlapettersen.com.br\/wp-content\/uploads\/2018\/10\/foto-principal-205x300.jpg 205w, https:\/\/carlapettersen.com.br\/wp-content\/uploads\/2018\/10\/foto-principal-701x1024.jpg 701w, https:\/\/carlapettersen.com.br\/wp-content\/uploads\/2018\/10\/foto-principal-600x876.jpg 600w\" sizes=\"auto, (max-width: 753px) 100vw, 753px\" \/>\t\t\t\t\n\t\t\t\t<div class=\"mkdf-tours-revealing-item-content-holder\" >\n\t\t\t\t\t<div class=\"mkdf-tours-revealing-item-content-inner\">\n\t\t\t\t\t\t<div class=\"mkdf-tours-revealing-title-holder\">\n\t\t\t\t\t\t\t<h4 class=\"mkdf-tour-title\">\n\t\t\t\t\t\t\t\tCircuit d\u2019architecture\t\t\t\t\t\t\t<\/h4>\n\t\t\t\t\t\t\t<span class=\"mkdf-tours-revealing-item-price-holder\">\n\t\t\t\t\t\t\t\t\n\t\t<span class=\"mkdf-tours-price-holder\">\n\t\t\t\t\t\t\t\t<\/span>\n\n\t\t\t\t\t\t\t\t\t<\/span>\n\t\t\t\t\t\t<\/div>\n\t\t\t\t\t\t\t\t\t\t\t\t\t<div class=\"mkdf-tours-revealing-item-excerpt\">\n\t\t\t\t\t\t\t\t<div class=\"mkdf-tours-revealing-item-excerpt-inner\">\n\t\t\t\t\t\t\t\t\t[vc_row][vc_column][vc_column_text] Nous commencerons la visite en visitant l\u2019ext\u00e9rieur du MASP, le mus\u00e9e d\u2019art de S\u00e3o Paulo, le plus important d\u2019Am\u00e9rique latine, et l\u2019\u0153uvre embl\u00e9matique de Lina Bo Bardi. Nous continuerons vers le parc d&rsquo;Ibirapuera, puis vers le MAC (mus\u00e9e d&rsquo;art [&hellip;]\t\t\t\t\t\t\t\t<\/div>\n\t\t\t\t\t\t\t<\/div>\n\t\t\t\t\t\t\t\t\t\t\t<\/div>\n\t\t\t\t<\/div>\n\t\t\t<\/div>\n\t\t\t<a class=\"mkdf-tours-revealing-item-link\" href=\"https:\/\/carlapettersen.com.br\/fr\/tour-item\/tour-de-arquitetura\/\"><\/a>\n\t\t<\/div>\n\t<\/div><div class=\"mkdf-tours-revealing-item mkdf-tours-row-item mkdf-tour-item-no-rating post-7056 tour-item type-tour-item status-publish has-post-thumbnail hentry\">\n\t\t\t<div class=\"mkdf-tours-revealing-item-image-holder\">\n\t\t\t\t\t\t\n\t\t\t<div class=\"mkdf-tours-revealing-item-image\">\n\t\t\t\t<img loading=\"lazy\" decoding=\"async\" width=\"753\" height=\"1100\" src=\"https:\/\/carlapettersen.com.br\/wp-content\/uploads\/2018\/10\/santos-753-1100.jpg\" class=\"attachment-full size-full wp-post-image\" alt=\"\" srcset=\"https:\/\/carlapettersen.com.br\/wp-content\/uploads\/2018\/10\/santos-753-1100.jpg 753w, https:\/\/carlapettersen.com.br\/wp-content\/uploads\/2018\/10\/santos-753-1100-205x300.jpg 205w, https:\/\/carlapettersen.com.br\/wp-content\/uploads\/2018\/10\/santos-753-1100-701x1024.jpg 701w, https:\/\/carlapettersen.com.br\/wp-content\/uploads\/2018\/10\/santos-753-1100-600x876.jpg 600w\" sizes=\"auto, (max-width: 753px) 100vw, 753px\" \/>\t\t\t\t\n\t\t\t\t<div class=\"mkdf-tours-revealing-item-content-holder\" >\n\t\t\t\t\t<div class=\"mkdf-tours-revealing-item-content-inner\">\n\t\t\t\t\t\t<div class=\"mkdf-tours-revealing-title-holder\">\n\t\t\t\t\t\t\t<h4 class=\"mkdf-tour-title\">\n\t\t\t\t\t\t\t\tCircuit de Santos et Guaruj\u00e1\t\t\t\t\t\t\t<\/h4>\n\t\t\t\t\t\t\t<span class=\"mkdf-tours-revealing-item-price-holder\">\n\t\t\t\t\t\t\t\t\n\t\t<span class=\"mkdf-tours-price-holder\">\n\t\t\t\t\t\t\t\t<\/span>\n\n\t\t\t\t\t\t\t\t\t<\/span>\n\t\t\t\t\t\t<\/div>\n\t\t\t\t\t\t\t\t\t\t\t\t\t<div class=\"mkdf-tours-revealing-item-excerpt\">\n\t\t\t\t\t\t\t\t<div class=\"mkdf-tours-revealing-item-excerpt-inner\">\n\t\t\t\t\t\t\t\t\t[vc_row][vc_column][vc_column_text] D\u00e9couvrez la ville de Santos et ses plages inoubliables! Le d\u00e9but de la visite a lieu \u00e0 l&#8217;embarquement des t\u00e9l\u00e9ph\u00e9riques, qui ont une capacit\u00e9 de 45 passagers par voyage et mettent environ 4 minutes. Tout au long du parcours, [&hellip;]\t\t\t\t\t\t\t\t<\/div>\n\t\t\t\t\t\t\t<\/div>\n\t\t\t\t\t\t\t\t\t\t\t<\/div>\n\t\t\t\t<\/div>\n\t\t\t<\/div>\n\t\t\t<a class=\"mkdf-tours-revealing-item-link\" href=\"https:\/\/carlapettersen.com.br\/fr\/tour-item\/tour-de-santos-e-guaruja\/\"><\/a>\n\t\t<\/div>\n\t<\/div><div class=\"mkdf-tours-revealing-item mkdf-tours-row-item mkdf-tour-item-no-rating post-7052 tour-item type-tour-item status-publish has-post-thumbnail hentry\">\n\t\t\t<div class=\"mkdf-tours-revealing-item-image-holder\">\n\t\t\t\t\t\t\n\t\t\t<div class=\"mkdf-tours-revealing-item-image\">\n\t\t\t\t<img loading=\"lazy\" decoding=\"async\" width=\"753\" height=\"1100\" src=\"https:\/\/carlapettersen.com.br\/wp-content\/uploads\/2018\/10\/futebol-753-1100.jpg\" class=\"attachment-full size-full wp-post-image\" alt=\"\" srcset=\"https:\/\/carlapettersen.com.br\/wp-content\/uploads\/2018\/10\/futebol-753-1100.jpg 753w, https:\/\/carlapettersen.com.br\/wp-content\/uploads\/2018\/10\/futebol-753-1100-205x300.jpg 205w, https:\/\/carlapettersen.com.br\/wp-content\/uploads\/2018\/10\/futebol-753-1100-701x1024.jpg 701w, https:\/\/carlapettersen.com.br\/wp-content\/uploads\/2018\/10\/futebol-753-1100-600x876.jpg 600w\" sizes=\"auto, (max-width: 753px) 100vw, 753px\" \/>\t\t\t\t\n\t\t\t\t<div class=\"mkdf-tours-revealing-item-content-holder\" >\n\t\t\t\t\t<div class=\"mkdf-tours-revealing-item-content-inner\">\n\t\t\t\t\t\t<div class=\"mkdf-tours-revealing-title-holder\">\n\t\t\t\t\t\t\t<h4 class=\"mkdf-tour-title\">\n\t\t\t\t\t\t\t\tCircuit du de Football\t\t\t\t\t\t\t<\/h4>\n\t\t\t\t\t\t\t<span class=\"mkdf-tours-revealing-item-price-holder\">\n\t\t\t\t\t\t\t\t\n\t\t<span class=\"mkdf-tours-price-holder\">\n\t\t\t\t\t\t\t\t<\/span>\n\n\t\t\t\t\t\t\t\t\t<\/span>\n\t\t\t\t\t\t<\/div>\n\t\t\t\t\t\t\t\t\t\t\t\t\t<div class=\"mkdf-tours-revealing-item-excerpt\">\n\t\t\t\t\t\t\t\t<div class=\"mkdf-tours-revealing-item-excerpt-inner\">\n\t\t\t\t\t\t\t\t\t[vc_row][vc_column][vc_column_text] Visite guid\u00e9e du stade de Morumbi et du mus\u00e9e du football, situ\u00e9s dans le stade de Pacaembu. Le Tour de Morumbi est le circuit du stade S\u00e3o Paulo Futebol Clube. Un parcours avec un guide qualifi\u00e9 pour raconter aux [&hellip;]\t\t\t\t\t\t\t\t<\/div>\n\t\t\t\t\t\t\t<\/div>\n\t\t\t\t\t\t\t\t\t\t\t<\/div>\n\t\t\t\t<\/div>\n\t\t\t<\/div>\n\t\t\t<a class=\"mkdf-tours-revealing-item-link\" href=\"https:\/\/carlapettersen.com.br\/fr\/tour-item\/tour-de-futebol\/\"><\/a>\n\t\t<\/div>\n\t<\/div>\t\t<\/div>\n\n\t\t\n\n\t\t<\/div>[\/vc_column][\/vc_row]<\/p>\n","protected":false},"excerpt":{"rendered":"<p>[vc_row][vc_column][vc_empty_space height=\u00a0\u00bb35px\u00a0\u00bb][vc_column_text] Tours [\/vc_column_text][vc_empty_space height=\u00a0\u00bb20px\u00a0\u00bb][\/vc_column][\/vc_row][vc_row css=\u00a0\u00bb.vc_custom_1546561280745{padding-top: 40px !important;padding-bottom: 115px !important;}\u00a0\u00bb][vc_column][\/vc_column][\/vc_row]<\/p>\n","protected":false},"author":1,"featured_media":0,"parent":0,"menu_order":0,"comment_status":"closed","ping_status":"closed","template":"","meta":{"footnotes":""},"class_list":["post-6905","page","type-page","status-publish","hentry"],"_links":{"self":[{"href":"https:\/\/carlapettersen.com.br\/fr\/wp-json\/wp\/v2\/pages\/6905","targetHints":{"allow":["GET"]}}],"collection":[{"href":"https:\/\/carlapettersen.com.br\/fr\/wp-json\/wp\/v2\/pages"}],"about":[{"href":"https:\/\/carlapettersen.com.br\/fr\/wp-json\/wp\/v2\/types\/page"}],"author":[{"embeddable":true,"href":"https:\/\/carlapettersen.com.br\/fr\/wp-json\/wp\/v2\/users\/1"}],"replies":[{"embeddable":true,"href":"https:\/\/carlapettersen.com.br\/fr\/wp-json\/wp\/v2\/comments?post=6905"}],"version-history":[{"count":0,"href":"https:\/\/carlapettersen.com.br\/fr\/wp-json\/wp\/v2\/pages\/6905\/revisions"}],"wp:attachment":[{"href":"https:\/\/carlapettersen.com.br\/fr\/wp-json\/wp\/v2\/media?parent=6905"}],"curies":[{"name":"wp","href":"https:\/\/api.w.org\/{rel}","templated":true}]}}