{"id":6906,"date":"2017-08-21T15:18:02","date_gmt":"2017-08-21T18:18:02","guid":{"rendered":"https:\/\/carlapettersen.com.br\/tours\/"},"modified":"2019-02-17T13:57:16","modified_gmt":"2019-02-17T16:57:16","slug":"tours","status":"publish","type":"page","link":"https:\/\/carlapettersen.com.br\/it\/tours\/","title":{"rendered":"Tours"},"content":{"rendered":"<p>[vc_row][vc_column][vc_empty_space height=&#8221;35px&#8221;][vc_column_text]<\/p>\n<h2 style=\"text-align: center; color: #6d8f8f;\">Tours<\/h2>\n<p>[\/vc_column_text][vc_empty_space height=&#8221;20px&#8221;][\/vc_column][\/vc_row][vc_row css=&#8221;.vc_custom_1546561280745{padding-top: 40px !important;padding-bottom: 115px !important;}&#8221;][vc_column]<div class=\"mkdf-tours-list-holder mkdf-tours-row mkdf-tr-normal-space mkdf-has-label mkdf-tours-columns-3\">\n\t\t\t\n\t\t\n        <div class=\"mkdf-tours-list-holder-inner mkdf-tours-row-inner-holder\">\n\t\t\t<div class=\"mkdf-tours-list-grid-sizer\"><\/div>\n\t\t\t<div class=\"mkdf-tours-revealing-item mkdf-tours-row-item mkdf-tour-item-no-rating post-7110 tour-item type-tour-item status-publish has-post-thumbnail hentry\">\n\t\t\t<div class=\"mkdf-tours-revealing-item-image-holder\">\n\t\t\t\t\t\t\n\t\t\t<div class=\"mkdf-tours-revealing-item-image\">\n\t\t\t\t<img loading=\"lazy\" decoding=\"async\" width=\"753\" height=\"1100\" src=\"https:\/\/carlapettersen.com.br\/wp-content\/uploads\/2018\/09\/foto-principal.jpg\" class=\"attachment-full size-full wp-post-image\" alt=\"\" srcset=\"https:\/\/carlapettersen.com.br\/wp-content\/uploads\/2018\/09\/foto-principal.jpg 753w, https:\/\/carlapettersen.com.br\/wp-content\/uploads\/2018\/09\/foto-principal-205x300.jpg 205w, https:\/\/carlapettersen.com.br\/wp-content\/uploads\/2018\/09\/foto-principal-701x1024.jpg 701w, https:\/\/carlapettersen.com.br\/wp-content\/uploads\/2018\/09\/foto-principal-600x876.jpg 600w\" sizes=\"auto, (max-width: 753px) 100vw, 753px\" \/>\t\t\t\t\n\t\t\t\t<div class=\"mkdf-tours-revealing-item-content-holder\" >\n\t\t\t\t\t<div class=\"mkdf-tours-revealing-item-content-inner\">\n\t\t\t\t\t\t<div class=\"mkdf-tours-revealing-title-holder\">\n\t\t\t\t\t\t\t<h4 class=\"mkdf-tour-title\">\n\t\t\t\t\t\t\t\tTour de 4 Ore\t\t\t\t\t\t\t<\/h4>\n\t\t\t\t\t\t\t<span class=\"mkdf-tours-revealing-item-price-holder\">\n\t\t\t\t\t\t\t\t\n\t\t<span class=\"mkdf-tours-price-holder\">\n\t\t\t\t\t\t\t\t<\/span>\n\n\t\t\t\t\t\t\t\t\t<\/span>\n\t\t\t\t\t\t<\/div>\n\t\t\t\t\t\t\t\t\t\t\t\t\t<div class=\"mkdf-tours-revealing-item-excerpt\">\n\t\t\t\t\t\t\t\t<div class=\"mkdf-tours-revealing-item-excerpt-inner\">\n\t\t\t\t\t\t\t\t\t[vc_row][vc_column][vc_column_text] Questo tour include i luoghi pi\u00f9 interessanti della citt\u00e0, iniziando dal Centro Storico di Sao Paulo dove si trovano la Cattedral da S\u00e9, il Patio do Col\u00e8gio (discesa), il Mosteiro di San Bento (Monastero di San Bendetto) la Preitura [&hellip;]\t\t\t\t\t\t\t\t<\/div>\n\t\t\t\t\t\t\t<\/div>\n\t\t\t\t\t\t\t\t\t\t\t<\/div>\n\t\t\t\t<\/div>\n\t\t\t<\/div>\n\t\t\t<a class=\"mkdf-tours-revealing-item-link\" href=\"https:\/\/carlapettersen.com.br\/it\/tour-item\/tour-de-4h\/\"><\/a>\n\t\t<\/div>\n\t<\/div><div class=\"mkdf-tours-revealing-item mkdf-tours-row-item mkdf-tour-item-no-rating post-7126 tour-item type-tour-item status-publish has-post-thumbnail hentry\">\n\t\t\t<div class=\"mkdf-tours-revealing-item-image-holder\">\n\t\t\t\t\t\t\n\t\t\t<div class=\"mkdf-tours-revealing-item-image\">\n\t\t\t\t<img loading=\"lazy\" decoding=\"async\" width=\"753\" height=\"1100\" src=\"https:\/\/carlapettersen.com.br\/wp-content\/uploads\/2018\/10\/foto-principal-2.jpg\" class=\"attachment-full size-full wp-post-image\" alt=\"\" srcset=\"https:\/\/carlapettersen.com.br\/wp-content\/uploads\/2018\/10\/foto-principal-2.jpg 753w, https:\/\/carlapettersen.com.br\/wp-content\/uploads\/2018\/10\/foto-principal-2-205x300.jpg 205w, https:\/\/carlapettersen.com.br\/wp-content\/uploads\/2018\/10\/foto-principal-2-701x1024.jpg 701w, https:\/\/carlapettersen.com.br\/wp-content\/uploads\/2018\/10\/foto-principal-2-600x876.jpg 600w\" sizes=\"auto, (max-width: 753px) 100vw, 753px\" \/>\t\t\t\t\n\t\t\t\t<div class=\"mkdf-tours-revealing-item-content-holder\" >\n\t\t\t\t\t<div class=\"mkdf-tours-revealing-item-content-inner\">\n\t\t\t\t\t\t<div class=\"mkdf-tours-revealing-title-holder\">\n\t\t\t\t\t\t\t<h4 class=\"mkdf-tour-title\">\n\t\t\t\t\t\t\t\tTour de 6 Ore\t\t\t\t\t\t\t<\/h4>\n\t\t\t\t\t\t\t<span class=\"mkdf-tours-revealing-item-price-holder\">\n\t\t\t\t\t\t\t\t\n\t\t<span class=\"mkdf-tours-price-holder\">\n\t\t\t\t\t\t\t\t<\/span>\n\n\t\t\t\t\t\t\t\t\t<\/span>\n\t\t\t\t\t\t<\/div>\n\t\t\t\t\t\t\t\t\t\t\t\t\t<div class=\"mkdf-tours-revealing-item-excerpt\">\n\t\t\t\t\t\t\t\t<div class=\"mkdf-tours-revealing-item-excerpt-inner\">\n\t\t\t\t\t\t\t\t\t[vc_row][vc_column][vc_column_text] Queso tour di media duarata , iniziamo dal Centro Storico di Sao Paulo dove si trovano la Cattedral da S\u00e9, il Patio do Col\u00e8gio (discesa), il Mosteiro di San Bento (Monastero di San Bendetto) la Preitura Municipa Municipio ) [&hellip;]\t\t\t\t\t\t\t\t<\/div>\n\t\t\t\t\t\t\t<\/div>\n\t\t\t\t\t\t\t\t\t\t\t<\/div>\n\t\t\t\t<\/div>\n\t\t\t<\/div>\n\t\t\t<a class=\"mkdf-tours-revealing-item-link\" href=\"https:\/\/carlapettersen.com.br\/it\/tour-item\/tour-de-6h\/\"><\/a>\n\t\t<\/div>\n\t<\/div><div class=\"mkdf-tours-revealing-item mkdf-tours-row-item mkdf-tour-item-no-rating post-7129 tour-item type-tour-item status-publish has-post-thumbnail hentry\">\n\t\t\t<div class=\"mkdf-tours-revealing-item-image-holder\">\n\t\t\t\t\t\t\n\t\t\t<div class=\"mkdf-tours-revealing-item-image\">\n\t\t\t\t<img loading=\"lazy\" decoding=\"async\" width=\"753\" height=\"1100\" src=\"https:\/\/carlapettersen.com.br\/wp-content\/uploads\/2018\/10\/foto-principal-1.jpg\" class=\"attachment-full size-full wp-post-image\" alt=\"\" srcset=\"https:\/\/carlapettersen.com.br\/wp-content\/uploads\/2018\/10\/foto-principal-1.jpg 753w, https:\/\/carlapettersen.com.br\/wp-content\/uploads\/2018\/10\/foto-principal-1-205x300.jpg 205w, https:\/\/carlapettersen.com.br\/wp-content\/uploads\/2018\/10\/foto-principal-1-701x1024.jpg 701w, https:\/\/carlapettersen.com.br\/wp-content\/uploads\/2018\/10\/foto-principal-1-600x876.jpg 600w\" sizes=\"auto, (max-width: 753px) 100vw, 753px\" \/>\t\t\t\t\n\t\t\t\t<div class=\"mkdf-tours-revealing-item-content-holder\" >\n\t\t\t\t\t<div class=\"mkdf-tours-revealing-item-content-inner\">\n\t\t\t\t\t\t<div class=\"mkdf-tours-revealing-title-holder\">\n\t\t\t\t\t\t\t<h4 class=\"mkdf-tour-title\">\n\t\t\t\t\t\t\t\tTour de 8 Ore\t\t\t\t\t\t\t<\/h4>\n\t\t\t\t\t\t\t<span class=\"mkdf-tours-revealing-item-price-holder\">\n\t\t\t\t\t\t\t\t\n\t\t<span class=\"mkdf-tours-price-holder\">\n\t\t\t\t\t\t\t\t<\/span>\n\n\t\t\t\t\t\t\t\t\t<\/span>\n\t\t\t\t\t\t<\/div>\n\t\t\t\t\t\t\t\t\t\t\t\t\t<div class=\"mkdf-tours-revealing-item-excerpt\">\n\t\t\t\t\t\t\t\t<div class=\"mkdf-tours-revealing-item-excerpt-inner\">\n\t\t\t\t\t\t\t\t\t[vc_row][vc_column][vc_column_text] In questo tour di 8 ore mostra ai visitatori luoghi pi\u00f9 interessanti della citt\u00e0, iniziando dal Centro Storico di Sao Paulo dove si trovano la Cattedral da S\u00e9, il Patio do Col\u00e8gio ( discesa),il Mosteiro di San Bento (Monastero [&hellip;]\t\t\t\t\t\t\t\t<\/div>\n\t\t\t\t\t\t\t<\/div>\n\t\t\t\t\t\t\t\t\t\t\t<\/div>\n\t\t\t\t<\/div>\n\t\t\t<\/div>\n\t\t\t<a class=\"mkdf-tours-revealing-item-link\" href=\"https:\/\/carlapettersen.com.br\/it\/tour-item\/tour-de-8h\/\"><\/a>\n\t\t<\/div>\n\t<\/div><div class=\"mkdf-tours-revealing-item mkdf-tours-row-item mkdf-tour-item-no-rating post-7123 tour-item type-tour-item status-publish has-post-thumbnail hentry\">\n\t\t\t<div class=\"mkdf-tours-revealing-item-image-holder\">\n\t\t\t\t\t\t\n\t\t\t<div class=\"mkdf-tours-revealing-item-image\">\n\t\t\t\t<img loading=\"lazy\" decoding=\"async\" width=\"753\" height=\"1100\" src=\"https:\/\/carlapettersen.com.br\/wp-content\/uploads\/2018\/10\/embu-das-artes-753-1100.jpg\" class=\"attachment-full size-full wp-post-image\" alt=\"\" srcset=\"https:\/\/carlapettersen.com.br\/wp-content\/uploads\/2018\/10\/embu-das-artes-753-1100.jpg 753w, https:\/\/carlapettersen.com.br\/wp-content\/uploads\/2018\/10\/embu-das-artes-753-1100-205x300.jpg 205w, https:\/\/carlapettersen.com.br\/wp-content\/uploads\/2018\/10\/embu-das-artes-753-1100-701x1024.jpg 701w, https:\/\/carlapettersen.com.br\/wp-content\/uploads\/2018\/10\/embu-das-artes-753-1100-600x876.jpg 600w\" sizes=\"auto, (max-width: 753px) 100vw, 753px\" \/>\t\t\t\t\n\t\t\t\t<div class=\"mkdf-tours-revealing-item-content-holder\" >\n\t\t\t\t\t<div class=\"mkdf-tours-revealing-item-content-inner\">\n\t\t\t\t\t\t<div class=\"mkdf-tours-revealing-title-holder\">\n\t\t\t\t\t\t\t<h4 class=\"mkdf-tour-title\">\n\t\t\t\t\t\t\t\tTour Embu das Artes\t\t\t\t\t\t\t<\/h4>\n\t\t\t\t\t\t\t<span class=\"mkdf-tours-revealing-item-price-holder\">\n\t\t\t\t\t\t\t\t\n\t\t<span class=\"mkdf-tours-price-holder\">\n\t\t\t\t\t\t\t\t<\/span>\n\n\t\t\t\t\t\t\t\t\t<\/span>\n\t\t\t\t\t\t<\/div>\n\t\t\t\t\t\t\t\t\t\t\t\t\t<div class=\"mkdf-tours-revealing-item-excerpt\">\n\t\t\t\t\t\t\t\t<div class=\"mkdf-tours-revealing-item-excerpt-inner\">\n\t\t\t\t\t\t\t\t\t[vc_row][vc_column][vc_column_text] Fino al XVI secolo, la regione era abitata dagli indios Tupiniquins. Nel 1554, un gruppo di gesuiti ha fondato l&#8217;insediamento di M\u2019BOI Mirim, si trova a met\u00e0 strada del mare e dall&#8217;entroterra di San Paolo. Come tutte le missioni [&hellip;]\t\t\t\t\t\t\t\t<\/div>\n\t\t\t\t\t\t\t<\/div>\n\t\t\t\t\t\t\t\t\t\t\t<\/div>\n\t\t\t\t<\/div>\n\t\t\t<\/div>\n\t\t\t<a class=\"mkdf-tours-revealing-item-link\" href=\"https:\/\/carlapettersen.com.br\/it\/tour-item\/tour-embu-das-artes\/\"><\/a>\n\t\t<\/div>\n\t<\/div><div class=\"mkdf-tours-revealing-item mkdf-tours-row-item mkdf-tour-item-no-rating post-7121 tour-item type-tour-item status-publish has-post-thumbnail hentry\">\n\t\t\t<div class=\"mkdf-tours-revealing-item-image-holder\">\n\t\t\t\t\t\t\n\t\t\t<div class=\"mkdf-tours-revealing-item-image\">\n\t\t\t\t<img loading=\"lazy\" decoding=\"async\" width=\"753\" height=\"1100\" src=\"https:\/\/carlapettersen.com.br\/wp-content\/uploads\/2018\/10\/arte-de-rua-1-753-1100.jpg\" class=\"attachment-full size-full wp-post-image\" alt=\"\" srcset=\"https:\/\/carlapettersen.com.br\/wp-content\/uploads\/2018\/10\/arte-de-rua-1-753-1100.jpg 753w, https:\/\/carlapettersen.com.br\/wp-content\/uploads\/2018\/10\/arte-de-rua-1-753-1100-205x300.jpg 205w, https:\/\/carlapettersen.com.br\/wp-content\/uploads\/2018\/10\/arte-de-rua-1-753-1100-701x1024.jpg 701w, https:\/\/carlapettersen.com.br\/wp-content\/uploads\/2018\/10\/arte-de-rua-1-753-1100-600x876.jpg 600w\" sizes=\"auto, (max-width: 753px) 100vw, 753px\" \/>\t\t\t\t\n\t\t\t\t<div class=\"mkdf-tours-revealing-item-content-holder\" >\n\t\t\t\t\t<div class=\"mkdf-tours-revealing-item-content-inner\">\n\t\t\t\t\t\t<div class=\"mkdf-tours-revealing-title-holder\">\n\t\t\t\t\t\t\t<h4 class=\"mkdf-tour-title\">\n\t\t\t\t\t\t\t\tTour Street Art\t\t\t\t\t\t\t<\/h4>\n\t\t\t\t\t\t\t<span class=\"mkdf-tours-revealing-item-price-holder\">\n\t\t\t\t\t\t\t\t\n\t\t<span class=\"mkdf-tours-price-holder\">\n\t\t\t\t\t\t\t\t<\/span>\n\n\t\t\t\t\t\t\t\t\t<\/span>\n\t\t\t\t\t\t<\/div>\n\t\t\t\t\t\t\t\t\t\t\t\t\t<div class=\"mkdf-tours-revealing-item-excerpt\">\n\t\t\t\t\t\t\t\t<div class=\"mkdf-tours-revealing-item-excerpt-inner\">\n\t\t\t\t\t\t\t\t\t[vc_row][vc_column][vc_column_text] Sao Paulo, una citt\u00e0 di numerosi talenti creativi, ha cominciato a guadagnare l graffiti colorati negli anni &#8217;80 E oggi, molti dei suoi artisti sono riconosciutI a livello internazionale, e attraggono visitatori alla ricerca per le sue opere, che [&hellip;]\t\t\t\t\t\t\t\t<\/div>\n\t\t\t\t\t\t\t<\/div>\n\t\t\t\t\t\t\t\t\t\t\t<\/div>\n\t\t\t\t<\/div>\n\t\t\t<\/div>\n\t\t\t<a class=\"mkdf-tours-revealing-item-link\" href=\"https:\/\/carlapettersen.com.br\/it\/tour-item\/tour-street-art\/\"><\/a>\n\t\t<\/div>\n\t<\/div><div class=\"mkdf-tours-revealing-item mkdf-tours-row-item mkdf-tour-item-no-rating post-7118 tour-item type-tour-item status-publish has-post-thumbnail hentry\">\n\t\t\t<div class=\"mkdf-tours-revealing-item-image-holder\">\n\t\t\t\t\t\t\n\t\t\t<div class=\"mkdf-tours-revealing-item-image\">\n\t\t\t\t<img loading=\"lazy\" decoding=\"async\" width=\"753\" height=\"1100\" src=\"https:\/\/carlapettersen.com.br\/wp-content\/uploads\/2018\/10\/foto-principal.jpg\" class=\"attachment-full size-full wp-post-image\" alt=\"\" srcset=\"https:\/\/carlapettersen.com.br\/wp-content\/uploads\/2018\/10\/foto-principal.jpg 753w, https:\/\/carlapettersen.com.br\/wp-content\/uploads\/2018\/10\/foto-principal-205x300.jpg 205w, https:\/\/carlapettersen.com.br\/wp-content\/uploads\/2018\/10\/foto-principal-701x1024.jpg 701w, https:\/\/carlapettersen.com.br\/wp-content\/uploads\/2018\/10\/foto-principal-600x876.jpg 600w\" sizes=\"auto, (max-width: 753px) 100vw, 753px\" \/>\t\t\t\t\n\t\t\t\t<div class=\"mkdf-tours-revealing-item-content-holder\" >\n\t\t\t\t\t<div class=\"mkdf-tours-revealing-item-content-inner\">\n\t\t\t\t\t\t<div class=\"mkdf-tours-revealing-title-holder\">\n\t\t\t\t\t\t\t<h4 class=\"mkdf-tour-title\">\n\t\t\t\t\t\t\t\tTour dell\u00b4 Architettura\t\t\t\t\t\t\t<\/h4>\n\t\t\t\t\t\t\t<span class=\"mkdf-tours-revealing-item-price-holder\">\n\t\t\t\t\t\t\t\t\n\t\t<span class=\"mkdf-tours-price-holder\">\n\t\t\t\t\t\t\t\t<\/span>\n\n\t\t\t\t\t\t\t\t\t<\/span>\n\t\t\t\t\t\t<\/div>\n\t\t\t\t\t\t\t\t\t\t\t\t\t<div class=\"mkdf-tours-revealing-item-excerpt\">\n\t\t\t\t\t\t\t\t<div class=\"mkdf-tours-revealing-item-excerpt-inner\">\n\t\t\t\t\t\t\t\t\t[vc_row][vc_column][vc_column_text] Iniziamo il tour con la visita all&#8217;esterno del MASP, Museu de Arte de S\u00e3o Paulo, che \u00e8 il pi\u00f9 importante in America Latina e opera iconica di Lina Bo Bardi. Proseguiamo per il Parco Ibirapuera e poi per il [&hellip;]\t\t\t\t\t\t\t\t<\/div>\n\t\t\t\t\t\t\t<\/div>\n\t\t\t\t\t\t\t\t\t\t\t<\/div>\n\t\t\t\t<\/div>\n\t\t\t<\/div>\n\t\t\t<a class=\"mkdf-tours-revealing-item-link\" href=\"https:\/\/carlapettersen.com.br\/it\/tour-item\/tour-de-arquitetura\/\"><\/a>\n\t\t<\/div>\n\t<\/div><div class=\"mkdf-tours-revealing-item mkdf-tours-row-item mkdf-tour-item-no-rating post-7116 tour-item type-tour-item status-publish has-post-thumbnail hentry\">\n\t\t\t<div class=\"mkdf-tours-revealing-item-image-holder\">\n\t\t\t\t\t\t\n\t\t\t<div class=\"mkdf-tours-revealing-item-image\">\n\t\t\t\t<img loading=\"lazy\" decoding=\"async\" width=\"753\" height=\"1100\" src=\"https:\/\/carlapettersen.com.br\/wp-content\/uploads\/2018\/10\/santos-753-1100.jpg\" class=\"attachment-full size-full wp-post-image\" alt=\"\" srcset=\"https:\/\/carlapettersen.com.br\/wp-content\/uploads\/2018\/10\/santos-753-1100.jpg 753w, https:\/\/carlapettersen.com.br\/wp-content\/uploads\/2018\/10\/santos-753-1100-205x300.jpg 205w, https:\/\/carlapettersen.com.br\/wp-content\/uploads\/2018\/10\/santos-753-1100-701x1024.jpg 701w, https:\/\/carlapettersen.com.br\/wp-content\/uploads\/2018\/10\/santos-753-1100-600x876.jpg 600w\" sizes=\"auto, (max-width: 753px) 100vw, 753px\" \/>\t\t\t\t\n\t\t\t\t<div class=\"mkdf-tours-revealing-item-content-holder\" >\n\t\t\t\t\t<div class=\"mkdf-tours-revealing-item-content-inner\">\n\t\t\t\t\t\t<div class=\"mkdf-tours-revealing-title-holder\">\n\t\t\t\t\t\t\t<h4 class=\"mkdf-tour-title\">\n\t\t\t\t\t\t\t\tTour Santos e Guaruj\u00e1\t\t\t\t\t\t\t<\/h4>\n\t\t\t\t\t\t\t<span class=\"mkdf-tours-revealing-item-price-holder\">\n\t\t\t\t\t\t\t\t\n\t\t<span class=\"mkdf-tours-price-holder\">\n\t\t\t\t\t\t\t\t<\/span>\n\n\t\t\t\t\t\t\t\t\t<\/span>\n\t\t\t\t\t\t<\/div>\n\t\t\t\t\t\t\t\t\t\t\t\t\t<div class=\"mkdf-tours-revealing-item-excerpt\">\n\t\t\t\t\t\t\t\t<div class=\"mkdf-tours-revealing-item-excerpt-inner\">\n\t\t\t\t\t\t\t\t\t[vc_row][vc_column][vc_column_text] Conosci la citt\u00e0 di Santos e le sue spiagge indimenticabili! L&#8217;inizio del tour si svolge a bordo delle funivie, che hanno una capacit\u00e0 di 45 passeggeri per viaggio e impiegano circa 4 minuti. Lungo la strada, \u00e8 possibile vedere [&hellip;]\t\t\t\t\t\t\t\t<\/div>\n\t\t\t\t\t\t\t<\/div>\n\t\t\t\t\t\t\t\t\t\t\t<\/div>\n\t\t\t\t<\/div>\n\t\t\t<\/div>\n\t\t\t<a class=\"mkdf-tours-revealing-item-link\" href=\"https:\/\/carlapettersen.com.br\/it\/tour-item\/tour-de-santos-e-guaruja\/\"><\/a>\n\t\t<\/div>\n\t<\/div><div class=\"mkdf-tours-revealing-item mkdf-tours-row-item mkdf-tour-item-no-rating post-7113 tour-item type-tour-item status-publish has-post-thumbnail hentry\">\n\t\t\t<div class=\"mkdf-tours-revealing-item-image-holder\">\n\t\t\t\t\t\t\n\t\t\t<div class=\"mkdf-tours-revealing-item-image\">\n\t\t\t\t<img loading=\"lazy\" decoding=\"async\" width=\"753\" height=\"1100\" src=\"https:\/\/carlapettersen.com.br\/wp-content\/uploads\/2018\/10\/futebol-753-1100.jpg\" class=\"attachment-full size-full wp-post-image\" alt=\"\" srcset=\"https:\/\/carlapettersen.com.br\/wp-content\/uploads\/2018\/10\/futebol-753-1100.jpg 753w, https:\/\/carlapettersen.com.br\/wp-content\/uploads\/2018\/10\/futebol-753-1100-205x300.jpg 205w, https:\/\/carlapettersen.com.br\/wp-content\/uploads\/2018\/10\/futebol-753-1100-701x1024.jpg 701w, https:\/\/carlapettersen.com.br\/wp-content\/uploads\/2018\/10\/futebol-753-1100-600x876.jpg 600w\" sizes=\"auto, (max-width: 753px) 100vw, 753px\" \/>\t\t\t\t\n\t\t\t\t<div class=\"mkdf-tours-revealing-item-content-holder\" >\n\t\t\t\t\t<div class=\"mkdf-tours-revealing-item-content-inner\">\n\t\t\t\t\t\t<div class=\"mkdf-tours-revealing-title-holder\">\n\t\t\t\t\t\t\t<h4 class=\"mkdf-tour-title\">\n\t\t\t\t\t\t\t\tTour del Calcio\t\t\t\t\t\t\t<\/h4>\n\t\t\t\t\t\t\t<span class=\"mkdf-tours-revealing-item-price-holder\">\n\t\t\t\t\t\t\t\t\n\t\t<span class=\"mkdf-tours-price-holder\">\n\t\t\t\t\t\t\t\t<\/span>\n\n\t\t\t\t\t\t\t\t\t<\/span>\n\t\t\t\t\t\t<\/div>\n\t\t\t\t\t\t\t\t\t\t\t\t\t<div class=\"mkdf-tours-revealing-item-excerpt\">\n\t\t\t\t\t\t\t\t<div class=\"mkdf-tours-revealing-item-excerpt-inner\">\n\t\t\t\t\t\t\t\t\t[vc_row][vc_column][vc_column_text] Visita guidata allo stadio Morumbi e al Museo del calcio, situato nello stadio Pacaembu. Questo Tour \u00e8 fatto nello stadio del Morumbi ,i la proprit\u00e0 \u00e8 del S\u00e3o Paulo Futebol Clube. E. un percorso con una guida esperta per [&hellip;]\t\t\t\t\t\t\t\t<\/div>\n\t\t\t\t\t\t\t<\/div>\n\t\t\t\t\t\t\t\t\t\t\t<\/div>\n\t\t\t\t<\/div>\n\t\t\t<\/div>\n\t\t\t<a class=\"mkdf-tours-revealing-item-link\" href=\"https:\/\/carlapettersen.com.br\/it\/tour-item\/tour-de-futebol\/\"><\/a>\n\t\t<\/div>\n\t<\/div><div class=\"mkdf-tours-revealing-item mkdf-tours-row-item mkdf-tour-item-no-rating post-7721 tour-item type-tour-item status-publish has-post-thumbnail hentry\">\n\t\t\t<div class=\"mkdf-tours-revealing-item-image-holder\">\n\t\t\t\t\t\t\n\t\t\t<div class=\"mkdf-tours-revealing-item-image\">\n\t\t\t\t<img loading=\"lazy\" decoding=\"async\" width=\"753\" height=\"1100\" src=\"https:\/\/carlapettersen.com.br\/wp-content\/uploads\/2018\/09\/foto-principal-2.jpg\" class=\"attachment-full size-full wp-post-image\" alt=\"\" srcset=\"https:\/\/carlapettersen.com.br\/wp-content\/uploads\/2018\/09\/foto-principal-2.jpg 753w, https:\/\/carlapettersen.com.br\/wp-content\/uploads\/2018\/09\/foto-principal-2-205x300.jpg 205w, https:\/\/carlapettersen.com.br\/wp-content\/uploads\/2018\/09\/foto-principal-2-701x1024.jpg 701w, https:\/\/carlapettersen.com.br\/wp-content\/uploads\/2018\/09\/foto-principal-2-600x876.jpg 600w\" sizes=\"auto, (max-width: 753px) 100vw, 753px\" \/>\t\t\t\t\n\t\t\t\t<div class=\"mkdf-tours-revealing-item-content-holder\" >\n\t\t\t\t\t<div class=\"mkdf-tours-revealing-item-content-inner\">\n\t\t\t\t\t\t<div class=\"mkdf-tours-revealing-title-holder\">\n\t\t\t\t\t\t\t<h4 class=\"mkdf-tour-title\">\n\t\t\t\t\t\t\t\tTour Gastronomico\t\t\t\t\t\t\t<\/h4>\n\t\t\t\t\t\t\t<span class=\"mkdf-tours-revealing-item-price-holder\">\n\t\t\t\t\t\t\t\t\n\t\t<span class=\"mkdf-tours-price-holder\">\n\t\t\t\t\t\t\t\t<\/span>\n\n\t\t\t\t\t\t\t\t\t<\/span>\n\t\t\t\t\t\t<\/div>\n\t\t\t\t\t\t\t\t\t\t\t\t\t<div class=\"mkdf-tours-revealing-item-excerpt\">\n\t\t\t\t\t\t\t\t<div class=\"mkdf-tours-revealing-item-excerpt-inner\">\n\t\t\t\t\t\t\t\t\t[vc_row][vc_column][vc_column_text] S\u00e3o Paulo \u00e8 considerata una delle citt\u00e0 pi\u00f9 cosmopolita del mondo, e questo fatto si riflette anche nella gastronomia della terra che una volta era chiamata della garoa \u201cpioggerellina\u201d, che \u00e8 diversificata, colorata e letteralmente fatta per tutti i [&hellip;]\t\t\t\t\t\t\t\t<\/div>\n\t\t\t\t\t\t\t<\/div>\n\t\t\t\t\t\t\t\t\t\t\t<\/div>\n\t\t\t\t<\/div>\n\t\t\t<\/div>\n\t\t\t<a class=\"mkdf-tours-revealing-item-link\" href=\"https:\/\/carlapettersen.com.br\/it\/tour-item\/tour-gastronomico\/\"><\/a>\n\t\t<\/div>\n\t<\/div><div class=\"mkdf-tours-revealing-item mkdf-tours-row-item mkdf-tour-item-no-rating post-7724 tour-item type-tour-item status-publish has-post-thumbnail hentry\">\n\t\t\t<div class=\"mkdf-tours-revealing-item-image-holder\">\n\t\t\t\t\t\t\n\t\t\t<div class=\"mkdf-tours-revealing-item-image\">\n\t\t\t\t<img loading=\"lazy\" decoding=\"async\" width=\"753\" height=\"1100\" src=\"https:\/\/carlapettersen.com.br\/wp-content\/uploads\/2018\/09\/foto-principal-1.jpg\" class=\"attachment-full size-full wp-post-image\" alt=\"\" srcset=\"https:\/\/carlapettersen.com.br\/wp-content\/uploads\/2018\/09\/foto-principal-1.jpg 753w, https:\/\/carlapettersen.com.br\/wp-content\/uploads\/2018\/09\/foto-principal-1-205x300.jpg 205w, https:\/\/carlapettersen.com.br\/wp-content\/uploads\/2018\/09\/foto-principal-1-701x1024.jpg 701w, https:\/\/carlapettersen.com.br\/wp-content\/uploads\/2018\/09\/foto-principal-1-600x876.jpg 600w\" sizes=\"auto, (max-width: 753px) 100vw, 753px\" \/>\t\t\t\t\n\t\t\t\t<div class=\"mkdf-tours-revealing-item-content-holder\" >\n\t\t\t\t\t<div class=\"mkdf-tours-revealing-item-content-inner\">\n\t\t\t\t\t\t<div class=\"mkdf-tours-revealing-title-holder\">\n\t\t\t\t\t\t\t<h4 class=\"mkdf-tour-title\">\n\t\t\t\t\t\t\t\tTour della Cantareira\t\t\t\t\t\t\t<\/h4>\n\t\t\t\t\t\t\t<span class=\"mkdf-tours-revealing-item-price-holder\">\n\t\t\t\t\t\t\t\t\n\t\t<span class=\"mkdf-tours-price-holder\">\n\t\t\t\t\t\t\t\t<\/span>\n\n\t\t\t\t\t\t\t\t\t<\/span>\n\t\t\t\t\t\t<\/div>\n\t\t\t\t\t\t\t\t\t\t\t\t\t<div class=\"mkdf-tours-revealing-item-excerpt\">\n\t\t\t\t\t\t\t\t<div class=\"mkdf-tours-revealing-item-excerpt-inner\">\n\t\t\t\t\t\t\t\t\t[vc_row][vc_column][vc_column_text] E &#8216;vero che Sao Paulo \u00e8 una giungla di pietra e una delle citt\u00e0 pi\u00f9 cosmopolita del mondo, ma nel lontano nord, sud e ovest della capitale c&#8217;\u00e8 ancora parte della Foresta Atlantica\u00a0\u00a0e per coloro che amano avere un [&hellip;]\t\t\t\t\t\t\t\t<\/div>\n\t\t\t\t\t\t\t<\/div>\n\t\t\t\t\t\t\t\t\t\t\t<\/div>\n\t\t\t\t<\/div>\n\t\t\t<\/div>\n\t\t\t<a class=\"mkdf-tours-revealing-item-link\" href=\"https:\/\/carlapettersen.com.br\/it\/tour-item\/tour-cantareira\/\"><\/a>\n\t\t<\/div>\n\t<\/div><div class=\"mkdf-tours-revealing-item mkdf-tours-row-item mkdf-tour-item-no-rating post-7729 tour-item type-tour-item status-publish has-post-thumbnail hentry\">\n\t\t\t<div class=\"mkdf-tours-revealing-item-image-holder\">\n\t\t\t\t\t\t\n\t\t\t<div class=\"mkdf-tours-revealing-item-image\">\n\t\t\t\t<img loading=\"lazy\" decoding=\"async\" width=\"753\" height=\"1100\" src=\"https:\/\/carlapettersen.com.br\/wp-content\/uploads\/2018\/10\/foto-principal-3.jpg\" class=\"attachment-full size-full wp-post-image\" alt=\"\" srcset=\"https:\/\/carlapettersen.com.br\/wp-content\/uploads\/2018\/10\/foto-principal-3.jpg 753w, https:\/\/carlapettersen.com.br\/wp-content\/uploads\/2018\/10\/foto-principal-3-205x300.jpg 205w, https:\/\/carlapettersen.com.br\/wp-content\/uploads\/2018\/10\/foto-principal-3-701x1024.jpg 701w, https:\/\/carlapettersen.com.br\/wp-content\/uploads\/2018\/10\/foto-principal-3-600x876.jpg 600w\" sizes=\"auto, (max-width: 753px) 100vw, 753px\" \/>\t\t\t\t\n\t\t\t\t<div class=\"mkdf-tours-revealing-item-content-holder\" >\n\t\t\t\t\t<div class=\"mkdf-tours-revealing-item-content-inner\">\n\t\t\t\t\t\t<div class=\"mkdf-tours-revealing-title-holder\">\n\t\t\t\t\t\t\t<h4 class=\"mkdf-tour-title\">\n\t\t\t\t\t\t\t\tTour Caff\u00e8\t\t\t\t\t\t\t<\/h4>\n\t\t\t\t\t\t\t<span class=\"mkdf-tours-revealing-item-price-holder\">\n\t\t\t\t\t\t\t\t\n\t\t<span class=\"mkdf-tours-price-holder\">\n\t\t\t\t\t\t\t\t<\/span>\n\n\t\t\t\t\t\t\t\t\t<\/span>\n\t\t\t\t\t\t<\/div>\n\t\t\t\t\t\t\t\t\t\t\t\t\t<div class=\"mkdf-tours-revealing-item-excerpt\">\n\t\t\t\t\t\t\t\t<div class=\"mkdf-tours-revealing-item-excerpt-inner\">\n\t\t\t\t\t\t\t\t\t[vc_row][vc_column][vc_column_text] Durante la storia dello stato di S\u00e3o Paulo, le piantagioni di caff\u00e8 erano sempre presenti e l&#8217;esportazione del grano gener\u00f2 grandi ricchezze in quel periodo. Fino ad oggi, S\u00e3o Paulo ha diverse piantagioni di caff\u00e8, che raccontano la storia [&hellip;]\t\t\t\t\t\t\t\t<\/div>\n\t\t\t\t\t\t\t<\/div>\n\t\t\t\t\t\t\t\t\t\t\t<\/div>\n\t\t\t\t<\/div>\n\t\t\t<\/div>\n\t\t\t<a class=\"mkdf-tours-revealing-item-link\" href=\"https:\/\/carlapettersen.com.br\/it\/tour-item\/tour-cafe\/\"><\/a>\n\t\t<\/div>\n\t<\/div>\t\t<\/div>\n\n\t\t\n\n\t\t<\/div>[\/vc_column][\/vc_row]<\/p>\n","protected":false},"excerpt":{"rendered":"<p>[vc_row][vc_column][vc_empty_space height=&#8221;35px&#8221;][vc_column_text] Tours [\/vc_column_text][vc_empty_space height=&#8221;20px&#8221;][\/vc_column][\/vc_row][vc_row css=&#8221;.vc_custom_1546561280745{padding-top: 40px !important;padding-bottom: 115px !important;}&#8221;][vc_column][\/vc_column][\/vc_row]<\/p>\n","protected":false},"author":1,"featured_media":0,"parent":0,"menu_order":0,"comment_status":"closed","ping_status":"closed","template":"","meta":{"footnotes":""},"class_list":["post-6906","page","type-page","status-publish","hentry"],"_links":{"self":[{"href":"https:\/\/carlapettersen.com.br\/it\/wp-json\/wp\/v2\/pages\/6906","targetHints":{"allow":["GET"]}}],"collection":[{"href":"https:\/\/carlapettersen.com.br\/it\/wp-json\/wp\/v2\/pages"}],"about":[{"href":"https:\/\/carlapettersen.com.br\/it\/wp-json\/wp\/v2\/types\/page"}],"author":[{"embeddable":true,"href":"https:\/\/carlapettersen.com.br\/it\/wp-json\/wp\/v2\/users\/1"}],"replies":[{"embeddable":true,"href":"https:\/\/carlapettersen.com.br\/it\/wp-json\/wp\/v2\/comments?post=6906"}],"version-history":[{"count":0,"href":"https:\/\/carlapettersen.com.br\/it\/wp-json\/wp\/v2\/pages\/6906\/revisions"}],"wp:attachment":[{"href":"https:\/\/carlapettersen.com.br\/it\/wp-json\/wp\/v2\/media?parent=6906"}],"curies":[{"name":"wp","href":"https:\/\/api.w.org\/{rel}","templated":true}]}}