{"id":1465,"date":"2017-08-21T15:18:02","date_gmt":"2017-08-21T18:18:02","guid":{"rendered":"http:\/\/roam.mikado-themes.com\/?page_id=1465"},"modified":"2019-01-03T23:07:52","modified_gmt":"2019-01-04T01:07:52","slug":"tours","status":"publish","type":"page","link":"https:\/\/carlapettersen.com.br\/pt-br\/tours\/","title":{"rendered":"Tours"},"content":{"rendered":"<p>[vc_row][vc_column][vc_empty_space height=&#8221;35px&#8221;][vc_column_text]<\/p>\n<h2 style=\"text-align: center; color: #6d8f8f;\">Tours<\/h2>\n<p>[\/vc_column_text][vc_empty_space height=&#8221;20px&#8221;][\/vc_column][\/vc_row][vc_row css=&#8221;.vc_custom_1546561280745{padding-top: 40px !important;padding-bottom: 115px !important;}&#8221;][vc_column]<div class=\"mkdf-tours-list-holder mkdf-tours-row mkdf-tr-normal-space mkdf-has-label mkdf-tours-columns-3\">\n\t\t\t\n\t\t\n        <div class=\"mkdf-tours-list-holder-inner mkdf-tours-row-inner-holder\">\n\t\t\t<div class=\"mkdf-tours-list-grid-sizer\"><\/div>\n\t\t\t<div class=\"mkdf-tours-revealing-item mkdf-tours-row-item mkdf-tour-item-no-rating post-6448 tour-item type-tour-item status-publish has-post-thumbnail hentry\">\n\t\t\t<div class=\"mkdf-tours-revealing-item-image-holder\">\n\t\t\t\t\t\t\n\t\t\t<div class=\"mkdf-tours-revealing-item-image\">\n\t\t\t\t<img loading=\"lazy\" decoding=\"async\" width=\"753\" height=\"1100\" src=\"https:\/\/carlapettersen.com.br\/wp-content\/uploads\/2018\/09\/foto-principal.jpg\" class=\"attachment-full size-full wp-post-image\" alt=\"\" srcset=\"https:\/\/carlapettersen.com.br\/wp-content\/uploads\/2018\/09\/foto-principal.jpg 753w, https:\/\/carlapettersen.com.br\/wp-content\/uploads\/2018\/09\/foto-principal-205x300.jpg 205w, https:\/\/carlapettersen.com.br\/wp-content\/uploads\/2018\/09\/foto-principal-701x1024.jpg 701w, https:\/\/carlapettersen.com.br\/wp-content\/uploads\/2018\/09\/foto-principal-600x876.jpg 600w\" sizes=\"auto, (max-width: 753px) 100vw, 753px\" \/>\t\t\t\t\n\t\t\t\t<div class=\"mkdf-tours-revealing-item-content-holder\" >\n\t\t\t\t\t<div class=\"mkdf-tours-revealing-item-content-inner\">\n\t\t\t\t\t\t<div class=\"mkdf-tours-revealing-title-holder\">\n\t\t\t\t\t\t\t<h4 class=\"mkdf-tour-title\">\n\t\t\t\t\t\t\t\tTour de 4H\t\t\t\t\t\t\t<\/h4>\n\t\t\t\t\t\t\t<span class=\"mkdf-tours-revealing-item-price-holder\">\n\t\t\t\t\t\t\t\t\n\t\t<span class=\"mkdf-tours-price-holder\">\n\t\t\t\t\t\t\t\t<\/span>\n\n\t\t\t\t\t\t\t\t\t<\/span>\n\t\t\t\t\t\t<\/div>\n\t\t\t\t\t\t\t\t\t\t\t\t\t<div class=\"mkdf-tours-revealing-item-excerpt\">\n\t\t\t\t\t\t\t\t<div class=\"mkdf-tours-revealing-item-excerpt-inner\">\n\t\t\t\t\t\t\t\t\t[vc_row][vc_column][vc_column_text] Esse passeio inclui os pontos tur\u00edsticos mais interessantes da cidade, come\u00e7ando pelo Centro Hist\u00f3rico de S\u00e3o Paulo, onde se encontram a Catedral da S\u00e9, o P\u00e1tio do Col\u00e9gio (descida), o Mosteiro de S\u00e3o Bento, a Prefeitura Municipal, o Theatro [&hellip;]\t\t\t\t\t\t\t\t<\/div>\n\t\t\t\t\t\t\t<\/div>\n\t\t\t\t\t\t\t\t\t\t\t<\/div>\n\t\t\t\t<\/div>\n\t\t\t<\/div>\n\t\t\t<a class=\"mkdf-tours-revealing-item-link\" href=\"https:\/\/carlapettersen.com.br\/pt-br\/tour-item\/tour-de-4h\/\"><\/a>\n\t\t<\/div>\n\t<\/div><div class=\"mkdf-tours-revealing-item mkdf-tours-row-item mkdf-tour-item-no-rating post-6574 tour-item type-tour-item status-publish has-post-thumbnail hentry\">\n\t\t\t<div class=\"mkdf-tours-revealing-item-image-holder\">\n\t\t\t\t\t\t\n\t\t\t<div class=\"mkdf-tours-revealing-item-image\">\n\t\t\t\t<img loading=\"lazy\" decoding=\"async\" width=\"753\" height=\"1100\" src=\"https:\/\/carlapettersen.com.br\/wp-content\/uploads\/2018\/10\/foto-principal-2.jpg\" class=\"attachment-full size-full wp-post-image\" alt=\"\" srcset=\"https:\/\/carlapettersen.com.br\/wp-content\/uploads\/2018\/10\/foto-principal-2.jpg 753w, https:\/\/carlapettersen.com.br\/wp-content\/uploads\/2018\/10\/foto-principal-2-205x300.jpg 205w, https:\/\/carlapettersen.com.br\/wp-content\/uploads\/2018\/10\/foto-principal-2-701x1024.jpg 701w, https:\/\/carlapettersen.com.br\/wp-content\/uploads\/2018\/10\/foto-principal-2-600x876.jpg 600w\" sizes=\"auto, (max-width: 753px) 100vw, 753px\" \/>\t\t\t\t\n\t\t\t\t<div class=\"mkdf-tours-revealing-item-content-holder\" >\n\t\t\t\t\t<div class=\"mkdf-tours-revealing-item-content-inner\">\n\t\t\t\t\t\t<div class=\"mkdf-tours-revealing-title-holder\">\n\t\t\t\t\t\t\t<h4 class=\"mkdf-tour-title\">\n\t\t\t\t\t\t\t\tTour de 6H\t\t\t\t\t\t\t<\/h4>\n\t\t\t\t\t\t\t<span class=\"mkdf-tours-revealing-item-price-holder\">\n\t\t\t\t\t\t\t\t\n\t\t<span class=\"mkdf-tours-price-holder\">\n\t\t\t\t\t\t\t\t<\/span>\n\n\t\t\t\t\t\t\t\t\t<\/span>\n\t\t\t\t\t\t<\/div>\n\t\t\t\t\t\t\t\t\t\t\t\t\t<div class=\"mkdf-tours-revealing-item-excerpt\">\n\t\t\t\t\t\t\t\t<div class=\"mkdf-tours-revealing-item-excerpt-inner\">\n\t\t\t\t\t\t\t\t\t[vc_row][vc_column][vc_column_text] Nesse passeio de m\u00e9dia dura\u00e7\u00e3o, come\u00e7amos pelo Centro Hist\u00f3rico de S\u00e3o Paulo, onde se encontram a Catedral da S\u00e9, o P\u00e1tio do Col\u00e9gio (descida), o Mosteiro de S\u00e3o Bento, a Prefeitura Municipal, o Teatro Municipal, a Pra\u00e7a da Rep\u00fablica, [&hellip;]\t\t\t\t\t\t\t\t<\/div>\n\t\t\t\t\t\t\t<\/div>\n\t\t\t\t\t\t\t\t\t\t\t<\/div>\n\t\t\t\t<\/div>\n\t\t\t<\/div>\n\t\t\t<a class=\"mkdf-tours-revealing-item-link\" href=\"https:\/\/carlapettersen.com.br\/pt-br\/tour-item\/tour-de-6h\/\"><\/a>\n\t\t<\/div>\n\t<\/div><div class=\"mkdf-tours-revealing-item mkdf-tours-row-item mkdf-tour-item-no-rating post-6577 tour-item type-tour-item status-publish has-post-thumbnail hentry\">\n\t\t\t<div class=\"mkdf-tours-revealing-item-image-holder\">\n\t\t\t\t\t\t\n\t\t\t<div class=\"mkdf-tours-revealing-item-image\">\n\t\t\t\t<img loading=\"lazy\" decoding=\"async\" width=\"753\" height=\"1100\" src=\"https:\/\/carlapettersen.com.br\/wp-content\/uploads\/2018\/10\/foto-principal-1.jpg\" class=\"attachment-full size-full wp-post-image\" alt=\"\" srcset=\"https:\/\/carlapettersen.com.br\/wp-content\/uploads\/2018\/10\/foto-principal-1.jpg 753w, https:\/\/carlapettersen.com.br\/wp-content\/uploads\/2018\/10\/foto-principal-1-205x300.jpg 205w, https:\/\/carlapettersen.com.br\/wp-content\/uploads\/2018\/10\/foto-principal-1-701x1024.jpg 701w, https:\/\/carlapettersen.com.br\/wp-content\/uploads\/2018\/10\/foto-principal-1-600x876.jpg 600w\" sizes=\"auto, (max-width: 753px) 100vw, 753px\" \/>\t\t\t\t\n\t\t\t\t<div class=\"mkdf-tours-revealing-item-content-holder\" >\n\t\t\t\t\t<div class=\"mkdf-tours-revealing-item-content-inner\">\n\t\t\t\t\t\t<div class=\"mkdf-tours-revealing-title-holder\">\n\t\t\t\t\t\t\t<h4 class=\"mkdf-tour-title\">\n\t\t\t\t\t\t\t\tTour de 8H\t\t\t\t\t\t\t<\/h4>\n\t\t\t\t\t\t\t<span class=\"mkdf-tours-revealing-item-price-holder\">\n\t\t\t\t\t\t\t\t\n\t\t<span class=\"mkdf-tours-price-holder\">\n\t\t\t\t\t\t\t\t<\/span>\n\n\t\t\t\t\t\t\t\t\t<\/span>\n\t\t\t\t\t\t<\/div>\n\t\t\t\t\t\t\t\t\t\t\t\t\t<div class=\"mkdf-tours-revealing-item-excerpt\">\n\t\t\t\t\t\t\t\t<div class=\"mkdf-tours-revealing-item-excerpt-inner\">\n\t\t\t\t\t\t\t\t\t[vc_row][vc_column][vc_column_text] Esse passeio de dia inteiro mostra ao visitante os pontos tur\u00edsticos mais interessantes da cidade, come\u00e7ando pelo Centro Hist\u00f3rico de S\u00e3o Paulo, onde se encontram a Catedral da S\u00e9, o P\u00e1tio do Col\u00e9gio (descida), o Mosteiro de S\u00e3o Bento, [&hellip;]\t\t\t\t\t\t\t\t<\/div>\n\t\t\t\t\t\t\t<\/div>\n\t\t\t\t\t\t\t\t\t\t\t<\/div>\n\t\t\t\t<\/div>\n\t\t\t<\/div>\n\t\t\t<a class=\"mkdf-tours-revealing-item-link\" href=\"https:\/\/carlapettersen.com.br\/pt-br\/tour-item\/tour-de-8h\/\"><\/a>\n\t\t<\/div>\n\t<\/div><div class=\"mkdf-tours-revealing-item mkdf-tours-row-item mkdf-tour-item-no-rating post-6583 tour-item type-tour-item status-publish has-post-thumbnail hentry\">\n\t\t\t<div class=\"mkdf-tours-revealing-item-image-holder\">\n\t\t\t\t\t\t\n\t\t\t<div class=\"mkdf-tours-revealing-item-image\">\n\t\t\t\t<img loading=\"lazy\" decoding=\"async\" width=\"753\" height=\"1100\" src=\"https:\/\/carlapettersen.com.br\/wp-content\/uploads\/2018\/10\/embu-das-artes-753-1100.jpg\" class=\"attachment-full size-full wp-post-image\" alt=\"\" srcset=\"https:\/\/carlapettersen.com.br\/wp-content\/uploads\/2018\/10\/embu-das-artes-753-1100.jpg 753w, https:\/\/carlapettersen.com.br\/wp-content\/uploads\/2018\/10\/embu-das-artes-753-1100-205x300.jpg 205w, https:\/\/carlapettersen.com.br\/wp-content\/uploads\/2018\/10\/embu-das-artes-753-1100-701x1024.jpg 701w, https:\/\/carlapettersen.com.br\/wp-content\/uploads\/2018\/10\/embu-das-artes-753-1100-600x876.jpg 600w\" sizes=\"auto, (max-width: 753px) 100vw, 753px\" \/>\t\t\t\t\n\t\t\t\t<div class=\"mkdf-tours-revealing-item-content-holder\" >\n\t\t\t\t\t<div class=\"mkdf-tours-revealing-item-content-inner\">\n\t\t\t\t\t\t<div class=\"mkdf-tours-revealing-title-holder\">\n\t\t\t\t\t\t\t<h4 class=\"mkdf-tour-title\">\n\t\t\t\t\t\t\t\tTour Embu das Artes\t\t\t\t\t\t\t<\/h4>\n\t\t\t\t\t\t\t<span class=\"mkdf-tours-revealing-item-price-holder\">\n\t\t\t\t\t\t\t\t\n\t\t<span class=\"mkdf-tours-price-holder\">\n\t\t\t\t\t\t\t\t<\/span>\n\n\t\t\t\t\t\t\t\t\t<\/span>\n\t\t\t\t\t\t<\/div>\n\t\t\t\t\t\t\t\t\t\t\t\t\t<div class=\"mkdf-tours-revealing-item-excerpt\">\n\t\t\t\t\t\t\t\t<div class=\"mkdf-tours-revealing-item-excerpt-inner\">\n\t\t\t\t\t\t\t\t\t[vc_row][vc_column][vc_column_text] At\u00e9 o s\u00e9culo XVI, a regi\u00e3o era habitada pelos \u00edndios tupiniquins. Em 1554, um grupo de jesu\u00edtas fundou o aldeamento de Bohi, depois M&#8217;Boy Mirim, a meio caminho do mar e do sert\u00e3o paulista. Como todas as miss\u00f5es jesu\u00edticas [&hellip;]\t\t\t\t\t\t\t\t<\/div>\n\t\t\t\t\t\t\t<\/div>\n\t\t\t\t\t\t\t\t\t\t\t<\/div>\n\t\t\t\t<\/div>\n\t\t\t<\/div>\n\t\t\t<a class=\"mkdf-tours-revealing-item-link\" href=\"https:\/\/carlapettersen.com.br\/pt-br\/tour-item\/tour-embu-das-artes\/\"><\/a>\n\t\t<\/div>\n\t<\/div><div class=\"mkdf-tours-revealing-item mkdf-tours-row-item mkdf-tour-item-no-rating post-6582 tour-item type-tour-item status-publish has-post-thumbnail hentry\">\n\t\t\t<div class=\"mkdf-tours-revealing-item-image-holder\">\n\t\t\t\t\t\t\n\t\t\t<div class=\"mkdf-tours-revealing-item-image\">\n\t\t\t\t<img loading=\"lazy\" decoding=\"async\" width=\"753\" height=\"1100\" src=\"https:\/\/carlapettersen.com.br\/wp-content\/uploads\/2018\/10\/arte-de-rua-1-753-1100.jpg\" class=\"attachment-full size-full wp-post-image\" alt=\"\" srcset=\"https:\/\/carlapettersen.com.br\/wp-content\/uploads\/2018\/10\/arte-de-rua-1-753-1100.jpg 753w, https:\/\/carlapettersen.com.br\/wp-content\/uploads\/2018\/10\/arte-de-rua-1-753-1100-205x300.jpg 205w, https:\/\/carlapettersen.com.br\/wp-content\/uploads\/2018\/10\/arte-de-rua-1-753-1100-701x1024.jpg 701w, https:\/\/carlapettersen.com.br\/wp-content\/uploads\/2018\/10\/arte-de-rua-1-753-1100-600x876.jpg 600w\" sizes=\"auto, (max-width: 753px) 100vw, 753px\" \/>\t\t\t\t\n\t\t\t\t<div class=\"mkdf-tours-revealing-item-content-holder\" >\n\t\t\t\t\t<div class=\"mkdf-tours-revealing-item-content-inner\">\n\t\t\t\t\t\t<div class=\"mkdf-tours-revealing-title-holder\">\n\t\t\t\t\t\t\t<h4 class=\"mkdf-tour-title\">\n\t\t\t\t\t\t\t\tTour Street Art\t\t\t\t\t\t\t<\/h4>\n\t\t\t\t\t\t\t<span class=\"mkdf-tours-revealing-item-price-holder\">\n\t\t\t\t\t\t\t\t\n\t\t<span class=\"mkdf-tours-price-holder\">\n\t\t\t\t\t\t\t\t<\/span>\n\n\t\t\t\t\t\t\t\t\t<\/span>\n\t\t\t\t\t\t<\/div>\n\t\t\t\t\t\t\t\t\t\t\t\t\t<div class=\"mkdf-tours-revealing-item-excerpt\">\n\t\t\t\t\t\t\t\t<div class=\"mkdf-tours-revealing-item-excerpt-inner\">\n\t\t\t\t\t\t\t\t\t[vc_row][vc_column][vc_column_text] S\u00e3o Paulo, cidade de in\u00fameros talentos criativos, come\u00e7ou a ganhar o colorido dos grafites nos anos 80. E hoje, muitos de seus artistas s\u00e3o reconhecidos internacionalmente, atraem visitantes \u00e0 procura de suas obras, que acabam se encantando com a [&hellip;]\t\t\t\t\t\t\t\t<\/div>\n\t\t\t\t\t\t\t<\/div>\n\t\t\t\t\t\t\t\t\t\t\t<\/div>\n\t\t\t\t<\/div>\n\t\t\t<\/div>\n\t\t\t<a class=\"mkdf-tours-revealing-item-link\" href=\"https:\/\/carlapettersen.com.br\/pt-br\/tour-item\/tour-street-art\/\"><\/a>\n\t\t<\/div>\n\t<\/div><div class=\"mkdf-tours-revealing-item mkdf-tours-row-item mkdf-tour-item-no-rating post-6581 tour-item type-tour-item status-publish has-post-thumbnail hentry\">\n\t\t\t<div class=\"mkdf-tours-revealing-item-image-holder\">\n\t\t\t\t\t\t\n\t\t\t<div class=\"mkdf-tours-revealing-item-image\">\n\t\t\t\t<img loading=\"lazy\" decoding=\"async\" width=\"753\" height=\"1100\" src=\"https:\/\/carlapettersen.com.br\/wp-content\/uploads\/2018\/10\/foto-principal.jpg\" class=\"attachment-full size-full wp-post-image\" alt=\"\" srcset=\"https:\/\/carlapettersen.com.br\/wp-content\/uploads\/2018\/10\/foto-principal.jpg 753w, https:\/\/carlapettersen.com.br\/wp-content\/uploads\/2018\/10\/foto-principal-205x300.jpg 205w, https:\/\/carlapettersen.com.br\/wp-content\/uploads\/2018\/10\/foto-principal-701x1024.jpg 701w, https:\/\/carlapettersen.com.br\/wp-content\/uploads\/2018\/10\/foto-principal-600x876.jpg 600w\" sizes=\"auto, (max-width: 753px) 100vw, 753px\" \/>\t\t\t\t\n\t\t\t\t<div class=\"mkdf-tours-revealing-item-content-holder\" >\n\t\t\t\t\t<div class=\"mkdf-tours-revealing-item-content-inner\">\n\t\t\t\t\t\t<div class=\"mkdf-tours-revealing-title-holder\">\n\t\t\t\t\t\t\t<h4 class=\"mkdf-tour-title\">\n\t\t\t\t\t\t\t\tTour de Arquitetura\t\t\t\t\t\t\t<\/h4>\n\t\t\t\t\t\t\t<span class=\"mkdf-tours-revealing-item-price-holder\">\n\t\t\t\t\t\t\t\t\n\t\t<span class=\"mkdf-tours-price-holder\">\n\t\t\t\t\t\t\t\t<\/span>\n\n\t\t\t\t\t\t\t\t\t<\/span>\n\t\t\t\t\t\t<\/div>\n\t\t\t\t\t\t\t\t\t\t\t\t\t<div class=\"mkdf-tours-revealing-item-excerpt\">\n\t\t\t\t\t\t\t\t<div class=\"mkdf-tours-revealing-item-excerpt-inner\">\n\t\t\t\t\t\t\t\t\t[vc_row][vc_column][vc_column_text] Come\u00e7amos o tour visitando a parte externa do MASP, Museu de Arte de S\u00e3o Paulo, que \u00e9 o mais importante da Am\u00e9rica Latina e obra ic\u00f4nica de Lina Bo Bardi. Seguimos para o Parque do Ibirapuera e depois para [&hellip;]\t\t\t\t\t\t\t\t<\/div>\n\t\t\t\t\t\t\t<\/div>\n\t\t\t\t\t\t\t\t\t\t\t<\/div>\n\t\t\t\t<\/div>\n\t\t\t<\/div>\n\t\t\t<a class=\"mkdf-tours-revealing-item-link\" href=\"https:\/\/carlapettersen.com.br\/pt-br\/tour-item\/tour-de-arquitetura\/\"><\/a>\n\t\t<\/div>\n\t<\/div><div class=\"mkdf-tours-revealing-item mkdf-tours-row-item mkdf-tour-item-no-rating post-6580 tour-item type-tour-item status-publish has-post-thumbnail hentry\">\n\t\t\t<div class=\"mkdf-tours-revealing-item-image-holder\">\n\t\t\t\t\t\t\n\t\t\t<div class=\"mkdf-tours-revealing-item-image\">\n\t\t\t\t<img loading=\"lazy\" decoding=\"async\" width=\"753\" height=\"1100\" src=\"https:\/\/carlapettersen.com.br\/wp-content\/uploads\/2018\/10\/santos-753-1100.jpg\" class=\"attachment-full size-full wp-post-image\" alt=\"\" srcset=\"https:\/\/carlapettersen.com.br\/wp-content\/uploads\/2018\/10\/santos-753-1100.jpg 753w, https:\/\/carlapettersen.com.br\/wp-content\/uploads\/2018\/10\/santos-753-1100-205x300.jpg 205w, https:\/\/carlapettersen.com.br\/wp-content\/uploads\/2018\/10\/santos-753-1100-701x1024.jpg 701w, https:\/\/carlapettersen.com.br\/wp-content\/uploads\/2018\/10\/santos-753-1100-600x876.jpg 600w\" sizes=\"auto, (max-width: 753px) 100vw, 753px\" \/>\t\t\t\t\n\t\t\t\t<div class=\"mkdf-tours-revealing-item-content-holder\" >\n\t\t\t\t\t<div class=\"mkdf-tours-revealing-item-content-inner\">\n\t\t\t\t\t\t<div class=\"mkdf-tours-revealing-title-holder\">\n\t\t\t\t\t\t\t<h4 class=\"mkdf-tour-title\">\n\t\t\t\t\t\t\t\tTour de Santos e Guaruj\u00e1\t\t\t\t\t\t\t<\/h4>\n\t\t\t\t\t\t\t<span class=\"mkdf-tours-revealing-item-price-holder\">\n\t\t\t\t\t\t\t\t\n\t\t<span class=\"mkdf-tours-price-holder\">\n\t\t\t\t\t\t\t\t<\/span>\n\n\t\t\t\t\t\t\t\t\t<\/span>\n\t\t\t\t\t\t<\/div>\n\t\t\t\t\t\t\t\t\t\t\t\t\t<div class=\"mkdf-tours-revealing-item-excerpt\">\n\t\t\t\t\t\t\t\t<div class=\"mkdf-tours-revealing-item-excerpt-inner\">\n\t\t\t\t\t\t\t\t\t[vc_row][vc_column][vc_column_text] Conhe\u00e7a a cidade de Santos e suas praias inesquec\u00edveis! O inicio do passeio se d\u00e1 no embarque aos bondinhos, que possuem capacidade para 45 passageiros por viagem e leva cerca de 4 minutos. Durante o percurso, \u00e9 poss\u00edvel visualizar [&hellip;]\t\t\t\t\t\t\t\t<\/div>\n\t\t\t\t\t\t\t<\/div>\n\t\t\t\t\t\t\t\t\t\t\t<\/div>\n\t\t\t\t<\/div>\n\t\t\t<\/div>\n\t\t\t<a class=\"mkdf-tours-revealing-item-link\" href=\"https:\/\/carlapettersen.com.br\/pt-br\/tour-item\/tour-de-santos-e-guaruja\/\"><\/a>\n\t\t<\/div>\n\t<\/div><div class=\"mkdf-tours-revealing-item mkdf-tours-row-item mkdf-tour-item-no-rating post-6578 tour-item type-tour-item status-publish has-post-thumbnail hentry\">\n\t\t\t<div class=\"mkdf-tours-revealing-item-image-holder\">\n\t\t\t\t\t\t\n\t\t\t<div class=\"mkdf-tours-revealing-item-image\">\n\t\t\t\t<img loading=\"lazy\" decoding=\"async\" width=\"753\" height=\"1100\" src=\"https:\/\/carlapettersen.com.br\/wp-content\/uploads\/2018\/10\/futebol-753-1100.jpg\" class=\"attachment-full size-full wp-post-image\" alt=\"\" srcset=\"https:\/\/carlapettersen.com.br\/wp-content\/uploads\/2018\/10\/futebol-753-1100.jpg 753w, https:\/\/carlapettersen.com.br\/wp-content\/uploads\/2018\/10\/futebol-753-1100-205x300.jpg 205w, https:\/\/carlapettersen.com.br\/wp-content\/uploads\/2018\/10\/futebol-753-1100-701x1024.jpg 701w, https:\/\/carlapettersen.com.br\/wp-content\/uploads\/2018\/10\/futebol-753-1100-600x876.jpg 600w\" sizes=\"auto, (max-width: 753px) 100vw, 753px\" \/>\t\t\t\t\n\t\t\t\t<div class=\"mkdf-tours-revealing-item-content-holder\" >\n\t\t\t\t\t<div class=\"mkdf-tours-revealing-item-content-inner\">\n\t\t\t\t\t\t<div class=\"mkdf-tours-revealing-title-holder\">\n\t\t\t\t\t\t\t<h4 class=\"mkdf-tour-title\">\n\t\t\t\t\t\t\t\tTour de Futebol\t\t\t\t\t\t\t<\/h4>\n\t\t\t\t\t\t\t<span class=\"mkdf-tours-revealing-item-price-holder\">\n\t\t\t\t\t\t\t\t\n\t\t<span class=\"mkdf-tours-price-holder\">\n\t\t\t\t\t\t\t\t<\/span>\n\n\t\t\t\t\t\t\t\t\t<\/span>\n\t\t\t\t\t\t<\/div>\n\t\t\t\t\t\t\t\t\t\t\t\t\t<div class=\"mkdf-tours-revealing-item-excerpt\">\n\t\t\t\t\t\t\t\t<div class=\"mkdf-tours-revealing-item-excerpt-inner\">\n\t\t\t\t\t\t\t\t\t[vc_row][vc_column][vc_column_text] Visita guiada ao est\u00e1dio do Morumbi e ao Museu do Futebol, localizado no est\u00e1dio do Pacaembu. O Morumbi Tour \u00e9 o passeio pelo est\u00e1dio do S\u00e3o Paulo Futebol Clube. Um percurso com guia treinado para contar aos turistas e [&hellip;]\t\t\t\t\t\t\t\t<\/div>\n\t\t\t\t\t\t\t<\/div>\n\t\t\t\t\t\t\t\t\t\t\t<\/div>\n\t\t\t\t<\/div>\n\t\t\t<\/div>\n\t\t\t<a class=\"mkdf-tours-revealing-item-link\" href=\"https:\/\/carlapettersen.com.br\/pt-br\/tour-item\/tour-de-futebol\/\"><\/a>\n\t\t<\/div>\n\t<\/div><div class=\"mkdf-tours-revealing-item mkdf-tours-row-item mkdf-tour-item-no-rating post-6701 tour-item type-tour-item status-publish has-post-thumbnail hentry\">\n\t\t\t<div class=\"mkdf-tours-revealing-item-image-holder\">\n\t\t\t\t\t\t\n\t\t\t<div class=\"mkdf-tours-revealing-item-image\">\n\t\t\t\t<img loading=\"lazy\" decoding=\"async\" width=\"753\" height=\"1100\" src=\"https:\/\/carlapettersen.com.br\/wp-content\/uploads\/2018\/09\/foto-principal-2.jpg\" class=\"attachment-full size-full wp-post-image\" alt=\"\" srcset=\"https:\/\/carlapettersen.com.br\/wp-content\/uploads\/2018\/09\/foto-principal-2.jpg 753w, https:\/\/carlapettersen.com.br\/wp-content\/uploads\/2018\/09\/foto-principal-2-205x300.jpg 205w, https:\/\/carlapettersen.com.br\/wp-content\/uploads\/2018\/09\/foto-principal-2-701x1024.jpg 701w, https:\/\/carlapettersen.com.br\/wp-content\/uploads\/2018\/09\/foto-principal-2-600x876.jpg 600w\" sizes=\"auto, (max-width: 753px) 100vw, 753px\" \/>\t\t\t\t\n\t\t\t\t<div class=\"mkdf-tours-revealing-item-content-holder\" >\n\t\t\t\t\t<div class=\"mkdf-tours-revealing-item-content-inner\">\n\t\t\t\t\t\t<div class=\"mkdf-tours-revealing-title-holder\">\n\t\t\t\t\t\t\t<h4 class=\"mkdf-tour-title\">\n\t\t\t\t\t\t\t\tTour Gastron\u00f4mico\t\t\t\t\t\t\t<\/h4>\n\t\t\t\t\t\t\t<span class=\"mkdf-tours-revealing-item-price-holder\">\n\t\t\t\t\t\t\t\t\n\t\t<span class=\"mkdf-tours-price-holder\">\n\t\t\t\t\t\t\t\t<\/span>\n\n\t\t\t\t\t\t\t\t\t<\/span>\n\t\t\t\t\t\t<\/div>\n\t\t\t\t\t\t\t\t\t\t\t\t\t<div class=\"mkdf-tours-revealing-item-excerpt\">\n\t\t\t\t\t\t\t\t<div class=\"mkdf-tours-revealing-item-excerpt-inner\">\n\t\t\t\t\t\t\t\t\t[vc_row][vc_column][vc_column_text] A cidade de S\u00e3o Paulo \u00e9 considerada uma das mais cosmopolitas do mundo e, esse fato, tamb\u00e9m reflete na gastronomia da terra da garoa, que \u00e9 diversificada, colorida e literalmente, para todos os tipos de paladar. A cidade conta [&hellip;]\t\t\t\t\t\t\t\t<\/div>\n\t\t\t\t\t\t\t<\/div>\n\t\t\t\t\t\t\t\t\t\t\t<\/div>\n\t\t\t\t<\/div>\n\t\t\t<\/div>\n\t\t\t<a class=\"mkdf-tours-revealing-item-link\" href=\"https:\/\/carlapettersen.com.br\/pt-br\/tour-item\/tour-gastronomico\/\"><\/a>\n\t\t<\/div>\n\t<\/div><div class=\"mkdf-tours-revealing-item mkdf-tours-row-item mkdf-tour-item-no-rating post-6696 tour-item type-tour-item status-publish has-post-thumbnail hentry\">\n\t\t\t<div class=\"mkdf-tours-revealing-item-image-holder\">\n\t\t\t\t\t\t\n\t\t\t<div class=\"mkdf-tours-revealing-item-image\">\n\t\t\t\t<img loading=\"lazy\" decoding=\"async\" width=\"753\" height=\"1100\" src=\"https:\/\/carlapettersen.com.br\/wp-content\/uploads\/2018\/09\/foto-principal-1.jpg\" class=\"attachment-full size-full wp-post-image\" alt=\"\" srcset=\"https:\/\/carlapettersen.com.br\/wp-content\/uploads\/2018\/09\/foto-principal-1.jpg 753w, https:\/\/carlapettersen.com.br\/wp-content\/uploads\/2018\/09\/foto-principal-1-205x300.jpg 205w, https:\/\/carlapettersen.com.br\/wp-content\/uploads\/2018\/09\/foto-principal-1-701x1024.jpg 701w, https:\/\/carlapettersen.com.br\/wp-content\/uploads\/2018\/09\/foto-principal-1-600x876.jpg 600w\" sizes=\"auto, (max-width: 753px) 100vw, 753px\" \/>\t\t\t\t\n\t\t\t\t<div class=\"mkdf-tours-revealing-item-content-holder\" >\n\t\t\t\t\t<div class=\"mkdf-tours-revealing-item-content-inner\">\n\t\t\t\t\t\t<div class=\"mkdf-tours-revealing-title-holder\">\n\t\t\t\t\t\t\t<h4 class=\"mkdf-tour-title\">\n\t\t\t\t\t\t\t\tTour Cantareira\t\t\t\t\t\t\t<\/h4>\n\t\t\t\t\t\t\t<span class=\"mkdf-tours-revealing-item-price-holder\">\n\t\t\t\t\t\t\t\t\n\t\t<span class=\"mkdf-tours-price-holder\">\n\t\t\t\t\t\t\t\t<\/span>\n\n\t\t\t\t\t\t\t\t\t<\/span>\n\t\t\t\t\t\t<\/div>\n\t\t\t\t\t\t\t\t\t\t\t\t\t<div class=\"mkdf-tours-revealing-item-excerpt\">\n\t\t\t\t\t\t\t\t<div class=\"mkdf-tours-revealing-item-excerpt-inner\">\n\t\t\t\t\t\t\t\t\t[vc_row][vc_column][vc_column_text] \u00c9 verdade que S\u00e3o Paulo \u00e9 uma selva de pedras e uma das cidades mais cosmopolitas do mundo, por\u00e9m no extremo norte, sul e oeste da capital ainda existe parte da mata atl\u00e2ntica conservada e para quem curte ter [&hellip;]\t\t\t\t\t\t\t\t<\/div>\n\t\t\t\t\t\t\t<\/div>\n\t\t\t\t\t\t\t\t\t\t\t<\/div>\n\t\t\t\t<\/div>\n\t\t\t<\/div>\n\t\t\t<a class=\"mkdf-tours-revealing-item-link\" href=\"https:\/\/carlapettersen.com.br\/pt-br\/tour-item\/tour-cantareira\/\"><\/a>\n\t\t<\/div>\n\t<\/div><div class=\"mkdf-tours-revealing-item mkdf-tours-row-item mkdf-tour-item-no-rating post-6692 tour-item type-tour-item status-publish has-post-thumbnail hentry\">\n\t\t\t<div class=\"mkdf-tours-revealing-item-image-holder\">\n\t\t\t\t\t\t\n\t\t\t<div class=\"mkdf-tours-revealing-item-image\">\n\t\t\t\t<img loading=\"lazy\" decoding=\"async\" width=\"753\" height=\"1100\" src=\"https:\/\/carlapettersen.com.br\/wp-content\/uploads\/2018\/10\/foto-principal-3.jpg\" class=\"attachment-full size-full wp-post-image\" alt=\"\" srcset=\"https:\/\/carlapettersen.com.br\/wp-content\/uploads\/2018\/10\/foto-principal-3.jpg 753w, https:\/\/carlapettersen.com.br\/wp-content\/uploads\/2018\/10\/foto-principal-3-205x300.jpg 205w, https:\/\/carlapettersen.com.br\/wp-content\/uploads\/2018\/10\/foto-principal-3-701x1024.jpg 701w, https:\/\/carlapettersen.com.br\/wp-content\/uploads\/2018\/10\/foto-principal-3-600x876.jpg 600w\" sizes=\"auto, (max-width: 753px) 100vw, 753px\" \/>\t\t\t\t\n\t\t\t\t<div class=\"mkdf-tours-revealing-item-content-holder\" >\n\t\t\t\t\t<div class=\"mkdf-tours-revealing-item-content-inner\">\n\t\t\t\t\t\t<div class=\"mkdf-tours-revealing-title-holder\">\n\t\t\t\t\t\t\t<h4 class=\"mkdf-tour-title\">\n\t\t\t\t\t\t\t\tTour Caf\u00e9\t\t\t\t\t\t\t<\/h4>\n\t\t\t\t\t\t\t<span class=\"mkdf-tours-revealing-item-price-holder\">\n\t\t\t\t\t\t\t\t\n\t\t<span class=\"mkdf-tours-price-holder\">\n\t\t\t\t\t\t\t\t<\/span>\n\n\t\t\t\t\t\t\t\t\t<\/span>\n\t\t\t\t\t\t<\/div>\n\t\t\t\t\t\t\t\t\t\t\t\t\t<div class=\"mkdf-tours-revealing-item-excerpt\">\n\t\t\t\t\t\t\t\t<div class=\"mkdf-tours-revealing-item-excerpt-inner\">\n\t\t\t\t\t\t\t\t\t[vc_row][vc_column][vc_column_text] Durante a hist\u00f3ria do estado de S\u00e3o Paulo, as fazendas de caf\u00e9 sempre estiveram presentes e a exporta\u00e7\u00e3o do gr\u00e3o gerou grande riqueza durante essa \u00e9poca. At\u00e9 hoje, S\u00e3o Paulo possui v\u00e1rias fazendas de caf\u00e9, que contam sobre a [&hellip;]\t\t\t\t\t\t\t\t<\/div>\n\t\t\t\t\t\t\t<\/div>\n\t\t\t\t\t\t\t\t\t\t\t<\/div>\n\t\t\t\t<\/div>\n\t\t\t<\/div>\n\t\t\t<a class=\"mkdf-tours-revealing-item-link\" href=\"https:\/\/carlapettersen.com.br\/pt-br\/tour-item\/tour-cafe\/\"><\/a>\n\t\t<\/div>\n\t<\/div>\t\t<\/div>\n\n\t\t\n\n\t\t<\/div>[\/vc_column][\/vc_row]<\/p>\n","protected":false},"excerpt":{"rendered":"<p>[vc_row][vc_column][vc_empty_space height=&#8221;35px&#8221;][vc_column_text] Tours [\/vc_column_text][vc_empty_space height=&#8221;20px&#8221;][\/vc_column][\/vc_row][vc_row css=&#8221;.vc_custom_1546561280745{padding-top: 40px !important;padding-bottom: 115px !important;}&#8221;][vc_column][\/vc_column][\/vc_row]<\/p>\n","protected":false},"author":1,"featured_media":0,"parent":0,"menu_order":0,"comment_status":"closed","ping_status":"closed","template":"","meta":{"footnotes":""},"class_list":["post-1465","page","type-page","status-publish","hentry"],"_links":{"self":[{"href":"https:\/\/carlapettersen.com.br\/pt-br\/wp-json\/wp\/v2\/pages\/1465","targetHints":{"allow":["GET"]}}],"collection":[{"href":"https:\/\/carlapettersen.com.br\/pt-br\/wp-json\/wp\/v2\/pages"}],"about":[{"href":"https:\/\/carlapettersen.com.br\/pt-br\/wp-json\/wp\/v2\/types\/page"}],"author":[{"embeddable":true,"href":"https:\/\/carlapettersen.com.br\/pt-br\/wp-json\/wp\/v2\/users\/1"}],"replies":[{"embeddable":true,"href":"https:\/\/carlapettersen.com.br\/pt-br\/wp-json\/wp\/v2\/comments?post=1465"}],"version-history":[{"count":0,"href":"https:\/\/carlapettersen.com.br\/pt-br\/wp-json\/wp\/v2\/pages\/1465\/revisions"}],"wp:attachment":[{"href":"https:\/\/carlapettersen.com.br\/pt-br\/wp-json\/wp\/v2\/media?parent=1465"}],"curies":[{"name":"wp","href":"https:\/\/api.w.org\/{rel}","templated":true}]}}