{"id":6374,"date":"2018-09-25T06:10:23","date_gmt":"2018-09-25T09:10:23","guid":{"rendered":"https:\/\/carlapettersen.com.br\/?page_id=6374"},"modified":"2019-08-30T13:17:52","modified_gmt":"2019-08-30T16:17:52","slug":"como-funciona","status":"publish","type":"page","link":"https:\/\/carlapettersen.com.br\/pt-br\/como-funciona\/","title":{"rendered":"Como Funciona"},"content":{"rendered":"<p>[vc_row][vc_column][vc_empty_space height=&#8221;35px&#8221;][vc_column_text]<\/p>\n<h2 style=\"text-align: center; color: #6d8f8f;\">Como Funciona<\/h2>\n<p>[\/vc_column_text][vc_empty_space height=&#8221;35px&#8221;][\/vc_column][\/vc_row][vc_row css=&#8221;.vc_custom_1539640051128{padding-top: 25px !important;}&#8221;][vc_column width=&#8221;1\/2&#8243;][vc_empty_space height=&#8221;35px&#8221;][vc_single_image image=&#8221;6668&#8243; img_size=&#8221;full&#8221;][\/vc_column][vc_column width=&#8221;1\/2&#8243;][vc_empty_space height=&#8221;20px&#8221;][vc_column_text]<\/p>\n<p style=\"text-align: justify;\">Carla Labanca Pettersen \u00e9 uma personal guide, uma guia de turismo exclusiva para quem deseja ter a melhor experi\u00eancia quando se trata de conhecer de perto a capital financeira do Brasil, S\u00e3o Paulo.<\/p>\n<p style=\"text-align: justify;\">Nesta cidade h\u00e1 muito o que conhecer, incluindo locais sofisticados e requintados onde os turistas podem explorar somente na companhia de uma guia de turismo competente que entende os gostos de seus clientes e sabe oferecer apenas o que h\u00e1 de melhor.<\/p>\n<p style=\"text-align: justify;\">O tour pela cidade \u00e9 realizado em per\u00edodos de 4, 6 ou 8 horas di\u00e1rias dependendo da solicita\u00e7\u00e3o e prefer\u00eancias de cada um de seus clientes que desejam conhecer essa metr\u00f3pole cosmopolita.<\/p>\n<p style=\"text-align: justify;\">Os roteiros s\u00e3o pensados especialmente para turistas que desejam uma experi\u00eancia inesquec\u00edvel, e s\u00e3o realizados em v\u00e1rios idiomas como Portugu\u00eas, Ingl\u00eas, Franc\u00eas, Espanhol e Italiano.<\/p>\n<p style=\"text-align: justify;\">O servi\u00e7o \u00e9 realizado na hora marcada pelo cliente e a pr\u00f3pria Carla Labanca o busca em sua hospedagem e o leva de volta em seu pr\u00f3prio ve\u00edculo, com ar condicionado e com todo conforto que os turistas merecem.<\/p>\n<p style=\"text-align: justify;\">O passeio tur\u00edstico \u00e9 feito de uma forma bem informal, estando na companhia perfeita para um tour extremamente \u00fanico e exclusivo. Apenas quem conhece de perto e de uma forma profunda a hist\u00f3ria da cidade e seus incr\u00edveis pontos tur\u00edsticos, tem real condi\u00e7\u00e3o de proporcionar a seus clientes a melhor experi\u00eancia.<\/p>\n<p style=\"text-align: justify;\">Al\u00e9m de um roteiro tur\u00edstico incr\u00edvel, Carla Labanca ainda oferece seus servi\u00e7os como int\u00e9rprete de confer\u00eancias, sendo uma das melhores quando se trata de comunica\u00e7\u00e3o pessoal e p\u00fablica em diversos idiomas.<\/p>\n<p style=\"text-align: justify;\">Para grandes eventos internacionais, Carla atua como coordenadora sempre demonstrando dinamismo, profissionalismo, e boa forma para entregar sempre mais do que os seus clientes est\u00e3o esperando.<\/p>\n<p style=\"text-align: justify;\">Somente uma profissional t\u00e3o preparada e que ama o que faz pode mostrar aos turistas tudo o que a cidade de S\u00e3o Paulo tem de t\u00e3o interessante e especial.<\/p>\n<p>[\/vc_column_text][vc_row_inner el_class=&#8221;centralizado&#8221;][vc_column_inner][vc_empty_space height=&#8221;40px&#8221;]<a itemprop=\"url\" href=\"https:\/\/carlapettersen.com.br\/contato\/?lang=pt-br\" target=\"_self\" style=\"color: #e3dab0;background-color: #6d8f8f\" class=\"mkdf-btn mkdf-btn-large mkdf-btn-solid mkdf-btn-custom-hover-color\" data-hover-color=\"#ffffff\" >\n    <span class=\"mkdf-btn-text\">ENTRAR EM CONTATO<\/span>\n    <\/a>[vc_empty_space height=&#8221;40px&#8221;][\/vc_column_inner][\/vc_row_inner][\/vc_column][\/vc_row][vc_row][vc_column][vc_empty_space height=&#8221;35px&#8221;][\/vc_column][\/vc_row]<\/p>\n","protected":false},"excerpt":{"rendered":"<p>[vc_row][vc_column][vc_empty_space height=&#8221;35px&#8221;][vc_column_text] Como Funciona [\/vc_column_text][vc_empty_space height=&#8221;35px&#8221;][\/vc_column][\/vc_row][vc_row css=&#8221;.vc_custom_1539640051128{padding-top: 25px !important;}&#8221;][vc_column width=&#8221;1\/2&#8243;][vc_empty_space height=&#8221;35px&#8221;][vc_single_image image=&#8221;6668&#8243; img_size=&#8221;full&#8221;][\/vc_column][vc_column width=&#8221;1\/2&#8243;][vc_empty_space height=&#8221;20px&#8221;][vc_column_text] Carla Labanca Pettersen \u00e9 uma personal guide, uma guia de turismo exclusiva para quem deseja ter a melhor experi\u00eancia quando se trata de conhecer de [&hellip;]<\/p>\n","protected":false},"author":1,"featured_media":0,"parent":0,"menu_order":0,"comment_status":"closed","ping_status":"closed","template":"","meta":{"footnotes":""},"class_list":["post-6374","page","type-page","status-publish","hentry"],"_links":{"self":[{"href":"https:\/\/carlapettersen.com.br\/pt-br\/wp-json\/wp\/v2\/pages\/6374","targetHints":{"allow":["GET"]}}],"collection":[{"href":"https:\/\/carlapettersen.com.br\/pt-br\/wp-json\/wp\/v2\/pages"}],"about":[{"href":"https:\/\/carlapettersen.com.br\/pt-br\/wp-json\/wp\/v2\/types\/page"}],"author":[{"embeddable":true,"href":"https:\/\/carlapettersen.com.br\/pt-br\/wp-json\/wp\/v2\/users\/1"}],"replies":[{"embeddable":true,"href":"https:\/\/carlapettersen.com.br\/pt-br\/wp-json\/wp\/v2\/comments?post=6374"}],"version-history":[{"count":0,"href":"https:\/\/carlapettersen.com.br\/pt-br\/wp-json\/wp\/v2\/pages\/6374\/revisions"}],"wp:attachment":[{"href":"https:\/\/carlapettersen.com.br\/pt-br\/wp-json\/wp\/v2\/media?parent=6374"}],"curies":[{"name":"wp","href":"https:\/\/api.w.org\/{rel}","templated":true}]}}