{"id":6927,"date":"2018-11-14T10:46:11","date_gmt":"2018-11-14T12:46:11","guid":{"rendered":"https:\/\/carlapettersen.com.br\/?page_id=6927"},"modified":"2019-05-09T23:37:11","modified_gmt":"2019-05-10T02:37:11","slug":"interprete","status":"publish","type":"page","link":"https:\/\/carlapettersen.com.br\/pt-br\/interprete2","title":{"rendered":"Int\u00e9rprete"},"content":{"rendered":"<p>[vc_row][vc_column][vc_empty_space height=&#8221;35px&#8221;][vc_column_text]<\/p>\n<h2 style=\"text-align: center; color: #6d8f8f;\">Int\u00e9rprete<\/h2>\n<p>[\/vc_column_text][vc_empty_space height=&#8221;20px&#8221;][\/vc_column][\/vc_row][vc_row css=&#8221;.vc_custom_1539640051128{padding-top: 25px !important;}&#8221;][vc_column width=&#8221;1\/2&#8243;][vc_empty_space height=&#8221;20px&#8221;][vc_column_text]<\/p>\n<p style=\"text-align: justify;\">Carla Pettersen, al\u00e9m de Personal Guider credenciada pela Embratur, tamb\u00e9m \u00e9 Int\u00e9rprete de Confer\u00eancia, em Lingua Inglesa, com forma\u00e7\u00e3o pela PUC-S\u00e3o Paulo. Essa \u00e9 uma especializa\u00e7\u00e3o que foi capaz de reunir algumas das maiores paix\u00f5es de Carla: culturas e l\u00ednguas.<\/p>\n<p style=\"text-align: justify;\">A profiss\u00e3o de int\u00e9rprete faz com que a comunica\u00e7\u00e3o multil\u00edng\u00fce se torne poss\u00edvel, sempre respeitando a l\u00edngua original, o tom, a inten\u00e7\u00e3o, as convic\u00e7\u00f5es e o estilo do orador. \u00c9 uma especializa\u00e7\u00e3o que a curiosidade intelectual, as aptid\u00f5es ling\u00fc\u00edsticas e uma consistente cultura geral s\u00e3o grandes diferenciais.<\/p>\n<p style=\"text-align: justify;\">Como Carla \u00e9 formada em 4 idiomas (Ingl\u00eas, Franc\u00eas, Espanhol e Italiano), al\u00e9m de conhecer diversas culturas mundo \u00e0 fora e ter uma curiosidade intelectual agu\u00e7ada, ela \u00e9 considerada uma das melhores quando se trata de comunica\u00e7\u00e3o pessoal e p\u00fablica em diversos idiomas. Dinamismo, profissionalismo e amor pela profiss\u00e3o s\u00e3o elementos em evid\u00eancia nas atividades que Carla realiza.<\/p>\n<p style=\"text-align: justify;\">\u00c9 muito importante compreender que interpretar n\u00e3o \u00e9 sin\u00f4nimo de traduzir. Na tradu\u00e7\u00e3o, o trabalho \u00e9 concentrado na palavra escrita, muitas vezes o tradutor n\u00e3o possui contato direto com o autor do texto e \u00e9 disponibilizado um per\u00edodo pr\u00e9- determinado para a realiza\u00e7\u00e3o do trabalho. J\u00e1 na interpreta\u00e7\u00e3o, o trabalho \u00e9 focado na oralidade e os int\u00e9rpretes precisam transmitir o significado da melhor maneira poss\u00edvel, de forma imediata, sem tempo para revis\u00f5es. Por este motivo, \u00e9 uma atividade que exige ampla concentra\u00e7\u00e3o e a capacidade de assimila\u00e7\u00e3o de temas variados.<\/p>\n<p style=\"text-align: justify;\">O trabalho de Int\u00e9rprete \u00e9 realizado por Carla como um exerc\u00edcio intelectual e como a possibilidade de estabelecer conex\u00f5es entre diversas perspectivas e abordagens culturais, j\u00e1 que as confer\u00eancias s\u00e3o freq\u00fcentadas por indiv\u00edduos que falam l\u00ednguas diferentes e possuem culturas e forma\u00e7\u00f5es distintas tamb\u00e9m. Em resumo, ser interprete para Carla \u00e9 mais uma oportunidade de fazer o que ama.<\/p>\n<p>[\/vc_column_text][vc_row_inner el_class=&#8221;centralizado&#8221;][vc_column_inner][vc_empty_space height=&#8221;45px&#8221;]<a itemprop=\"url\" href=\"https:\/\/carlapettersen.com.br\/contato\/?lang=pt-br\" target=\"_self\" style=\"color: #e3dab0;background-color: #6d8f8f\" class=\"mkdf-btn mkdf-btn-large mkdf-btn-solid mkdf-btn-custom-hover-color\" data-hover-color=\"#ffffff\" >\n    <span class=\"mkdf-btn-text\">ENTRAR EM CONTATO<\/span>\n    <\/a>[vc_empty_space height=&#8221;35px&#8221;][\/vc_column_inner][\/vc_row_inner][\/vc_column][vc_column width=&#8221;1\/2&#8243;][vc_empty_space height=&#8221;35px&#8221;][vc_single_image image=&#8221;6668&#8243; img_size=&#8221;full&#8221;][\/vc_column][\/vc_row][vc_row][vc_column][vc_empty_space height=&#8221;35px&#8221;][\/vc_column][\/vc_row][vc_row disable_element=&#8221;yes&#8221; row_content_width=&#8221;grid&#8221; css=&#8221;.vc_custom_1539640091248{padding-top: 90px !important;padding-bottom: 90px !important;}&#8221;][vc_column]<div class=\"mkdf-elements-holder   mkdf-two-columns  mkdf-responsive-mode-1024 \" ><div class=\"mkdf-eh-item    \"  data-item-class=\"mkdf-eh-custom-3044\"     >\n\t<div class=\"mkdf-eh-item-inner\">\n\t\t<div class=\"mkdf-eh-item-content mkdf-eh-custom-3044\" style=\"padding: 25px 0px 25px\">\n\t\t\t[vc_single_image image=&#8221;6530&#8243; img_size=&#8221;full&#8221;]\t\t<\/div>\n\t<\/div>\n<\/div><div class=\"mkdf-eh-item    \"  data-item-class=\"mkdf-eh-custom-6215\" data-1280-1600=\"0 0 30px 65px \" data-1024-1280=\"0 0 40px 50px \" data-768-1024=\"20px 23% 0px 0%\" data-680-768=\"20px 6% 0px 0%\" data-680=\"20px 0% 0px 0%\">\n\t<div class=\"mkdf-eh-item-inner\">\n\t\t<div class=\"mkdf-eh-item-content mkdf-eh-custom-6215\" style=\"padding: 0 0 30px 50px\">\n\t\t\t[vc_column_text]<\/p>\n<h2>Sobre Carla Labanca<\/h2>\n<p>[\/vc_column_text]<h2 class=\"mkdf-custom-font-holder  mkdf-cf-4112  \" style=\"font-family: Playfair Display;font-size: 20px;line-height: 25px;font-weight: 400;font-style: italic;text-align: left;color: #ff681a;margin: 0 0 0 0\" data-item-class=\"mkdf-cf-4112\">\n\tLorem ipsum dolor sit amet<\/h2>[vc_empty_space height=&#8221;10px&#8221;][vc_column_text]Desde crian\u00e7a sempre se encantou por hist\u00f3rias e culturas de lugares diferentes, e por seu grande amor por turismo, mais tarde descobriu sua verdadeira voca\u00e7\u00e3o.<\/p>\n<p>Credenciada h\u00e1 16 anos pela Embratur e guia de turismo Regional\/Nacional e Am\u00e9rica do Sul (especializada em S\u00e3o Paulo), Carla Labanca Pettersen se formou em 4 idiomas, Ingl\u00eas, Franc\u00eas, Espanhol e Italiano.<\/p>\n<p>Sempre extremamente comunicativa, amig\u00e1vel, e com esp\u00edrito jovem adora trabalhar com pessoas e se sente viva, renovada e realizada em compartilhar lugares e experi\u00eancias \u00fanicas e exclusivas com todos os seus clientes.<\/p>\n<p>Por ser apaixonada por S\u00e3o Paulo, decidiu se especializar nesta incr\u00edvel cidade, e atua com turismo receptivo com clientes que desejam uma experi\u00eancia personalizada e extraordinariamente VIP levando-os para conhecer marcos hist\u00f3ricos, arquitet\u00f4nicos e urbanos \u00fanicos que apenas a cidade de S\u00e3o Paulo tem a oferecer.<\/p>\n<p>Com forma\u00e7\u00e3o em administra\u00e7\u00e3o de empresas pela faculdade FAAP &#8211; S\u00e3o Paulo, e Int\u00e9rprete de Confer\u00eancia pela faculdade PUC \u2013 S\u00e3o Paulo, acabou entrando no mercado financeiro onde trabalhou durante alguns anos. Percebendo que sua carreira estava estagnada, decidiu se mudar para a Europa nos anos 90, e a partir da\u00ed iniciou a sua jornada em busca de renova\u00e7\u00e3o e conhecimento pelo mundo e nunca mais parou.<\/p>\n<p>Com sua cidadania Italiana herdada de seus av\u00f3s, seguiu para Roma para se encontrar novamente e desbravar novos ares em busca de conhecimentos e novas experi\u00eancias profissionais. Ap\u00f3s morar um ano e estudar a l\u00edngua italiana, partiu rumo a Paris onde estudou franc\u00eas a n\u00edvel superior na famosa universidade Sorbonne, onde se desenvolveu intelectualmente.<\/p>\n<p>Trabalhou no hotel Acacias Saint Germain e na boutique de luxo, For You, na tamb\u00e9m famosa Rua de Rivoli, muito conhecida por abrigar as marcas mais elegantes do mundo. Com sua personalidade amig\u00e1vel foi conquistando clientes e se tornou uma profissional de qualidade.<\/p>\n<p>Ainda com grande vontade de conhecer novos lugares e culturas, partiu para Portland no condado de Dorset, na Inglaterra, depois seguiu para Cornwall College, onde se especializou na l\u00edngua inglesa.<\/p>\n<p>Trabalhou como recepcionista em um navio cruzeiro, M\/S Leeward da companhia Norwegian Cruise Line e avan\u00e7ou ainda mais em seus conhecimentos culturais e lingu\u00edsticos.<\/p>\n<p>Com o grande desejo de adquirir toda a experi\u00eancia poss\u00edvel, decidiu passar uma temporada na Espanha at\u00e9 se mudar para Nerja, Andaluzia, pr\u00f3ximo de M\u00e1laga, e foi l\u00e1 que iniciou sua carreira de guia de turismo. Seu trabalho come\u00e7ou fazer tours com turistas brit\u00e2nicos em Gibraltar, Marbella, Sevilla, C\u00f3rdoba e Granada em 1999.<\/p>\n<p>Ap\u00f3s essa incr\u00edvel jornada pelo mundo afora, decidiu voltar para o Brasil e se dedicar ao turismo. Fez o curso de Guia de Turismo e Hotelaria pelo Senac, reconhecido pela EMBRATUR (Instituto Brasileiro do Turismo), autarquia especial do Minist\u00e9rio do Turismo no Brasil.<\/p>\n<p>Carla Labanca foi uma das primeiras guias de turismo especializada em tours VIPS e com dedica\u00e7\u00e3o exclusiva a clientes de luxo, com roteiros por toda a cidade de S\u00e3o Paulo, desde arte contempor\u00e2nea, arquitetura, moda e design.<\/p>\n<p>Apaixonada pela flora brasileira decidiu ainda estudar Paisagismo e Projetos de Jardins no SENAC, tendo grande experi\u00eancia na \u00e1rea por ter atuado como paisagista na cidade de Atibaia por um bom tempo.<\/p>\n<p>At\u00e9 hoje usa com grande prazer seus conhecimentos paisag\u00edsticos para enriquecer a experi\u00eancia de seus clientes em seus passeios pela cidade, pois a cidade possui diversos lugares de passeios ao ar livre como parques e outras \u00e1reas com viv\u00eancia com a vida selvagem e contato direto com a natureza.<\/p>\n<p>Na \u00faltima volta aos bancos universit\u00e1rios, foi \u00e0 universidade PUC, onde seguiu o curso de Int\u00e9rprete em L\u00edngua Inglesa. Ela tamb\u00e9m tem atuado como int\u00e9rprete de confer\u00eancia e acompanhamento oferecendo o melhor que h\u00e1 quando se trata do assunto em diferentes eventos internacionais realizados na cidade de S\u00e3o Paulo.<\/p>\n<p>Por seu grande amor por S\u00e3o Paulo, seu maior desejo \u00e9 mostrar para o maior n\u00famero de pessoas que a cidade \u00e9 muito mais do que \u00e9 dito e visto nas m\u00eddias, S\u00e3o Paulo \u00e9 hist\u00f3ria e cultura, com paisagens bel\u00edssimas e de tirar o f\u00f4lego. Para ela, seu trabalho significa valorizar o que h\u00e1 de melhor tanto nesta cidade como em todas as outras do Brasil, fazendo isso de um modo diferente, \u00fanico, Proporcionando para seus clientes uma viagem especial, inesquec\u00edvel e incrivelmente exclusiva e luxuosa.[\/vc_column_text][vc_empty_space height=&#8221;25px&#8221;]<a itemprop=\"url\" href=\"#\" target=\"_self\"  class=\"mkdf-btn mkdf-btn-large mkdf-btn-solid\"  >\n    <span class=\"mkdf-btn-text\">ENTRAR EM CONTATO<\/span>\n    <\/a>\t\t<\/div>\n\t<\/div>\n<\/div><\/div>[\/vc_column][\/vc_row][vc_row disable_element=&#8221;yes&#8221; row_content_width=&#8221;grid&#8221; content_text_aligment=&#8221;center&#8221; css=&#8221;.vc_custom_1539602217828{padding-top: 127px !important;padding-bottom: 67px !important;}&#8221; simple_background_color=&#8221;#ff681a&#8221;][vc_column width=&#8221;1\/2&#8243; offset=&#8221;vc_col-md-3&#8243;]<div class=\"mkdf-iwt clearfix  mkdf-iwt-icon-top mkdf-iwt-icon-medium\">\n\t<div class=\"mkdf-iwt-icon\">\n\t\t\t\t\t<a itemprop=\"url\" href=\"#\" target=\"_self\">\n\t\t\t\t\t\t\t\t\t    <span class=\"mkdf-icon-shortcode mkdf-circle   mkdf-icon-medium\" style=\"width: 100px;height: 100px;line-height: 100px;background-color: #ffffff\" data-color=\"#ff681a\">\n                    <span aria-hidden=\"true\" class=\"mkdf-icon-linear-icons lnr lnr-diamond mkdf-icon-element\" style=\"color: #ff681a;font-size:34px\" ><\/span>\n                            <span class=\"mkdf-icon-shortcode-hover-layer\" ><\/span>\n            \n            <\/span>\n\t\t\t\t\t\t\t\t<\/a>\n\t\t\t<\/div>\n\t<div class=\"mkdf-iwt-content\" >\n\t\t\t\t\t<h6 class=\"mkdf-iwt-title\" style=\"color: #ffffff\">\n\t\t\t\t\t\t\t\t\t<a itemprop=\"url\" href=\"#\" target=\"_self\">\n\t\t\t\t\t\t\t\t<span class=\"mkdf-iwt-title-text\">Adventure time<\/span>\n\t\t\t\t\t\t\t\t\t<\/a>\n\t\t\t\t\t\t\t<\/h6>\n\t\t\t\t\t\t\t<p class=\"mkdf-iwt-text\" style=\"color: #ffffff\">Lorem ipsum dolor sit amet, consec adipiscing elit. Etiam fermentum tincidunt.<\/p>\n\t\t\t<\/div>\n<\/div>[vc_empty_space height=&#8221;54px&#8221;][\/vc_column][vc_column width=&#8221;1\/2&#8243; offset=&#8221;vc_col-md-3&#8243;]<div class=\"mkdf-iwt clearfix  mkdf-iwt-icon-top mkdf-iwt-icon-medium\">\n\t<div class=\"mkdf-iwt-icon\">\n\t\t\t\t\t<a itemprop=\"url\" href=\"#\" target=\"_self\">\n\t\t\t\t\t\t\t\t\t    <span class=\"mkdf-icon-shortcode mkdf-circle   mkdf-icon-medium\" style=\"width: 100px;height: 100px;line-height: 100px;background-color: #ffffff\" data-color=\"#ff681a\">\n                    <span aria-hidden=\"true\" class=\"mkdf-icon-linear-icons lnr lnr-pencil mkdf-icon-element\" style=\"color: #ff681a;font-size:34px\" ><\/span>\n                            <span class=\"mkdf-icon-shortcode-hover-layer\" ><\/span>\n            \n            <\/span>\n\t\t\t\t\t\t\t\t<\/a>\n\t\t\t<\/div>\n\t<div class=\"mkdf-iwt-content\" >\n\t\t\t\t\t<h6 class=\"mkdf-iwt-title\" style=\"color: #ffffff\">\n\t\t\t\t\t\t\t\t\t<a itemprop=\"url\" href=\"#\" target=\"_self\">\n\t\t\t\t\t\t\t\t<span class=\"mkdf-iwt-title-text\">Branding projects<\/span>\n\t\t\t\t\t\t\t\t\t<\/a>\n\t\t\t\t\t\t\t<\/h6>\n\t\t\t\t\t\t\t<p class=\"mkdf-iwt-text\" style=\"color: #ffffff\">Lorem ipsum dolor sit amet, consec adipiscing elit. Etiam fermentum tincidunt.<\/p>\n\t\t\t<\/div>\n<\/div>[vc_empty_space height=&#8221;54px&#8221;][\/vc_column][vc_column width=&#8221;1\/2&#8243; offset=&#8221;vc_col-md-3&#8243;]<div class=\"mkdf-iwt clearfix  mkdf-iwt-icon-top mkdf-iwt-icon-medium\">\n\t<div class=\"mkdf-iwt-icon\">\n\t\t\t\t\t<a itemprop=\"url\" href=\"#\" target=\"_self\">\n\t\t\t\t\t\t\t\t\t    <span class=\"mkdf-icon-shortcode mkdf-circle   mkdf-icon-medium\" style=\"width: 100px;height: 100px;line-height: 100px;background-color: #ffffff\" data-color=\"#ff681a\">\n                    <span aria-hidden=\"true\" class=\"mkdf-icon-linear-icons lnr lnr-star mkdf-icon-element\" style=\"color: #ff681a;font-size:34px\" ><\/span>\n                            <span class=\"mkdf-icon-shortcode-hover-layer\" ><\/span>\n            \n            <\/span>\n\t\t\t\t\t\t\t\t<\/a>\n\t\t\t<\/div>\n\t<div class=\"mkdf-iwt-content\" >\n\t\t\t\t\t<h6 class=\"mkdf-iwt-title\" style=\"color: #ffffff\">\n\t\t\t\t\t\t\t\t\t<a itemprop=\"url\" href=\"#\" target=\"_self\">\n\t\t\t\t\t\t\t\t<span class=\"mkdf-iwt-title-text\">Promotion &amp; events<\/span>\n\t\t\t\t\t\t\t\t\t<\/a>\n\t\t\t\t\t\t\t<\/h6>\n\t\t\t\t\t\t\t<p class=\"mkdf-iwt-text\" style=\"color: #ffffff\">Lorem ipsum dolor sit amet, consec adipiscing elit. Etiam fermentum tincidunt.<\/p>\n\t\t\t<\/div>\n<\/div>[vc_empty_space height=&#8221;54px&#8221;][\/vc_column][vc_column width=&#8221;1\/2&#8243; offset=&#8221;vc_col-md-3&#8243;]<div class=\"mkdf-iwt clearfix  mkdf-iwt-icon-top mkdf-iwt-icon-medium\">\n\t<div class=\"mkdf-iwt-icon\">\n\t\t\t\t\t<a itemprop=\"url\" href=\"#\" target=\"_self\">\n\t\t\t\t\t\t\t\t\t    <span class=\"mkdf-icon-shortcode mkdf-circle   mkdf-icon-medium\" style=\"width: 100px;height: 100px;line-height: 100px;background-color: #ffffff\" data-color=\"#ff681a\">\n                    <span aria-hidden=\"true\" class=\"mkdf-icon-linear-icons lnr lnr-bookmark mkdf-icon-element\" style=\"color: #ff681a;font-size:34px\" ><\/span>\n                            <span class=\"mkdf-icon-shortcode-hover-layer\" ><\/span>\n            \n            <\/span>\n\t\t\t\t\t\t\t\t<\/a>\n\t\t\t<\/div>\n\t<div class=\"mkdf-iwt-content\" >\n\t\t\t\t\t<h6 class=\"mkdf-iwt-title\" style=\"color: #ffffff\">\n\t\t\t\t\t\t\t\t\t<a itemprop=\"url\" href=\"#\" target=\"_self\">\n\t\t\t\t\t\t\t\t<span class=\"mkdf-iwt-title-text\">Color it all<\/span>\n\t\t\t\t\t\t\t\t\t<\/a>\n\t\t\t\t\t\t\t<\/h6>\n\t\t\t\t\t\t\t<p class=\"mkdf-iwt-text\" style=\"color: #ffffff\">Lorem ipsum dolor sit amet, consec adipiscing elit. Etiam fermentum tincidunt.<\/p>\n\t\t\t<\/div>\n<\/div>[vc_empty_space height=&#8221;54px&#8221;][\/vc_column][\/vc_row][vc_row disable_element=&#8221;yes&#8221; css=&#8221;.vc_custom_1539602224983{padding-top: 70px !important;padding-bottom: 115px !important;background-color: #f8f8f8 !important;}&#8221;][vc_column][vc_row_inner row_content_width=&#8221;grid&#8221;][vc_column_inner]<div class=\"mkdf-elements-holder   mkdf-one-column  mkdf-responsive-mode-768 \" ><div class=\"mkdf-eh-item   mkdf-horizontal-alignment-center \"  data-item-class=\"mkdf-eh-custom-6189\" data-768-1024=\"0 7% 0 7%\" data-680-768=\"0 8% 0 8%\" data-680=\"0 0% 0 0%\">\n\t<div class=\"mkdf-eh-item-inner\">\n\t\t<div class=\"mkdf-eh-item-content mkdf-eh-custom-6189\" style=\"padding: 0 15% 0 15%\">\n\t\t\t<div class=\"mkdf-section-title-holder  \" style=\"text-align: center\">\n\t<div class=\"mkdf-st-inner\">\n\t\t\t\t\t<h5 class=\"mkdf-st-subtitle\" >\n\t\t\t\tModern &amp; Beautiful\t\t\t<\/h5>\n\t\t\t\t\t\t\t<h3 class=\"mkdf-st-title\" >\n\t\t\t\tMost Popular Adventures We Have\t\t\t<\/h3>\n\t\t\t\t\t\t\t<p class=\"mkdf-st-text\" >\n\t\t\t\tLorem ipsum dolor sit amet, consectetur adipiscing elit. Morbi posuere tempor mauris, nec imperdiet mi rutrum eget. Donec quis ligula in tellus dictum consequat. \t\t\t<\/p>\n\t\t\t<\/div>\n<\/div>\t\t<\/div>\n\t<\/div>\n<\/div><\/div>[vc_empty_space height=&#8221;47px&#8221;]<div class=\"mkdf-tours-carousel-holder mkdf-carousel-pagination\">\n\t<div class=\"mkdf-tours-row mkdf-tr-normal-space mkdf-has-label\">\n\t    \t        <p>No tours match your criteria<\/p>\n\t    \t    \t<\/div>\n<\/div>[\/vc_column_inner][\/vc_row_inner][\/vc_column][\/vc_row][vc_row disable_element=&#8221;yes&#8221; parallax_background_image=&#8221;132&#8243;][vc_column]<div class=\"mkdf-elements-holder   mkdf-two-columns  mkdf-responsive-mode-768 \" ><div class=\"mkdf-eh-item    \"  data-item-class=\"mkdf-eh-custom-5214\" data-1280-1600=\"0 0% 40px 30%\" data-1024-1280=\"0 0% 30px 19%\" data-768-1024=\"0 0% 40px 11%\" data-680-768=\"90px 0% 30px 11%\" data-680=\"90px 9% 10px \">\n\t<div class=\"mkdf-eh-item-inner\">\n\t\t<div class=\"mkdf-eh-item-content mkdf-eh-custom-5214\" style=\"padding: 0 0% 30px 40%\">\n\t\t\t[vc_single_image image=&#8221;116&#8243; img_size=&#8221;full&#8221;]\t\t<\/div>\n\t<\/div>\n<\/div><div class=\"mkdf-eh-item    \"  data-item-class=\"mkdf-eh-custom-4541\" data-1280-1600=\"54px 29% 115px 3%\" data-1024-1280=\"61px 14% 113px 4%\" data-768-1024=\"35px 5% 115px 5%\" data-680-768=\"35px 8% 115px 12%\" data-680=\"35px 8% 115px 12%\">\n\t<div class=\"mkdf-eh-item-inner\">\n\t\t<div class=\"mkdf-eh-item-content mkdf-eh-custom-4541\" style=\"padding: 54px 29% 115px 3%\">\n\t\t\t<h2 class=\"mkdf-custom-font-holder  mkdf-cf-8316  \" style=\"font-family: Montserrat;font-size: 50px;line-height: 70px;font-weight: 600;letter-spacing: -1px;text-align: left;color: #ffffff;margin: 0 0 0 0\" data-item-class=\"mkdf-cf-8316\">\n\tLast Minute Offer<\/h2><h2 class=\"mkdf-custom-font-holder  mkdf-cf-9334  \" style=\"font-family: Playfair Display;font-size: 20px;line-height: 25px;font-weight: 400;font-style: italic;text-align: left;color: #ffffff;margin: 0 0 0 0\" data-item-class=\"mkdf-cf-9334\">\n\tAerial view of Cape Town with Cape Town Stadium<\/h2>[vc_empty_space height=&#8221;10px&#8221;][vc_column_text]<span style=\"color: #ffffff;\">Lorem ipsum dolor sit amet, consectetur adipiscing elit. Aliquam hendrerit felis sit amet turpis vehicula convallis. Ut ac tellus velit. Nulla mollis sollicitudin lacus id ornare. Phasellus laoreet nulla et nulla sagittis, sit amet cursus urna mollis.<\/span>[\/vc_column_text][vc_empty_space]<a itemprop=\"url\" href=\"#\" target=\"_self\" style=\"color: #ff681a;background-color: #ffffff\" class=\"mkdf-btn mkdf-btn-large mkdf-btn-solid\"  >\n    <span class=\"mkdf-btn-text\">Buy Theme<\/span>\n    <\/a>\t\t<\/div>\n\t<\/div>\n<\/div><\/div>[\/vc_column][\/vc_row]<\/p>\n","protected":false},"excerpt":{"rendered":"<p>[vc_row][vc_column][vc_empty_space height=&#8221;35px&#8221;][vc_column_text] Int\u00e9rprete [\/vc_column_text][vc_empty_space height=&#8221;20px&#8221;][\/vc_column][\/vc_row][vc_row css=&#8221;.vc_custom_1539640051128{padding-top: 25px !important;}&#8221;][vc_column width=&#8221;1\/2&#8243;][vc_empty_space height=&#8221;20px&#8221;][vc_column_text] Carla Pettersen, al\u00e9m de Personal Guider credenciada pela Embratur, tamb\u00e9m \u00e9 Int\u00e9rprete de Confer\u00eancia, em Lingua Inglesa, com forma\u00e7\u00e3o pela PUC-S\u00e3o Paulo. Essa \u00e9 uma especializa\u00e7\u00e3o que foi capaz de [&hellip;]<\/p>\n","protected":false},"author":1,"featured_media":0,"parent":0,"menu_order":0,"comment_status":"closed","ping_status":"closed","template":"","meta":{"footnotes":""},"class_list":["post-6927","page","type-page","status-publish","hentry"],"_links":{"self":[{"href":"https:\/\/carlapettersen.com.br\/pt-br\/wp-json\/wp\/v2\/pages\/6927","targetHints":{"allow":["GET"]}}],"collection":[{"href":"https:\/\/carlapettersen.com.br\/pt-br\/wp-json\/wp\/v2\/pages"}],"about":[{"href":"https:\/\/carlapettersen.com.br\/pt-br\/wp-json\/wp\/v2\/types\/page"}],"author":[{"embeddable":true,"href":"https:\/\/carlapettersen.com.br\/pt-br\/wp-json\/wp\/v2\/users\/1"}],"replies":[{"embeddable":true,"href":"https:\/\/carlapettersen.com.br\/pt-br\/wp-json\/wp\/v2\/comments?post=6927"}],"version-history":[{"count":0,"href":"https:\/\/carlapettersen.com.br\/pt-br\/wp-json\/wp\/v2\/pages\/6927\/revisions"}],"wp:attachment":[{"href":"https:\/\/carlapettersen.com.br\/pt-br\/wp-json\/wp\/v2\/media?parent=6927"}],"curies":[{"name":"wp","href":"https:\/\/api.w.org\/{rel}","templated":true}]}}